{"id":24410,"date":"2022-03-29T19:21:19","date_gmt":"2022-03-29T17:21:19","guid":{"rendered":"https:\/\/poppers-online.ch\/?post_type=product&#038;p=24410"},"modified":"2025-10-23T12:39:30","modified_gmt":"2025-10-23T10:39:30","slug":"wings-black-poppers-limited-edition-10ml","status":"publish","type":"product","link":"https:\/\/dev.poppers-online.ch\/en\/product\/wings-black-poppers-limited-edition-10ml\/","title":{"rendered":"Wings Black Poppers Limited Edition 10ml"},"content":{"rendered":"<p><span data-sheets-value=\"{&quot;1&quot;:2,&quot;2&quot;:&quot;The Wings Black Poppers 10ml is back in a limited edition. Originally, the name goes back to the Wings magazine by Mister B. Wings Poppers gives you not only wings, but real flights of fancy. This is ensured by the base of the Canadian Pentyl Formula from the manufacturer Lockerroom from Canada.&quot;}\" data-sheets-userformat=\"{&quot;2&quot;:515,&quot;3&quot;:{&quot;1&quot;:0},&quot;4&quot;:{&quot;1&quot;:2,&quot;2&quot;:65535},&quot;12&quot;:0}\">The Wings Black Poppers 10ml is back in a limited edition. Originally, the name goes back to the Wings magazine by Mister B. Wings Poppers gives you not only wings, but real flights of fancy. This is ensured by the base of the Canadian Pentyl Formula from the manufacturer Lockerroom from Canada.<\/span><\/p>\n<div id=\"a36bb854c610d44-autofill-overlay-host\" class=\"a36bb854c610d44-autofill-overlay-host\" style=\"position: absolute; z-index: 10; top: 0px; left: 0px; width: 0;\">\n<div style=\"display: hidden;\"><\/div>\n<\/div>\n","protected":false},"excerpt":{"rendered":"<p><span data-sheets-value=\"{\"1\":2,\"2\":\"Das Wings Black Poppers 10ml ist zur\u00fcck in einer Limited Edition. Urspr\u00fcnglich geht der Name auf das Wings Magazin von Mister B zur\u00fcck. Wings Poppers verleiht Dir nicht nur Fl\u00fcgel, sondern regelrechte H\u00f6henfl\u00fcge. Daf\u00fcr sorgt die Basis der Canadian Pentyl Formula vom Hersteller Lockerroom aus Canada.\"}\" data-sheets-userformat=\"{\"2\":515,\"3\":{\"1\":0},\"4\":{\"1\":2,\"2\":65535},\"12\":0}\">The Wings Black Poppers Limited Edition 10ml is back in a limited edition. Originally, the name goes back to Mister B&#8217;s Wings magazine. Wings Poppers gives you not only wings, but real flights of fancy. This is ensured by the basis of the Canadian Pentyl Formula from the manufacturer Lockerroom from Canada.<\/span><\/p>\n","protected":false},"featured_media":136958,"comment_status":"open","ping_status":"closed","template":"","meta":{"_acf_changed":false,"_glsr_average":0,"_glsr_ranking":0,"_glsr_reviews":0},"product_brand":[],"product_cat":[72],"product_tag":[],"class_list":{"0":"post-24410","1":"product","2":"type-product","3":"status-publish","4":"has-post-thumbnail","6":"product_cat-small-bottles","7":"pa_flaschenform-round-small","8":"pa_gewindegroesse-small","9":"pa_inhalt-10ml","10":"pa_inhaltsstoffe-canadian-pentyl-formula","11":"pa_marke-lockerroom-poppers","12":"pa_staerke-65","14":"first","15":"instock","16":"taxable","17":"shipping-taxable","18":"purchasable","19":"product-type-simple"},"acf":[],"_links":{"self":[{"href":"https:\/\/dev.poppers-online.ch\/en\/wp-json\/wp\/v2\/product\/24410","targetHints":{"allow":["GET"]}}],"collection":[{"href":"https:\/\/dev.poppers-online.ch\/en\/wp-json\/wp\/v2\/product"}],"about":[{"href":"https:\/\/dev.poppers-online.ch\/en\/wp-json\/wp\/v2\/types\/product"}],"replies":[{"embeddable":true,"href":"https:\/\/dev.poppers-online.ch\/en\/wp-json\/wp\/v2\/comments?post=24410"}],"wp:featuredmedia":[{"embeddable":true,"href":"https:\/\/dev.poppers-online.ch\/en\/wp-json\/wp\/v2\/media\/136958"}],"wp:attachment":[{"href":"https:\/\/dev.poppers-online.ch\/en\/wp-json\/wp\/v2\/media?parent=24410"}],"wp:term":[{"taxonomy":"product_brand","embeddable":true,"href":"https:\/\/dev.poppers-online.ch\/en\/wp-json\/wp\/v2\/product_brand?post=24410"},{"taxonomy":"product_cat","embeddable":true,"href":"https:\/\/dev.poppers-online.ch\/en\/wp-json\/wp\/v2\/product_cat?post=24410"},{"taxonomy":"product_tag","embeddable":true,"href":"https:\/\/dev.poppers-online.ch\/en\/wp-json\/wp\/v2\/product_tag?post=24410"}],"curies":[{"name":"wp","href":"https:\/\/api.w.org\/{rel}","templated":true}]}}