{"id":2212,"date":"2021-09-17T17:11:16","date_gmt":"2021-09-17T15:11:16","guid":{"rendered":"https:\/\/poppers.novatask.biz\/expedition\/"},"modified":"2025-08-14T12:14:42","modified_gmt":"2025-08-14T10:14:42","slug":"expedition","status":"publish","type":"page","link":"https:\/\/dev.poppers-online.ch\/fr\/expedition\/","title":{"rendered":"exp\u00e9dition"},"content":{"rendered":"\t\t<div data-elementor-type=\"wp-page\" data-elementor-id=\"2212\" class=\"elementor elementor-2212 elementor-263\" data-elementor-post-type=\"page\">\n\t\t\t\t\t\t<section class=\"elementor-section elementor-top-section elementor-element elementor-element-1cfecbb elementor-section-boxed elementor-section-height-default elementor-section-height-default\" data-id=\"1cfecbb\" data-element_type=\"section\">\n\t\t\t\t\t\t<div class=\"elementor-container elementor-column-gap-default\">\n\t\t\t\t\t<div class=\"elementor-column elementor-col-100 elementor-top-column elementor-element elementor-element-936b174\" data-id=\"936b174\" data-element_type=\"column\">\n\t\t\t<div class=\"elementor-widget-wrap elementor-element-populated\">\n\t\t\t\t\t\t<div class=\"elementor-element elementor-element-e44d74d elementor-widget elementor-widget-heading\" data-id=\"e44d74d\" data-element_type=\"widget\" data-widget_type=\"heading.default\">\n\t\t\t\t<div class=\"elementor-widget-container\">\n\t\t\t\t\t<h1 class=\"elementor-heading-title elementor-size-default\">Exp\u00e9dition de poppers depuis la Suisse \/ Service Pick-Up<\/h1>\t\t\t\t<\/div>\n\t\t\t\t<\/div>\n\t\t\t\t\t<\/div>\n\t\t<\/div>\n\t\t\t\t\t<\/div>\n\t\t<\/section>\n\t\t\t\t<section class=\"elementor-section elementor-top-section elementor-element elementor-element-99387da elementor-section-boxed elementor-section-height-default elementor-section-height-default\" data-id=\"99387da\" data-element_type=\"section\">\n\t\t\t\t\t\t<div class=\"elementor-container elementor-column-gap-default\">\n\t\t\t\t\t<div class=\"elementor-column elementor-col-100 elementor-top-column elementor-element elementor-element-f8dab93\" data-id=\"f8dab93\" data-element_type=\"column\">\n\t\t\t<div class=\"elementor-widget-wrap elementor-element-populated\">\n\t\t\t\t\t\t<div class=\"elementor-element elementor-element-a437767 elementor-widget elementor-widget-heading\" data-id=\"a437767\" data-element_type=\"widget\" data-widget_type=\"heading.default\">\n\t\t\t\t<div class=\"elementor-widget-container\">\n\t\t\t\t\t<h2 class=\"elementor-heading-title elementor-size-default\">Livraison depuis la Suisse<\/h2>\t\t\t\t<\/div>\n\t\t\t\t<\/div>\n\t\t\t\t<div class=\"elementor-element elementor-element-90f6749 elementor-widget elementor-widget-text-editor\" data-id=\"90f6749\" data-element_type=\"widget\" data-widget_type=\"text-editor.default\">\n\t\t\t\t<div class=\"elementor-widget-container\">\n\t\t\t\t\t\t\t\t\t<p>Nous livrons les poppers exclusivement depuis la Suisse par la Poste Suisse. Ainsi, tu \u00e9vites tout probl\u00e8me douanier et ton colis arrive rapidement, en 1 \u00e0 2 jours ouvrables.<\/p>\t\t\t\t\t\t\t\t<\/div>\n\t\t\t\t<\/div>\n\t\t\t\t\t<\/div>\n\t\t<\/div>\n\t\t\t\t\t<\/div>\n\t\t<\/section>\n\t\t\t\t<section class=\"elementor-section elementor-top-section elementor-element elementor-element-e320c09 elementor-section-boxed elementor-section-height-default elementor-section-height-default\" data-id=\"e320c09\" data-element_type=\"section\">\n\t\t\t\t\t\t<div class=\"elementor-container elementor-column-gap-default\">\n\t\t\t\t\t<div class=\"elementor-column elementor-col-100 elementor-top-column elementor-element elementor-element-1c08628\" data-id=\"1c08628\" data-element_type=\"column\">\n\t\t\t<div class=\"elementor-widget-wrap elementor-element-populated\">\n\t\t\t\t\t\t<div class=\"elementor-element elementor-element-5441575 elementor-widget elementor-widget-heading\" data-id=\"5441575\" data-element_type=\"widget\" data-widget_type=\"heading.default\">\n\t\t\t\t<div class=\"elementor-widget-container\">\n\t\t\t\t\t<h2 class=\"elementor-heading-title elementor-size-default\">D\u00e9lais d\u2019exp\u00e9dition<\/h2>\t\t\t\t<\/div>\n\t\t\t\t<\/div>\n\t\t\t\t<div class=\"elementor-element elementor-element-e1cc8d5 elementor-widget elementor-widget-text-editor\" data-id=\"e1cc8d5\" data-element_type=\"widget\" data-widget_type=\"text-editor.default\">\n\t\t\t\t<div class=\"elementor-widget-container\">\n\t\t\t\t\t\t\t\t\t<p>Ton colis part le jour de r\u00e9ception du paiement. Pour les paiements par carte bancaire et TWINT, c\u2019est le jour m\u00eame de ta commande. Toutes nos exp\u00e9ditions se font par courrier A, garantissant une livraison en 1 jour ouvrable.<\/p>\t\t\t\t\t\t\t\t<\/div>\n\t\t\t\t<\/div>\n\t\t\t\t<div class=\"elementor-element elementor-element-85cbf1f elementor-widget elementor-widget-text-editor\" data-id=\"85cbf1f\" data-element_type=\"widget\" data-widget_type=\"text-editor.default\">\n\t\t\t\t<div class=\"elementor-widget-container\">\n\t\t\t\t\t\t\t\t\t<p><strong>Exemple<\/strong> : Si tu commandes par carte le lundi matin, tu re\u00e7ois ton colis chez toi le mardi.<\/p>\t\t\t\t\t\t\t\t<\/div>\n\t\t\t\t<\/div>\n\t\t\t\t\t<\/div>\n\t\t<\/div>\n\t\t\t\t\t<\/div>\n\t\t<\/section>\n\t\t\t\t<section class=\"elementor-section elementor-top-section elementor-element elementor-element-7d98b21 elementor-section-boxed elementor-section-height-default elementor-section-height-default\" data-id=\"7d98b21\" data-element_type=\"section\">\n\t\t\t\t\t\t<div class=\"elementor-container elementor-column-gap-default\">\n\t\t\t\t\t<div class=\"elementor-column elementor-col-100 elementor-top-column elementor-element elementor-element-1d43de8\" data-id=\"1d43de8\" data-element_type=\"column\">\n\t\t\t<div class=\"elementor-widget-wrap elementor-element-populated\">\n\t\t\t\t\t\t<div class=\"elementor-element elementor-element-abb95d9 elementor-widget elementor-widget-heading\" data-id=\"abb95d9\" data-element_type=\"widget\" data-widget_type=\"heading.default\">\n\t\t\t\t<div class=\"elementor-widget-container\">\n\t\t\t\t\t<h2 class=\"elementor-heading-title elementor-size-default\">Coursier Poppers<\/h2>\t\t\t\t<\/div>\n\t\t\t\t<\/div>\n\t\t\t\t<div class=\"elementor-element elementor-element-1300374 elementor-widget elementor-widget-text-editor\" data-id=\"1300374\" data-element_type=\"widget\" data-widget_type=\"text-editor.default\">\n\t\t\t\t<div class=\"elementor-widget-container\">\n\t\t\t\t\t\t\t\t\t<p>Si la discr\u00e9tion est ta priorit\u00e9 et que tu ne peux pas recevoir un paquet chez toi, nous te recommandons notre service de livraison par coursier dans toute la Suisse : poppers-kurier.ch<\/p>\t\t\t\t\t\t\t\t<\/div>\n\t\t\t\t<\/div>\n\t\t\t\t\t<\/div>\n\t\t<\/div>\n\t\t\t\t\t<\/div>\n\t\t<\/section>\n\t\t\t\t<section class=\"elementor-section elementor-top-section elementor-element elementor-element-8d2ee0b elementor-section-boxed elementor-section-height-default elementor-section-height-default\" data-id=\"8d2ee0b\" data-element_type=\"section\">\n\t\t\t\t\t\t<div class=\"elementor-container elementor-column-gap-default\">\n\t\t\t\t\t<div class=\"elementor-column elementor-col-100 elementor-top-column elementor-element elementor-element-aefcb15\" data-id=\"aefcb15\" data-element_type=\"column\">\n\t\t\t<div class=\"elementor-widget-wrap elementor-element-populated\">\n\t\t\t\t\t\t<div class=\"elementor-element elementor-element-8fd3059 elementor-widget elementor-widget-heading\" data-id=\"8fd3059\" data-element_type=\"widget\" data-widget_type=\"heading.default\">\n\t\t\t\t<div class=\"elementor-widget-container\">\n\t\t\t\t\t<h2 class=\"elementor-heading-title elementor-size-default\">Service Pick-Up<\/h2>\t\t\t\t<\/div>\n\t\t\t\t<\/div>\n\t\t\t\t<div class=\"elementor-element elementor-element-a638722 elementor-widget elementor-widget-text-editor\" data-id=\"a638722\" data-element_type=\"widget\" data-widget_type=\"text-editor.default\">\n\t\t\t\t<div class=\"elementor-widget-container\">\n\t\t\t\t\t\t\t\t\t<p>Si tu habites Zurich ou l\u2019agglom\u00e9ration zurichoise, tu peux profiter de notre service Pick-Up. Id\u00e9al si tu es press\u00e9(e), notamment le week-end (commande minimum : CHF 80.-).<\/p>\t\t\t\t\t\t\t\t<\/div>\n\t\t\t\t<\/div>\n\t\t\t\t\t<\/div>\n\t\t<\/div>\n\t\t\t\t\t<\/div>\n\t\t<\/section>\n\t\t\t\t<section class=\"elementor-section elementor-top-section elementor-element elementor-element-a17e7ba elementor-section-boxed elementor-section-height-default elementor-section-height-default\" data-id=\"a17e7ba\" data-element_type=\"section\">\n\t\t\t\t\t\t<div class=\"elementor-container elementor-column-gap-default\">\n\t\t\t\t\t<div class=\"elementor-column elementor-col-100 elementor-top-column elementor-element elementor-element-af34b0e\" data-id=\"af34b0e\" data-element_type=\"column\">\n\t\t\t<div class=\"elementor-widget-wrap elementor-element-populated\">\n\t\t\t\t\t\t<div class=\"elementor-element elementor-element-d8342ba elementor-widget elementor-widget-heading\" data-id=\"d8342ba\" data-element_type=\"widget\" data-widget_type=\"heading.default\">\n\t\t\t\t<div class=\"elementor-widget-container\">\n\t\t\t\t\t<h2 class=\"elementor-heading-title elementor-size-default\">Livraisons en France<\/h2>\t\t\t\t<\/div>\n\t\t\t\t<\/div>\n\t\t\t\t<div class=\"elementor-element elementor-element-40ce466 elementor-widget elementor-widget-text-editor\" data-id=\"40ce466\" data-element_type=\"widget\" data-widget_type=\"text-editor.default\">\n\t\t\t\t<div class=\"elementor-widget-container\">\n\t\t\t\t\t\t\t\t\t<p>L\u2019exp\u00e9dition vers la France est effectu\u00e9e par DHL depuis la Communaut\u00e9 europ\u00e9enne.<\/p>\t\t\t\t\t\t\t\t<\/div>\n\t\t\t\t<\/div>\n\t\t\t\t\t<\/div>\n\t\t<\/div>\n\t\t\t\t\t<\/div>\n\t\t<\/section>\n\t\t\t\t<section class=\"elementor-section elementor-top-section elementor-element elementor-element-ed26ae7 elementor-section-boxed elementor-section-height-default elementor-section-height-default\" data-id=\"ed26ae7\" data-element_type=\"section\">\n\t\t\t\t\t\t<div class=\"elementor-container elementor-column-gap-default\">\n\t\t\t\t\t<div class=\"elementor-column elementor-col-100 elementor-top-column elementor-element elementor-element-8537924\" data-id=\"8537924\" data-element_type=\"column\">\n\t\t\t<div class=\"elementor-widget-wrap elementor-element-populated\">\n\t\t\t\t\t\t<div class=\"elementor-element elementor-element-862a2fd elementor-widget elementor-widget-heading\" data-id=\"862a2fd\" data-element_type=\"widget\" data-widget_type=\"heading.default\">\n\t\t\t\t<div class=\"elementor-widget-container\">\n\t\t\t\t\t<h2 class=\"elementor-heading-title elementor-size-default\">Emballage discret<\/h2>\t\t\t\t<\/div>\n\t\t\t\t<\/div>\n\t\t\t\t<div class=\"elementor-element elementor-element-582e08b elementor-widget elementor-widget-text-editor\" data-id=\"582e08b\" data-element_type=\"widget\" data-widget_type=\"text-editor.default\">\n\t\t\t\t<div class=\"elementor-widget-container\">\n\t\t\t\t\t\t\t\t\t<p>Nous exp\u00e9dions toujours nos colis de mani\u00e8re neutre, sans aucune publicit\u00e9 sur l\u2019emballage. L\u2019exp\u00e9diteur indiqu\u00e9 est Oxymoron AG. Ainsi, nous prot\u00e9geons ta vie priv\u00e9e.<\/p>\t\t\t\t\t\t\t\t<\/div>\n\t\t\t\t<\/div>\n\t\t\t\t\t<\/div>\n\t\t<\/div>\n\t\t\t\t\t<\/div>\n\t\t<\/section>\n\t\t\t\t<section class=\"elementor-section elementor-top-section elementor-element elementor-element-21e3e44 elementor-section-boxed elementor-section-height-default elementor-section-height-default\" data-id=\"21e3e44\" data-element_type=\"section\">\n\t\t\t\t\t\t<div class=\"elementor-container elementor-column-gap-default\">\n\t\t\t\t\t<div class=\"elementor-column elementor-col-100 elementor-top-column elementor-element elementor-element-032f098\" data-id=\"032f098\" data-element_type=\"column\">\n\t\t\t<div class=\"elementor-widget-wrap elementor-element-populated\">\n\t\t\t\t\t\t<div class=\"elementor-element elementor-element-27c7dc0 elementor-widget elementor-widget-heading\" data-id=\"27c7dc0\" data-element_type=\"widget\" data-widget_type=\"heading.default\">\n\t\t\t\t<div class=\"elementor-widget-container\">\n\t\t\t\t\t<h2 class=\"elementor-heading-title elementor-size-default\">Protection du produit<\/h2>\t\t\t\t<\/div>\n\t\t\t\t<\/div>\n\t\t\t\t<div class=\"elementor-element elementor-element-fb3d0fb elementor-widget elementor-widget-text-editor\" data-id=\"fb3d0fb\" data-element_type=\"widget\" data-widget_type=\"text-editor.default\">\n\t\t\t\t<div class=\"elementor-widget-container\">\n\t\t\t\t\t\t\t\t\t<p>Les poppers sont solidement emball\u00e9s dans un sac ZIP avec filet de protection et\/ou flo-pack. De cette fa\u00e7on, nous prot\u00e9geons les poppers des fuites et des mauvaises odeurs lors de la livraison.<\/p>\t\t\t\t\t\t\t\t<\/div>\n\t\t\t\t<\/div>\n\t\t\t\t\t<\/div>\n\t\t<\/div>\n\t\t\t\t\t<\/div>\n\t\t<\/section>\n\t\t\t\t<section class=\"elementor-section elementor-top-section elementor-element elementor-element-3d72f18 elementor-section-boxed elementor-section-height-default elementor-section-height-default\" data-id=\"3d72f18\" data-element_type=\"section\">\n\t\t\t\t\t\t<div class=\"elementor-container elementor-column-gap-default\">\n\t\t\t\t\t<div class=\"elementor-column elementor-col-50 elementor-top-column elementor-element elementor-element-bbcb02f\" data-id=\"bbcb02f\" data-element_type=\"column\">\n\t\t\t<div class=\"elementor-widget-wrap elementor-element-populated\">\n\t\t\t\t\t\t<div class=\"elementor-element elementor-element-1361f63 elementor-widget elementor-widget-image\" data-id=\"1361f63\" data-element_type=\"widget\" data-widget_type=\"image.default\">\n\t\t\t\t<div class=\"elementor-widget-container\">\n\t\t\t\t\t\t\t\t\t\t\t\t\t\t\t<img fetchpriority=\"high\" decoding=\"async\" width=\"800\" height=\"800\" src=\"https:\/\/dev.poppers-online.ch\/wp-content\/uploads\/poppers-versand-2.jpg\" class=\"attachment-large size-large wp-image-2214\" alt=\"poppers-versand-2\" srcset=\"https:\/\/dev.poppers-online.ch\/wp-content\/uploads\/poppers-versand-2.jpg 800w, https:\/\/dev.poppers-online.ch\/wp-content\/uploads\/poppers-versand-2-100x100.jpg 100w, https:\/\/dev.poppers-online.ch\/wp-content\/uploads\/poppers-versand-2-64x64.jpg 64w, https:\/\/dev.poppers-online.ch\/wp-content\/uploads\/poppers-versand-2-600x600.jpg 600w, https:\/\/dev.poppers-online.ch\/wp-content\/uploads\/poppers-versand-2-300x300.jpg 300w, https:\/\/dev.poppers-online.ch\/wp-content\/uploads\/poppers-versand-2-150x150.jpg 150w, https:\/\/dev.poppers-online.ch\/wp-content\/uploads\/poppers-versand-2-768x768.jpg 768w\" sizes=\"(max-width: 800px) 100vw, 800px\" \/>\t\t\t\t\t\t\t\t\t\t\t\t\t\t\t<\/div>\n\t\t\t\t<\/div>\n\t\t\t\t\t<\/div>\n\t\t<\/div>\n\t\t\t\t<div class=\"elementor-column elementor-col-50 elementor-top-column elementor-element elementor-element-49b7215\" data-id=\"49b7215\" data-element_type=\"column\">\n\t\t\t<div class=\"elementor-widget-wrap elementor-element-populated\">\n\t\t\t\t\t\t<div class=\"elementor-element elementor-element-0e25e2e elementor-widget elementor-widget-image\" data-id=\"0e25e2e\" data-element_type=\"widget\" data-widget_type=\"image.default\">\n\t\t\t\t<div class=\"elementor-widget-container\">\n\t\t\t\t\t\t\t\t\t\t\t\t\t\t\t<img decoding=\"async\" width=\"800\" height=\"800\" src=\"https:\/\/dev.poppers-online.ch\/wp-content\/uploads\/poppers-versand-1.jpg\" class=\"attachment-large size-large wp-image-2213\" alt=\"Livraison de poppers depuis la Suisse\" srcset=\"https:\/\/dev.poppers-online.ch\/wp-content\/uploads\/poppers-versand-1.jpg 800w, https:\/\/dev.poppers-online.ch\/wp-content\/uploads\/poppers-versand-1-100x100.jpg 100w, https:\/\/dev.poppers-online.ch\/wp-content\/uploads\/poppers-versand-1-64x64.jpg 64w, https:\/\/dev.poppers-online.ch\/wp-content\/uploads\/poppers-versand-1-600x600.jpg 600w, https:\/\/dev.poppers-online.ch\/wp-content\/uploads\/poppers-versand-1-300x300.jpg 300w, https:\/\/dev.poppers-online.ch\/wp-content\/uploads\/poppers-versand-1-150x150.jpg 150w, https:\/\/dev.poppers-online.ch\/wp-content\/uploads\/poppers-versand-1-768x768.jpg 768w\" sizes=\"(max-width: 800px) 100vw, 800px\" \/>\t\t\t\t\t\t\t\t\t\t\t\t\t\t\t<\/div>\n\t\t\t\t<\/div>\n\t\t\t\t\t<\/div>\n\t\t<\/div>\n\t\t\t\t\t<\/div>\n\t\t<\/section>\n\t\t\t\t<section class=\"elementor-section elementor-top-section elementor-element elementor-element-4ec228d elementor-section-boxed elementor-section-height-default elementor-section-height-default\" data-id=\"4ec228d\" data-element_type=\"section\">\n\t\t\t\t\t\t<div class=\"elementor-container elementor-column-gap-default\">\n\t\t\t\t\t<div class=\"elementor-column elementor-col-100 elementor-top-column elementor-element elementor-element-faaa50a\" data-id=\"faaa50a\" data-element_type=\"column\">\n\t\t\t<div class=\"elementor-widget-wrap elementor-element-populated\">\n\t\t\t\t\t\t<div class=\"elementor-element elementor-element-35fe32d elementor-widget elementor-widget-video\" data-id=\"35fe32d\" data-element_type=\"widget\" data-settings=\"{&quot;youtube_url&quot;:&quot;https:\\\/\\\/youtu.be\\\/HIl0BvWJgno?si=8pgESolrfjyKWoEc&quot;,&quot;video_type&quot;:&quot;youtube&quot;,&quot;controls&quot;:&quot;yes&quot;}\" data-widget_type=\"video.default\">\n\t\t\t\t<div class=\"elementor-widget-container\">\n\t\t\t\t\t\t\t<div class=\"elementor-wrapper elementor-open-inline\">\n\t\t\t<div class=\"elementor-video\"><\/div>\t\t<\/div>\n\t\t\t\t\t\t<\/div>\n\t\t\t\t<\/div>\n\t\t\t\t\t<\/div>\n\t\t<\/div>\n\t\t\t\t\t<\/div>\n\t\t<\/section>\n\t\t\t\t<\/div>\n\t\t","protected":false},"excerpt":{"rendered":"<p>Exp\u00e9dition de poppers depuis la Suisse \/ Service Pick-Up Livraison depuis la Suisse Nous livrons les poppers exclusivement depuis la Suisse par la Poste Suisse. Ainsi, tu \u00e9vites tout probl\u00e8me douanier et ton colis arrive rapidement, en 1 \u00e0 2 jours ouvrables. D\u00e9lais d\u2019exp\u00e9dition Ton colis part le jour de r\u00e9ception du paiement. Pour les [&hellip;]<\/p>\n","protected":false},"author":1,"featured_media":91283,"parent":0,"menu_order":0,"comment_status":"closed","ping_status":"closed","template":"elementor_header_footer","meta":{"_acf_changed":false,"_glsr_average":0,"_glsr_ranking":0,"_glsr_reviews":0,"footnotes":""},"class_list":["post-2212","page","type-page","status-publish","has-post-thumbnail","hentry"],"acf":[],"_links":{"self":[{"href":"https:\/\/dev.poppers-online.ch\/fr\/wp-json\/wp\/v2\/pages\/2212","targetHints":{"allow":["GET"]}}],"collection":[{"href":"https:\/\/dev.poppers-online.ch\/fr\/wp-json\/wp\/v2\/pages"}],"about":[{"href":"https:\/\/dev.poppers-online.ch\/fr\/wp-json\/wp\/v2\/types\/page"}],"author":[{"embeddable":true,"href":"https:\/\/dev.poppers-online.ch\/fr\/wp-json\/wp\/v2\/users\/1"}],"replies":[{"embeddable":true,"href":"https:\/\/dev.poppers-online.ch\/fr\/wp-json\/wp\/v2\/comments?post=2212"}],"version-history":[{"count":0,"href":"https:\/\/dev.poppers-online.ch\/fr\/wp-json\/wp\/v2\/pages\/2212\/revisions"}],"wp:featuredmedia":[{"embeddable":true,"href":"https:\/\/dev.poppers-online.ch\/fr\/wp-json\/wp\/v2\/media\/91283"}],"wp:attachment":[{"href":"https:\/\/dev.poppers-online.ch\/fr\/wp-json\/wp\/v2\/media?parent=2212"}],"curies":[{"name":"wp","href":"https:\/\/api.w.org\/{rel}","templated":true}]}}