{"id":2535,"date":"2021-09-17T18:43:09","date_gmt":"2021-09-17T16:43:09","guid":{"rendered":"https:\/\/poppers.novatask.biz\/conditions\/"},"modified":"2024-03-07T16:34:21","modified_gmt":"2024-03-07T15:34:21","slug":"cgv","status":"publish","type":"page","link":"https:\/\/dev.poppers-online.ch\/fr\/cgv\/","title":{"rendered":"CGV"},"content":{"rendered":"\t\t<div data-elementor-type=\"wp-page\" data-elementor-id=\"2535\" class=\"elementor elementor-2535 elementor-265\" data-elementor-post-type=\"page\">\n\t\t\t\t\t\t<section class=\"elementor-section elementor-top-section elementor-element elementor-element-e15700a elementor-section-boxed elementor-section-height-default elementor-section-height-default\" data-id=\"e15700a\" data-element_type=\"section\">\n\t\t\t\t\t\t<div class=\"elementor-container elementor-column-gap-default\">\n\t\t\t\t\t<div class=\"elementor-column elementor-col-100 elementor-top-column elementor-element elementor-element-08e466d\" data-id=\"08e466d\" data-element_type=\"column\">\n\t\t\t<div class=\"elementor-widget-wrap elementor-element-populated\">\n\t\t\t\t\t\t<div class=\"elementor-element elementor-element-36afcfb elementor-widget elementor-widget-heading\" data-id=\"36afcfb\" data-element_type=\"widget\" data-widget_type=\"heading.default\">\n\t\t\t\t<div class=\"elementor-widget-container\">\n\t\t\t\t\t<h1 class=\"elementor-heading-title elementor-size-default\">Conditions d'utilisation<\/h1>\t\t\t\t<\/div>\n\t\t\t\t<\/div>\n\t\t\t\t\t<\/div>\n\t\t<\/div>\n\t\t\t\t\t<\/div>\n\t\t<\/section>\n\t\t\t\t<section class=\"elementor-section elementor-top-section elementor-element elementor-element-e4a2b77 elementor-section-boxed elementor-section-height-default elementor-section-height-default\" data-id=\"e4a2b77\" data-element_type=\"section\">\n\t\t\t\t\t\t<div class=\"elementor-container elementor-column-gap-default\">\n\t\t\t\t\t<div class=\"elementor-column elementor-col-100 elementor-top-column elementor-element elementor-element-645e094\" data-id=\"645e094\" data-element_type=\"column\">\n\t\t\t<div class=\"elementor-widget-wrap elementor-element-populated\">\n\t\t\t\t\t\t<div class=\"elementor-element elementor-element-3dbbf61 elementor-widget elementor-widget-text-editor\" data-id=\"3dbbf61\" data-element_type=\"widget\" data-widget_type=\"text-editor.default\">\n\t\t\t\t<div class=\"elementor-widget-container\">\n\t\t\t\t\t\t\t\t\t<p>V2 juin 2021<\/p>\n<p><br><\/p>\n<p><strong>G\u00e9n\u00e9ral<\/strong><br>Les conditions g\u00e9n\u00e9rales de vente et de livraison pr\u00e9sent\u00e9es ici constituent la base d&rsquo;une commande d&rsquo;Oxymoron AG, ci-apr\u00e8s d\u00e9nomm\u00e9e Poppers-Online.ch. Les pr\u00e9sentes conditions g\u00e9n\u00e9rales de vente et de livraison s&rsquo;appliquent \u00e0 chaque commande. Ceux-ci peuvent \u00eatre ajust\u00e9s par Poppers-Online.ch \u00e0 tout moment. Poppers-Online.ch est une entreprise suisse bas\u00e9e \u00e0 Baar. Le for juridique est Zoug, Suisse. Les commandes sur Poppers-Online.ch sont soumises au droit suisse.<\/p>\n<p><br><\/p>\n<p><strong>Risques et effets secondaires<\/strong><br>Avec l&rsquo;achat, le client confirme qu&rsquo;il a lu et compris les instructions d&rsquo;utilisation et les avertissements des produits et qu&rsquo;il est conscient des risques et effets secondaires des produits. En particulier, le client confirme qu&rsquo;il sait que l&rsquo;inhalation de nitrites est \u00e9galement nocive pour la sant\u00e9 et que les produits ne doivent en aucun cas \u00eatre bu (danger de mort) ou consomm\u00e9s avec du Viagra, etc. (pression art\u00e9rielle trop basse).<\/p>\n<p><strong><br><\/strong><\/p>\n<p><strong>Protection des mineurs<\/strong><br>Nous ne vendons nos produits qu&rsquo;aux adultes. Pour cette raison, l&rsquo;acheteur confirme \u00e0 chaque achat qu&rsquo;il a au moins 18 ans et qu&rsquo;il conna\u00eet les risques et effets secondaires des produits.&nbsp;En outre, un contr\u00f4le de l&rsquo;\u00e2ge a lieu pendant ou apr\u00e8s le passage en caisse.<\/p>\n<p><br><\/p>\n<p><strong>Avis de non-responsabilit\u00e9 Utilisation du produit<\/strong><br>Le client confirme express\u00e9ment qu&rsquo;il d\u00e9gage Oxymoron AG et toutes les entreprises et personnes directement et indirectement li\u00e9es de toute responsabilit\u00e9 et r\u00e9clamation pour les dommages qui pourraient d\u00e9couler de l&rsquo;utilisation des produits.<\/p>\n<p><strong><br><\/strong><\/p>\n<p><strong>Gamme et prix<\/strong><br>Poppers-Online.ch peut adapter la gamme et sa disponibilit\u00e9 \u00e0 tout moment et sans pr\u00e9avis. Les images des produits et le contenu du site Web sont aussi actuels que possible. En raison de modifications apport\u00e9es \u00e0 l&#8217;emballage et \u00e0 l&rsquo;\u00e9tiquetage, une image du produit sur le site Web peut diff\u00e9rer l\u00e9g\u00e8rement de l&#8217;emballage r\u00e9el. Les prix sont en CHF et incl. la TVA l\u00e9gale.<\/p>\n<p><strong><br><\/strong><\/p>\n<p><strong>Commande<\/strong><br>Chaque commande client est ferme et ne peut \u00eatre annul\u00e9e. L&rsquo;achat intervient lors de l&rsquo;envoi de la confirmation de commande au client. L&rsquo;exp\u00e9dition a lieu au plus tard le jour ouvrable suivant la commande.<\/p>\n<p><strong><br><\/strong><\/p>\n<p><strong>Paiement et retard de paiement<\/strong><br>Le paiement s&rsquo;effectue par pr\u00e9paiement, carte de cr\u00e9dit ou Twint. Poppers-Online.ch peut \u00e9galement travailler avec des prestataires de services d&rsquo;achat sur compte et ainsi c\u00e9der la cr\u00e9ance \u00e0 un tiers. Les conditions par d\u00e9faut du fournisseur de services respectif s&rsquo;appliquent.<\/p>\n<p><strong><br><\/strong><\/p>\n<p><strong>Exp\u00e9dition<\/strong><br>Les produits sont toujours exp\u00e9di\u00e9s de Suisse par courrier A, resp. Priorit\u00e9.<\/p>\n<p><strong><br><\/strong><\/p>\n<p><strong>Echange et garantie<\/strong><br>Un \u00e9change de produit est exclu. En cas de dommage manifeste du transport, une livraison de remplacement sera effectu\u00e9e en tout ou partie gratuitement sur pr\u00e9sentation d&rsquo;une photo. Le client confirme express\u00e9ment qu&rsquo;il d\u00e9gage Oxymoron AG et toutes les entreprises et personnes directement et indirectement li\u00e9es de toute responsabilit\u00e9 et r\u00e9clamation pour dommages qui pourraient d\u00e9couler de l&rsquo;utilisation des produits ou directement ou indirectement par une commande sur Poppers-Online.ch.<\/p><p><br><\/p><p><b>Retour<\/b><br><span style=\"color: var( --e-global-color-text ); font-size: var( --e-global-typography-text-font-size ); font-weight: var( --e-global-typography-text-font-weight );\">Un retour du produit est exclu pour des raisons d&rsquo;hygi\u00e8ne et en raison de la nature des produits.<\/span><\/p>\n<p><strong><br><\/strong><\/p>\n<p><strong>Protection des donn\u00e9es<\/strong><br>Avec l&rsquo;achat, le client accepte express\u00e9ment nos directives de protection des donn\u00e9es. Le client a \u00e9t\u00e9 inform\u00e9 de la nature, de l&rsquo;\u00e9tendue, du lieu, de la finalit\u00e9 de la collecte, du traitement et de l&rsquo;utilisation des donn\u00e9es personnelles n\u00e9cessaires \u00e0 l&rsquo;ex\u00e9cution des commandes.<\/p>\t\t\t\t\t\t\t\t<\/div>\n\t\t\t\t<\/div>\n\t\t\t\t\t<\/div>\n\t\t<\/div>\n\t\t\t\t\t<\/div>\n\t\t<\/section>\n\t\t\t\t<\/div>\n\t\t","protected":false},"excerpt":{"rendered":"<p>Conditions d&rsquo;utilisation V2 juin 2021 G\u00e9n\u00e9ralLes conditions g\u00e9n\u00e9rales de vente et de livraison pr\u00e9sent\u00e9es ici constituent la base d&rsquo;une commande d&rsquo;Oxymoron AG, ci-apr\u00e8s d\u00e9nomm\u00e9e Poppers-Online.ch. Les pr\u00e9sentes conditions g\u00e9n\u00e9rales de vente et de livraison s&rsquo;appliquent \u00e0 chaque commande. Ceux-ci peuvent \u00eatre ajust\u00e9s par Poppers-Online.ch \u00e0 tout moment. Poppers-Online.ch est une entreprise suisse bas\u00e9e \u00e0 Baar. [&hellip;]<\/p>\n","protected":false},"author":1,"featured_media":0,"parent":0,"menu_order":0,"comment_status":"closed","ping_status":"closed","template":"elementor_header_footer","meta":{"_acf_changed":false,"_glsr_average":0,"_glsr_ranking":0,"_glsr_reviews":0,"footnotes":""},"class_list":["post-2535","page","type-page","status-publish","hentry"],"acf":[],"_links":{"self":[{"href":"https:\/\/dev.poppers-online.ch\/fr\/wp-json\/wp\/v2\/pages\/2535","targetHints":{"allow":["GET"]}}],"collection":[{"href":"https:\/\/dev.poppers-online.ch\/fr\/wp-json\/wp\/v2\/pages"}],"about":[{"href":"https:\/\/dev.poppers-online.ch\/fr\/wp-json\/wp\/v2\/types\/page"}],"author":[{"embeddable":true,"href":"https:\/\/dev.poppers-online.ch\/fr\/wp-json\/wp\/v2\/users\/1"}],"replies":[{"embeddable":true,"href":"https:\/\/dev.poppers-online.ch\/fr\/wp-json\/wp\/v2\/comments?post=2535"}],"version-history":[{"count":0,"href":"https:\/\/dev.poppers-online.ch\/fr\/wp-json\/wp\/v2\/pages\/2535\/revisions"}],"wp:attachment":[{"href":"https:\/\/dev.poppers-online.ch\/fr\/wp-json\/wp\/v2\/media?parent=2535"}],"curies":[{"name":"wp","href":"https:\/\/api.w.org\/{rel}","templated":true}]}}