{"id":101574,"date":"2024-09-21T10:49:49","date_gmt":"2024-09-21T09:48:51","guid":{"rendered":"https:\/\/poppers-online.ch\/produkt\/iron-fist-poppers-black-label-10ml\/"},"modified":"2025-11-17T13:43:23","modified_gmt":"2025-11-17T12:43:23","slug":"iron-fist-poppers-black-label-10ml","status":"publish","type":"product","link":"https:\/\/dev.poppers-online.ch\/fr\/produit\/iron-fist-poppers-black-label-10ml\/","title":{"rendered":"Iron Fist Poppers Black Label 10ml"},"content":{"rendered":"","protected":false},"excerpt":{"rendered":"<p>Nous et nos amis Fist l&rsquo;avons attendu longtemps : Le <b>Iron Fist Poppers Black Label 10ml <\/b>est l\u00e0, dans une formule pentyle puissante et, en plus, dans un flacon en aluminium indestructible. Ce poppers puissant est destin\u00e9 \u00e0 tous les experts intr\u00e9pides et aux amateurs de jeux FF et de sessions difficiles. Une fois ouvert, Iron Fist Black Label fait de vous un animal sans retenue qui tressaille apr\u00e8s les grosses bites, les poings et les jouets. Le format de poche pratique dans une bouteille en aluminium l\u00e9g\u00e8re et indestructible se glisse dans une poche de pantalon et vous s\u00e9duira \u00e9galement.<\/p>\n","protected":false},"featured_media":101562,"comment_status":"open","ping_status":"closed","template":"","meta":{"_acf_changed":false,"_glsr_average":0,"_glsr_ranking":0,"_glsr_reviews":0},"product_brand":[],"product_cat":[1046,78],"product_tag":[],"class_list":{"0":"post-101574","1":"product","2":"type-product","3":"status-publish","4":"has-post-thumbnail","6":"product_cat-poppers","7":"product_cat-petits-flacons","8":"pa_flaschenform-rond-petit","9":"pa_gewindegroesse-small","10":"pa_inhalt-10ml","11":"pa_inhaltsstoffe-nitrite-dalcool-isoamylique","12":"pa_marke-fist-poppers","13":"pa_staerke-91","15":"first","16":"instock","17":"taxable","18":"shipping-taxable","19":"purchasable","20":"product-type-simple"},"acf":[],"_links":{"self":[{"href":"https:\/\/dev.poppers-online.ch\/fr\/wp-json\/wp\/v2\/product\/101574","targetHints":{"allow":["GET"]}}],"collection":[{"href":"https:\/\/dev.poppers-online.ch\/fr\/wp-json\/wp\/v2\/product"}],"about":[{"href":"https:\/\/dev.poppers-online.ch\/fr\/wp-json\/wp\/v2\/types\/product"}],"replies":[{"embeddable":true,"href":"https:\/\/dev.poppers-online.ch\/fr\/wp-json\/wp\/v2\/comments?post=101574"}],"wp:featuredmedia":[{"embeddable":true,"href":"https:\/\/dev.poppers-online.ch\/fr\/wp-json\/wp\/v2\/media\/101562"}],"wp:attachment":[{"href":"https:\/\/dev.poppers-online.ch\/fr\/wp-json\/wp\/v2\/media?parent=101574"}],"wp:term":[{"taxonomy":"product_brand","embeddable":true,"href":"https:\/\/dev.poppers-online.ch\/fr\/wp-json\/wp\/v2\/product_brand?post=101574"},{"taxonomy":"product_cat","embeddable":true,"href":"https:\/\/dev.poppers-online.ch\/fr\/wp-json\/wp\/v2\/product_cat?post=101574"},{"taxonomy":"product_tag","embeddable":true,"href":"https:\/\/dev.poppers-online.ch\/fr\/wp-json\/wp\/v2\/product_tag?post=101574"}],"curies":[{"name":"wp","href":"https:\/\/api.w.org\/{rel}","templated":true}]}}