{"id":101621,"date":"2024-09-21T14:14:39","date_gmt":"2024-09-21T13:08:45","guid":{"rendered":"https:\/\/poppers-online.ch\/produkt\/pack-fist-poppers\/"},"modified":"2024-10-24T14:36:17","modified_gmt":"2024-10-24T12:36:17","slug":"pack-fist-poppers","status":"publish","type":"product","link":"https:\/\/dev.poppers-online.ch\/fr\/produit\/pack-fist-poppers\/","title":{"rendered":"Pack Fist Poppers"},"content":{"rendered":"","protected":false},"excerpt":{"rendered":"<p>Vous aimez le fisting ? Avec le nouveau <strong>Fist Poppers Pack<\/strong>, vous \u00eates toujours pr\u00eat pour des moments torrides. Trois poppers ultra-puissants vous garantissent un jeu anal ininterrompu. Le N-Pentanol est la formule id\u00e9ale pour d\u00e9tendre les muscles lisses en profondeur &#8211; ce pack sera votre chemin vers l&rsquo;orgasme anal.   <\/p>\n<p><strong>Fist Poppers Pack se compose de 3 produits Poppers :<\/strong><\/p>\n<p>Nous et nos amis Fist l&rsquo;avons attendu longtemps : Le <b>Iron Fist Poppers Black Label 10ml <\/b>est l\u00e0, dans une formule pentyle puissante et, en plus, dans un flacon en aluminium indestructible. Ce poppers puissant est destin\u00e9 \u00e0 tous les experts intr\u00e9pides et aux amateurs de jeux FF et de sessions difficiles. Une fois ouvert, Iron Fist Black Label fait de vous un animal sans retenue qui tressaille apr\u00e8s les grosses bites, les poings et les jouets. Le format de poche pratique dans une bouteille en aluminium l\u00e9g\u00e8re et indestructible se glisse dans une poche de pantalon et vous s\u00e9duira \u00e9galement.<\/p>\n<p>L&rsquo;<b>Iron Fist Poppers Ultra Strong 10ml et 24ml <\/b>est encore plus fort que l&rsquo;Iron Fist Black Label et repousse toutes les limites de ce que vous pensiez \u00eatre possible. Il contient un nouvel ingr\u00e9dient, le n-pentanol, qui rend le nitrite encore plus fort et encore plus durable. La bouteille en aluminium indestructible prot\u00e8ge le poppers dans toutes les situations. Ce puissant poppers Ultra Strong Fist est destin\u00e9 \u00e0 tous les experts intr\u00e9pides et aux amateurs de jeux FF et de sessions difficiles. Une fois ouvert, Iron Fist Ultra Strong fait de vous un animal sans inhibition qui tressaille apr\u00e8s les grosses bites, les poings et les jouets. Son format de poche pratique, dans une bouteille en aluminium styl\u00e9e, l\u00e9g\u00e8re et indestructible, se glisse dans une poche de pantalon et vous ravira vous aussi.     <\/p>\n","protected":false},"featured_media":102943,"comment_status":"open","ping_status":"closed","template":"","meta":{"_acf_changed":false,"_glsr_average":0,"_glsr_ranking":0,"_glsr_reviews":0},"product_brand":[],"product_cat":[1046,76,77,78],"product_tag":[],"class_list":{"0":"post-101621","1":"product","2":"type-product","3":"status-publish","4":"has-post-thumbnail","6":"product_cat-poppers","7":"product_cat-paquets-economiques","8":"product_cat-grands-flacons","9":"product_cat-petits-flacons","10":"pa_flaschenform-rond-petit","11":"pa_gewindegroesse-small","12":"pa_inhalt-combo","13":"pa_inhalt-24ml","14":"pa_inhalt-10ml","15":"pa_inhaltsstoffe-nitrite-dalcool-isoamylique","16":"pa_inhaltsstoffe-nitrite-de-n-pentanol","17":"pa_marke-fist-poppers","18":"pa_staerke-91","20":"first","21":"instock","22":"sale","23":"taxable","24":"shipping-taxable","25":"purchasable","26":"product-type-simple"},"acf":[],"_links":{"self":[{"href":"https:\/\/dev.poppers-online.ch\/fr\/wp-json\/wp\/v2\/product\/101621","targetHints":{"allow":["GET"]}}],"collection":[{"href":"https:\/\/dev.poppers-online.ch\/fr\/wp-json\/wp\/v2\/product"}],"about":[{"href":"https:\/\/dev.poppers-online.ch\/fr\/wp-json\/wp\/v2\/types\/product"}],"replies":[{"embeddable":true,"href":"https:\/\/dev.poppers-online.ch\/fr\/wp-json\/wp\/v2\/comments?post=101621"}],"wp:featuredmedia":[{"embeddable":true,"href":"https:\/\/dev.poppers-online.ch\/fr\/wp-json\/wp\/v2\/media\/102943"}],"wp:attachment":[{"href":"https:\/\/dev.poppers-online.ch\/fr\/wp-json\/wp\/v2\/media?parent=101621"}],"wp:term":[{"taxonomy":"product_brand","embeddable":true,"href":"https:\/\/dev.poppers-online.ch\/fr\/wp-json\/wp\/v2\/product_brand?post=101621"},{"taxonomy":"product_cat","embeddable":true,"href":"https:\/\/dev.poppers-online.ch\/fr\/wp-json\/wp\/v2\/product_cat?post=101621"},{"taxonomy":"product_tag","embeddable":true,"href":"https:\/\/dev.poppers-online.ch\/fr\/wp-json\/wp\/v2\/product_tag?post=101621"}],"curies":[{"name":"wp","href":"https:\/\/api.w.org\/{rel}","templated":true}]}}