{"id":101858,"date":"2024-09-24T18:55:46","date_gmt":"2024-09-24T16:55:46","guid":{"rendered":"https:\/\/poppers-online.ch\/produkt\/tuyau-en-caoutchouc-xtrm-rouge-50cm\/"},"modified":"2025-10-18T02:06:29","modified_gmt":"2025-10-18T00:06:29","slug":"tuyau-en-caoutchouc-xtrm-rouge-50cm","status":"publish","type":"product","link":"https:\/\/dev.poppers-online.ch\/fr\/produit\/tuyau-en-caoutchouc-xtrm-rouge-50cm\/","title":{"rendered":"Tuyau en caoutchouc XTRM rouge 50cm"},"content":{"rendered":"","protected":false},"excerpt":{"rendered":"<p><strong>Tuyau en caoutchouc XTRM rouge 50cm<\/strong>. Un tuyau solide pour masque \u00e0 gaz est un must pour tout homme f\u00e9tiche. Avec ce tuyau en caoutchouc pour le masque en caoutchouc XTRM ou pour un masque \u00e0 gaz traditionnel, vous pouvez imaginer d&rsquo;autres possibilit\u00e9s de jeu pour vos jeux f\u00e9tichistes ou vos jeux avec des poppers. Le tuyau en caoutchouc XTRM est \u00e9quip\u00e9 de filets rouges. Ceux-ci s&rsquo;adaptent aux masques \u00e0 gaz classiques (par exemple les mod\u00e8les isra\u00e9liens ou russes) et bien s\u00fbr au XTRM Rubber Mask. Les filets sont rotatifs. Cela emp\u00eache les tuyaux de se tordre. Vous pouvez connecter autant de tuyaux que vous le souhaitez et les relier \u00e0 des raccords ou \u00e0 d&rsquo;autres masques ou \u00e0 des filtres. Avec le raccord rouge, vous ajoutez une touche de couleur, par exemple \u00e0 une tenue en caoutchouc, et vous cr\u00e9ez votre propre look. Le mat\u00e9riau du tuyau pliss\u00e9 est en plastique souple. Longueur du tuyau sans filetage : 50cm. Les tuyaux XTRM repr\u00e9sentent une nette am\u00e9lioration en termes de durabilit\u00e9 et de fiabilit\u00e9. Les tuyaux permettent \u00e9galement des jeux humides, sont extr\u00eamement r\u00e9sistants \u00e0 la rupture et ont un style sexy bizarre. Le look brillant g\u00e9n\u00e8re une aura fascinante qui attire imm\u00e9diatement l&rsquo;attention. <\/p>\n","protected":false},"featured_media":101847,"comment_status":"open","ping_status":"closed","template":"","meta":{"_acf_changed":false,"_glsr_average":0,"_glsr_ranking":0,"_glsr_reviews":0},"product_brand":[],"product_cat":[149],"product_tag":[],"class_list":{"0":"post-101858","1":"product","2":"type-product","3":"status-publish","4":"has-post-thumbnail","6":"product_cat-accessoires-poppers","8":"first","9":"instock","10":"taxable","11":"shipping-taxable","12":"purchasable","13":"product-type-simple"},"acf":[],"_links":{"self":[{"href":"https:\/\/dev.poppers-online.ch\/fr\/wp-json\/wp\/v2\/product\/101858","targetHints":{"allow":["GET"]}}],"collection":[{"href":"https:\/\/dev.poppers-online.ch\/fr\/wp-json\/wp\/v2\/product"}],"about":[{"href":"https:\/\/dev.poppers-online.ch\/fr\/wp-json\/wp\/v2\/types\/product"}],"replies":[{"embeddable":true,"href":"https:\/\/dev.poppers-online.ch\/fr\/wp-json\/wp\/v2\/comments?post=101858"}],"wp:featuredmedia":[{"embeddable":true,"href":"https:\/\/dev.poppers-online.ch\/fr\/wp-json\/wp\/v2\/media\/101847"}],"wp:attachment":[{"href":"https:\/\/dev.poppers-online.ch\/fr\/wp-json\/wp\/v2\/media?parent=101858"}],"wp:term":[{"taxonomy":"product_brand","embeddable":true,"href":"https:\/\/dev.poppers-online.ch\/fr\/wp-json\/wp\/v2\/product_brand?post=101858"},{"taxonomy":"product_cat","embeddable":true,"href":"https:\/\/dev.poppers-online.ch\/fr\/wp-json\/wp\/v2\/product_cat?post=101858"},{"taxonomy":"product_tag","embeddable":true,"href":"https:\/\/dev.poppers-online.ch\/fr\/wp-json\/wp\/v2\/product_tag?post=101858"}],"curies":[{"name":"wp","href":"https:\/\/api.w.org\/{rel}","templated":true}]}}