{"id":102083,"date":"2024-09-27T20:30:05","date_gmt":"2024-09-27T19:15:00","guid":{"rendered":"https:\/\/poppers-online.ch\/produkt\/filtre-xtrm-maxx\/"},"modified":"2024-10-24T12:16:01","modified_gmt":"2024-10-24T10:16:01","slug":"filtre-xtrm-maxx","status":"publish","type":"product","link":"https:\/\/dev.poppers-online.ch\/fr\/produit\/filtre-xtrm-maxx\/","title":{"rendered":"Filtre XTRM MAXX"},"content":{"rendered":"","protected":false},"excerpt":{"rendered":"<p>Le <strong>filtre XTRM MAXX<\/strong> pour masques \u00e0 gaz, rouge et noir, est disponible en deux tailles. Soit vous prenez le filtre avec le r\u00e9servoir noir (version standard), soit vous ajoutez la pi\u00e8ce interm\u00e9diaire rouge pour avoir un filtre deux fois plus grand (version double). En fonction de ce que vous mettez dans le filtre, vous d\u00e9cidez si vous prenez la variante standard ou la variante double. Le filetage du filtre est interne et le raccord filet\u00e9 pour le masque ou le tuyau s&rsquo;adapte \u00e0 tous les filetages selon la norme DIN EN 148-1. Vous trouverez \u00e9galement les tuyaux, le raccord en T et le masque en caoutchouc correspondants dans notre boutique. Il suffit d&rsquo;ins\u00e9rer des chaussettes, des restes de caoutchouc, du cuir ou du coton imbib\u00e9 et c&rsquo;est parti. Mat\u00e9riau : ABS, rouge et noir<br \/>\nHauteur : 9 cm<br \/>\nDiam\u00e8tre : 10 cm    <\/p>\n","protected":false},"featured_media":102060,"comment_status":"open","ping_status":"closed","template":"","meta":{"_acf_changed":false,"_glsr_average":0,"_glsr_ranking":0,"_glsr_reviews":0},"product_brand":[],"product_cat":[149],"product_tag":[],"class_list":{"0":"post-102083","1":"product","2":"type-product","3":"status-publish","4":"has-post-thumbnail","6":"product_cat-accessoires-poppers","8":"first","9":"instock","10":"taxable","11":"shipping-taxable","12":"purchasable","13":"product-type-simple"},"acf":[],"_links":{"self":[{"href":"https:\/\/dev.poppers-online.ch\/fr\/wp-json\/wp\/v2\/product\/102083","targetHints":{"allow":["GET"]}}],"collection":[{"href":"https:\/\/dev.poppers-online.ch\/fr\/wp-json\/wp\/v2\/product"}],"about":[{"href":"https:\/\/dev.poppers-online.ch\/fr\/wp-json\/wp\/v2\/types\/product"}],"replies":[{"embeddable":true,"href":"https:\/\/dev.poppers-online.ch\/fr\/wp-json\/wp\/v2\/comments?post=102083"}],"wp:featuredmedia":[{"embeddable":true,"href":"https:\/\/dev.poppers-online.ch\/fr\/wp-json\/wp\/v2\/media\/102060"}],"wp:attachment":[{"href":"https:\/\/dev.poppers-online.ch\/fr\/wp-json\/wp\/v2\/media?parent=102083"}],"wp:term":[{"taxonomy":"product_brand","embeddable":true,"href":"https:\/\/dev.poppers-online.ch\/fr\/wp-json\/wp\/v2\/product_brand?post=102083"},{"taxonomy":"product_cat","embeddable":true,"href":"https:\/\/dev.poppers-online.ch\/fr\/wp-json\/wp\/v2\/product_cat?post=102083"},{"taxonomy":"product_tag","embeddable":true,"href":"https:\/\/dev.poppers-online.ch\/fr\/wp-json\/wp\/v2\/product_tag?post=102083"}],"curies":[{"name":"wp","href":"https:\/\/api.w.org\/{rel}","templated":true}]}}