{"id":102086,"date":"2024-09-27T20:52:00","date_gmt":"2024-09-27T19:15:03","guid":{"rendered":"https:\/\/poppers-online.ch\/produkt\/xtrm-gas-mask-t-connector\/"},"modified":"2025-08-04T10:01:16","modified_gmt":"2025-08-04T08:01:16","slug":"xtrm-gas-mask-t-connector","status":"publish","type":"product","link":"https:\/\/dev.poppers-online.ch\/fr\/produit\/xtrm-gas-mask-t-connector\/","title":{"rendered":"XTRM GAS-MASK-T-CONNECTOR"},"content":{"rendered":"","protected":false},"excerpt":{"rendered":"<p><span style=\"font-weight: 400;\">Avec le <strong>XTRM GAS-MASK-T-CONNECTOR<\/strong> V2, vous pouvez connecter deux tuyaux ensemble et donner \u00e0 ces deux tuyaux l&rsquo;acc\u00e8s au filtre XTRM ou vous pouvez, par exemple, connecter votre masque \u00e0 gaz avec deux tuyaux. Vous pouvez connecter autant de tuyaux que vous le souhaitez et les relier \u00e0 d&rsquo;autres raccords, \u00e0 d&rsquo;autres masques ou \u00e0 des filtres. Le connecteur est tr\u00e8s polyvalent, fabriqu\u00e9 dans un mat\u00e9riau s\u00fbr et dur et adapt\u00e9 \u00e0 toutes les allures. Vous trouverez \u00e9galement le masque en caoutchouc XTRM et les tuyaux et filtres correspondants dans notre boutique. Amusez-vous \u00e0 imaginer vos possibilit\u00e9s de jeu !    <\/span><\/p>\n","protected":false},"featured_media":102078,"comment_status":"open","ping_status":"closed","template":"","meta":{"_acf_changed":false,"_glsr_average":0,"_glsr_ranking":0,"_glsr_reviews":0},"product_brand":[],"product_cat":[149],"product_tag":[],"class_list":{"0":"post-102086","1":"product","2":"type-product","3":"status-publish","4":"has-post-thumbnail","6":"product_cat-accessoires-poppers","8":"first","9":"instock","10":"taxable","11":"shipping-taxable","12":"purchasable","13":"product-type-simple"},"acf":[],"_links":{"self":[{"href":"https:\/\/dev.poppers-online.ch\/fr\/wp-json\/wp\/v2\/product\/102086","targetHints":{"allow":["GET"]}}],"collection":[{"href":"https:\/\/dev.poppers-online.ch\/fr\/wp-json\/wp\/v2\/product"}],"about":[{"href":"https:\/\/dev.poppers-online.ch\/fr\/wp-json\/wp\/v2\/types\/product"}],"replies":[{"embeddable":true,"href":"https:\/\/dev.poppers-online.ch\/fr\/wp-json\/wp\/v2\/comments?post=102086"}],"wp:featuredmedia":[{"embeddable":true,"href":"https:\/\/dev.poppers-online.ch\/fr\/wp-json\/wp\/v2\/media\/102078"}],"wp:attachment":[{"href":"https:\/\/dev.poppers-online.ch\/fr\/wp-json\/wp\/v2\/media?parent=102086"}],"wp:term":[{"taxonomy":"product_brand","embeddable":true,"href":"https:\/\/dev.poppers-online.ch\/fr\/wp-json\/wp\/v2\/product_brand?post=102086"},{"taxonomy":"product_cat","embeddable":true,"href":"https:\/\/dev.poppers-online.ch\/fr\/wp-json\/wp\/v2\/product_cat?post=102086"},{"taxonomy":"product_tag","embeddable":true,"href":"https:\/\/dev.poppers-online.ch\/fr\/wp-json\/wp\/v2\/product_tag?post=102086"}],"curies":[{"name":"wp","href":"https:\/\/api.w.org\/{rel}","templated":true}]}}