{"id":103376,"date":"2024-10-15T12:46:35","date_gmt":"2024-10-15T10:48:06","guid":{"rendered":"https:\/\/poppers-online.ch\/produkt\/twisted-beast-poppers-combo\/"},"modified":"2025-11-08T17:50:28","modified_gmt":"2025-11-08T16:50:28","slug":"twisted-beast-poppers-combo","status":"publish","type":"product","link":"https:\/\/dev.poppers-online.ch\/fr\/produit\/twisted-beast-poppers-combo\/","title":{"rendered":"Twisted Beast Poppers Combo"},"content":{"rendered":"","protected":false},"excerpt":{"rendered":"<p><strong>Twisted Beast Poppers Combo<\/strong> se compose de trois flacons de poppers Twisted Beast : Bator Poppers 24ml Twisted Beast, Brain Drain Poppers 24ml Twisted Beast et Hypno Poppers 24ml Twisted Beast. <strong>Twisted Beast<\/strong> est une marque culte de sexe gay hardcore d&rsquo;Angleterre. Les poppers de Twisted Beast font partie des poppers les plus extr\u00eames disponibles au Royaume-Uni. Plus besoin d&rsquo;aller \u00e0 SOHO pour acheter les poppers embl\u00e9matiques de Twisted Beast.<\/p>\n<p>&nbsp;<\/p>\n<p><strong>Bator Poppers 24ml Twisted Beast<\/strong> est le poppers pour tous les bators parmi les poppers Twisted Beast \u00e0 la mode du Royaume-Uni et contient du pentyl\/isoamyl alcool nitrite. Le bating est addictif et vous ne pouvez pas vous arr\u00eater. Alors \u00e9teignez la lumi\u00e8re et mettez le porno \u00e0 fond. Rends ta queue glissante et lance-toi.  <\/p>\n<p>&nbsp;<\/p>\n<p><strong>Brain Drain Poppers 24ml Twisted Beast<\/strong> est le poppers pour esclaves sexuels parmi les poppers tendance Twisted Beast du Royaume-Uni et contient du pentyl\/isoamyl alcool nitrite. Il est temps de vider votre t\u00eate et votre cerveau. Les Brain Drain Poppers lib\u00e8rent votre t\u00eate pour que vous puissiez la remplir d&rsquo;autant de porno, de bites et de sperme. En un sniff, vous devenez un esclave sexuel sans volont\u00e9.  <\/p>\n<p>&nbsp;<\/p>\n<p><strong>Hypno Poppers 24ml Twisted Beast<\/strong> est le poppers pour tous les bators et gooners parmi les poppers Twisted Beast \u00e0 la mode du Royaume-Uni et contient du pentyl\/isoamyl alcool nitrite. Abandonnez-vous \u00e0 la sensation de vide. Batez . Continuez \u00e0 observer ces spirales. Bate. Vous \u00eates un bon gar\u00e7on. Bate, continuez \u00e0 avancer. Continuez encore et encore. Gardez l&rsquo;Hypno Poppers pr\u00e8s de vous. Bate.        <\/p>\n","protected":false},"featured_media":103371,"comment_status":"open","ping_status":"closed","template":"","meta":{"_acf_changed":false,"_glsr_average":0,"_glsr_ranking":0,"_glsr_reviews":0},"product_brand":[],"product_cat":[1046,76,77],"product_tag":[],"class_list":{"0":"post-103376","1":"product","2":"type-product","3":"status-publish","4":"has-post-thumbnail","6":"product_cat-poppers","7":"product_cat-paquets-economiques","8":"product_cat-grands-flacons","9":"pa_flaschenform-ovale","10":"pa_gewindegroesse-small","11":"pa_inhalt-combo","12":"pa_inhalt-24ml","13":"pa_inhaltsstoffe-nitrite-dalcool-isoamylique","14":"pa_marke-twisted-beast","15":"pa_staerke-91","17":"first","18":"instock","19":"sale","20":"downloadable","21":"taxable","22":"shipping-taxable","23":"purchasable","24":"product-type-simple"},"acf":[],"_links":{"self":[{"href":"https:\/\/dev.poppers-online.ch\/fr\/wp-json\/wp\/v2\/product\/103376","targetHints":{"allow":["GET"]}}],"collection":[{"href":"https:\/\/dev.poppers-online.ch\/fr\/wp-json\/wp\/v2\/product"}],"about":[{"href":"https:\/\/dev.poppers-online.ch\/fr\/wp-json\/wp\/v2\/types\/product"}],"replies":[{"embeddable":true,"href":"https:\/\/dev.poppers-online.ch\/fr\/wp-json\/wp\/v2\/comments?post=103376"}],"wp:featuredmedia":[{"embeddable":true,"href":"https:\/\/dev.poppers-online.ch\/fr\/wp-json\/wp\/v2\/media\/103371"}],"wp:attachment":[{"href":"https:\/\/dev.poppers-online.ch\/fr\/wp-json\/wp\/v2\/media?parent=103376"}],"wp:term":[{"taxonomy":"product_brand","embeddable":true,"href":"https:\/\/dev.poppers-online.ch\/fr\/wp-json\/wp\/v2\/product_brand?post=103376"},{"taxonomy":"product_cat","embeddable":true,"href":"https:\/\/dev.poppers-online.ch\/fr\/wp-json\/wp\/v2\/product_cat?post=103376"},{"taxonomy":"product_tag","embeddable":true,"href":"https:\/\/dev.poppers-online.ch\/fr\/wp-json\/wp\/v2\/product_tag?post=103376"}],"curies":[{"name":"wp","href":"https:\/\/api.w.org\/{rel}","templated":true}]}}