{"id":103393,"date":"2024-10-15T13:21:29","date_gmt":"2024-10-15T11:21:29","guid":{"rendered":"https:\/\/poppers-online.ch\/produkt\/dirty-fist-pig-poppers-combo\/"},"modified":"2025-08-18T11:40:04","modified_gmt":"2025-08-18T09:40:04","slug":"dirty-fist-pig-poppers-combo","status":"publish","type":"product","link":"https:\/\/dev.poppers-online.ch\/fr\/produit\/dirty-fist-pig-poppers-combo\/","title":{"rendered":"Dirty Fist Pig Poppers Combo"},"content":{"rendered":"","protected":false},"excerpt":{"rendered":"<p>Dirty Fist Pig Poppers Combo se compose de trois flacons de poppers puissants : <strong>Fist Fuck Yellow Poppers 24ml Twisted Beast, Dirty PIG Poppers 24ml et Super Rush Poppers 10ml.<\/strong><\/p>\n<p>&nbsp;<\/p>\n<p><strong>Fist Fuck Yellow Poppers 24ml Twisted Beast<\/strong> est le poppers de tous les fisters et fist\u00e9s parmi les poppers tendance Twisted Beast du Royaume-Uni et contient le nouveau nitrite de N-pentyle extra fort. Twisted Beast est une marque de sexe gay hardcore embl\u00e9matique du Royaume-Uni. Les poppers de Twisted Beast font partie des plus extr\u00eames dispo au Royaume-Uni. Plus besoin d\u2019aller \u00e0 SOHO pour choper les poppers embl\u00e9matiques de Twisted Beast.  <\/p>\n<p>Offre-toi une charge suppl\u00e9mentaire d\u2019exercices d\u2019\u00e9tirement et ruine ton trou avec Fist Fuck Yellow Poppers. Transforme toute pens\u00e9e coquine dans ta t\u00eate en r\u00e9alit\u00e9 et d\u00e9tends-toi lors de ta prochaine session FF et d\u00e9couvre une nouvelle dimension de la satisfaction FF avec ton combo Fist Fuck Poppers. <\/p>\n<p>&nbsp;<\/p>\n<p><strong>Dirty PIG Poppers 24ml <\/strong>est sur le march\u00e9 depuis 2023 et contient l\u2019ancien vrai pentyl nitrite. Ce poppers ne doit en aucun cas manquer \u00e0 ta prochaine session coquine. L\u2019<strong>intensit\u00e9 5<\/strong> de ce flacon t\u2019aide \u00e0 profiter pleinement de tes aventures sexuelles cochonne. Dirty PIG Poppers te transforme en une vraie truie au lit. Dirty PIG Poppers est aussi dispo en flacon de 10 ml.<\/p>\n<p>&nbsp;<\/p>\n<p>Le <strong>Super Rush Poppers 10ml<\/strong> est plus intense et dure plus longtemps que le Rush traditionnel. Il contient l&rsquo;ancien pentyle nitrite d&rsquo;origine. La famille de produits Rush comprend de nombreux poppers Rush diff\u00e9rents : il y a par exemple Mega Rush, Rush EU-Formula, Rush Ultra Strong, Rush Extra Strong, White Rush, Black Rush. Le Super Rush Poppers rouge, d\u2019une intensit\u00e9 de 5, fait partie des Rush Poppers les plus puissants et procure encore plus de plaisir lors de rapports sexuels d\u00e9brid\u00e9s et une intensit\u00e9 de frappe explosive.<\/p>\n","protected":false},"featured_media":103383,"comment_status":"open","ping_status":"closed","template":"","meta":{"_acf_changed":false,"_glsr_average":0,"_glsr_ranking":0,"_glsr_reviews":0},"product_brand":[],"product_cat":[1046,76,77,78],"product_tag":[],"class_list":{"0":"post-103393","1":"product","2":"type-product","3":"status-publish","4":"has-post-thumbnail","6":"product_cat-poppers","7":"product_cat-paquets-economiques","8":"product_cat-grands-flacons","9":"product_cat-petits-flacons","10":"pa_flaschenform-rond-petit","11":"pa_flaschenform-ovale","12":"pa_gewindegroesse-small","13":"pa_inhalt-combo","14":"pa_inhalt-24ml","15":"pa_inhalt-10ml","16":"pa_inhaltsstoffe-nitrite-de-pentyle","17":"pa_inhaltsstoffe-nitrite-dalcool-isoamylique","18":"pa_marke-fist-poppers","19":"pa_marke-edition-oxy","20":"pa_marke-rush-poppers","21":"pa_marke-twisted-beast","22":"pa_staerke-91","24":"first","25":"instock","26":"sale","27":"taxable","28":"shipping-taxable","29":"purchasable","30":"product-type-simple"},"acf":[],"_links":{"self":[{"href":"https:\/\/dev.poppers-online.ch\/fr\/wp-json\/wp\/v2\/product\/103393","targetHints":{"allow":["GET"]}}],"collection":[{"href":"https:\/\/dev.poppers-online.ch\/fr\/wp-json\/wp\/v2\/product"}],"about":[{"href":"https:\/\/dev.poppers-online.ch\/fr\/wp-json\/wp\/v2\/types\/product"}],"replies":[{"embeddable":true,"href":"https:\/\/dev.poppers-online.ch\/fr\/wp-json\/wp\/v2\/comments?post=103393"}],"wp:featuredmedia":[{"embeddable":true,"href":"https:\/\/dev.poppers-online.ch\/fr\/wp-json\/wp\/v2\/media\/103383"}],"wp:attachment":[{"href":"https:\/\/dev.poppers-online.ch\/fr\/wp-json\/wp\/v2\/media?parent=103393"}],"wp:term":[{"taxonomy":"product_brand","embeddable":true,"href":"https:\/\/dev.poppers-online.ch\/fr\/wp-json\/wp\/v2\/product_brand?post=103393"},{"taxonomy":"product_cat","embeddable":true,"href":"https:\/\/dev.poppers-online.ch\/fr\/wp-json\/wp\/v2\/product_cat?post=103393"},{"taxonomy":"product_tag","embeddable":true,"href":"https:\/\/dev.poppers-online.ch\/fr\/wp-json\/wp\/v2\/product_tag?post=103393"}],"curies":[{"name":"wp","href":"https:\/\/api.w.org\/{rel}","templated":true}]}}