{"id":103452,"date":"2024-10-15T16:43:30","date_gmt":"2024-10-15T14:43:30","guid":{"rendered":"https:\/\/poppers-online.ch\/produkt\/hard-fck-extra-strong-30ml-poppers\/"},"modified":"2025-10-23T12:59:44","modified_gmt":"2025-10-23T10:59:44","slug":"hard-fck-extra-strong-30ml-poppers","status":"publish","type":"product","link":"https:\/\/dev.poppers-online.ch\/fr\/produit\/hard-fck-extra-strong-30ml-poppers\/","title":{"rendered":"HARD FCK Extra Strong 30ml Poppers"},"content":{"rendered":"","protected":false},"excerpt":{"rendered":"<p><span style=\"font-weight: 400;\"><strong>HARD FCK Extra Strong 30ml<\/strong> Poppers est une nouveaut\u00e9 mondiale de Royal Hexagon. La c\u00e9l\u00e8bre Canadian Pentyl Formula est enfin disponible dans une bouteille en aluminium styl\u00e9e et indestructible. Et pour que vous puissiez renifler la bouteille encore plus longtemps, Royal Hexagon a mis 30 ml entiers de nitrite de pentyle extra fort dans la bouteille en aluminium HARD F*CK Extra Strong. HARD F*CK Poppers est destin\u00e9 \u00e0 tous ceux qui aiment les bonnes sessions bien hard. <\/span><span style=\"font-weight: 400;\"><br \/>\n<\/span><span style=\"font-weight: 400;\"><br \/>\n<\/span><span style=\"font-weight: 400;\">Lorsque tu refermes cette bouteille, fais attention \u00e0 ne pas trop serrer le bouchon. Appuie le bouchon noir contre la bouteille et visse le bouchon avec pr\u00e9caution. Le pas de vis de ce flacon en aluminium de 30 ml est XL. Utilisez l&#8217;embout XL pour vos capsules Poppers Booster.<br \/>\n<\/span><\/p>\n","protected":false},"featured_media":103427,"comment_status":"open","ping_status":"closed","template":"","meta":{"_acf_changed":false,"_glsr_average":0,"_glsr_ranking":0,"_glsr_reviews":0},"product_brand":[],"product_cat":[1046,77],"product_tag":[],"class_list":{"0":"post-103452","1":"product","2":"type-product","3":"status-publish","4":"has-post-thumbnail","6":"product_cat-poppers","7":"product_cat-grands-flacons","8":"pa_flaschenform-rond-grand","9":"pa_gewindegroesse-xl-fr","10":"pa_inhalt-30ml","11":"pa_inhaltsstoffe-formule-canadienne-de-pentyle","12":"pa_marke-royal-hexagon-fr","13":"pa_staerke-91","15":"first","16":"instock","17":"taxable","18":"shipping-taxable","19":"purchasable","20":"product-type-simple"},"acf":[],"_links":{"self":[{"href":"https:\/\/dev.poppers-online.ch\/fr\/wp-json\/wp\/v2\/product\/103452","targetHints":{"allow":["GET"]}}],"collection":[{"href":"https:\/\/dev.poppers-online.ch\/fr\/wp-json\/wp\/v2\/product"}],"about":[{"href":"https:\/\/dev.poppers-online.ch\/fr\/wp-json\/wp\/v2\/types\/product"}],"replies":[{"embeddable":true,"href":"https:\/\/dev.poppers-online.ch\/fr\/wp-json\/wp\/v2\/comments?post=103452"}],"wp:featuredmedia":[{"embeddable":true,"href":"https:\/\/dev.poppers-online.ch\/fr\/wp-json\/wp\/v2\/media\/103427"}],"wp:attachment":[{"href":"https:\/\/dev.poppers-online.ch\/fr\/wp-json\/wp\/v2\/media?parent=103452"}],"wp:term":[{"taxonomy":"product_brand","embeddable":true,"href":"https:\/\/dev.poppers-online.ch\/fr\/wp-json\/wp\/v2\/product_brand?post=103452"},{"taxonomy":"product_cat","embeddable":true,"href":"https:\/\/dev.poppers-online.ch\/fr\/wp-json\/wp\/v2\/product_cat?post=103452"},{"taxonomy":"product_tag","embeddable":true,"href":"https:\/\/dev.poppers-online.ch\/fr\/wp-json\/wp\/v2\/product_tag?post=103452"}],"curies":[{"name":"wp","href":"https:\/\/api.w.org\/{rel}","templated":true}]}}