{"id":104216,"date":"2024-10-24T14:17:15","date_gmt":"2024-10-24T12:17:15","guid":{"rendered":"https:\/\/poppers-online.ch\/produkt\/alpha-master-ultra-strong-poppers-30ml\/"},"modified":"2025-11-03T08:27:05","modified_gmt":"2025-11-03T07:27:05","slug":"alpha-master-ultra-strong-poppers-30ml","status":"publish","type":"product","link":"https:\/\/dev.poppers-online.ch\/fr\/produit\/alpha-master-ultra-strong-poppers-30ml\/","title":{"rendered":"ALPHA MASTER ULTRA STRONG Poppers 30ml"},"content":{"rendered":"","protected":false},"excerpt":{"rendered":"<p>Le <strong>poppers ALPHA MASTER ULTRA STRONG 30ml<\/strong> est destin\u00e9 \u00e0 tous les ma\u00eetres dominants qui, dans le cadre de la domination et du BDSM, recherchent un coup de fouet suppl\u00e9mentaire pour eux-m\u00eames et leurs esclaves. Il contient du nitrite d&rsquo;alkyle, appel\u00e9 nitrite d&rsquo;hexyle, qui est consid\u00e9r\u00e9 comme le moins nocif pour la sant\u00e9. Le Poppers ALPHA MASTER ULTRA STRONG est l&rsquo;une des vari\u00e9t\u00e9s les plus puissantes du march\u00e9 avec une force de 6. Il est disponible dans un flacon de 30ml avec un bouchon facile \u00e0 ouvrir. Vivez une session ma\u00eetre et esclave particuli\u00e8rement intense avec l&rsquo;ALPHA MASTER ULTRA STRONG Poppers 30ml. <\/p>\n","protected":false},"featured_media":130058,"comment_status":"open","ping_status":"closed","template":"","meta":{"_acf_changed":false,"_glsr_average":0,"_glsr_ranking":0,"_glsr_reviews":0},"product_brand":[],"product_cat":[1046,77],"product_tag":[],"class_list":{"0":"post-104216","1":"product","2":"type-product","3":"status-publish","4":"has-post-thumbnail","6":"product_cat-poppers","7":"product_cat-grands-flacons","8":"pa_flaschenform-rond-petit","9":"pa_gewindegroesse-small","10":"pa_inhalt-30ml","11":"pa_inhaltsstoffe-nitrite-dhexyle","12":"pa_marke-royal-hexagon-fr","13":"pa_staerke-91","15":"first","16":"instock","17":"taxable","18":"shipping-taxable","19":"purchasable","20":"product-type-simple"},"acf":[],"_links":{"self":[{"href":"https:\/\/dev.poppers-online.ch\/fr\/wp-json\/wp\/v2\/product\/104216","targetHints":{"allow":["GET"]}}],"collection":[{"href":"https:\/\/dev.poppers-online.ch\/fr\/wp-json\/wp\/v2\/product"}],"about":[{"href":"https:\/\/dev.poppers-online.ch\/fr\/wp-json\/wp\/v2\/types\/product"}],"replies":[{"embeddable":true,"href":"https:\/\/dev.poppers-online.ch\/fr\/wp-json\/wp\/v2\/comments?post=104216"}],"wp:featuredmedia":[{"embeddable":true,"href":"https:\/\/dev.poppers-online.ch\/fr\/wp-json\/wp\/v2\/media\/130058"}],"wp:attachment":[{"href":"https:\/\/dev.poppers-online.ch\/fr\/wp-json\/wp\/v2\/media?parent=104216"}],"wp:term":[{"taxonomy":"product_brand","embeddable":true,"href":"https:\/\/dev.poppers-online.ch\/fr\/wp-json\/wp\/v2\/product_brand?post=104216"},{"taxonomy":"product_cat","embeddable":true,"href":"https:\/\/dev.poppers-online.ch\/fr\/wp-json\/wp\/v2\/product_cat?post=104216"},{"taxonomy":"product_tag","embeddable":true,"href":"https:\/\/dev.poppers-online.ch\/fr\/wp-json\/wp\/v2\/product_tag?post=104216"}],"curies":[{"name":"wp","href":"https:\/\/api.w.org\/{rel}","templated":true}]}}