{"id":109021,"date":"2025-01-06T12:30:17","date_gmt":"2025-01-06T11:30:17","guid":{"rendered":"https:\/\/poppers-online.ch\/produkt\/lubrifiant-anal-a-base-de-silicone-swiss-navy-premium-237ml\/"},"modified":"2025-01-11T18:21:30","modified_gmt":"2025-01-11T17:21:30","slug":"lubrifiant-anal-a-base-de-silicone-swiss-navy-premium-237ml","status":"publish","type":"product","link":"https:\/\/dev.poppers-online.ch\/fr\/produit\/lubrifiant-anal-a-base-de-silicone-swiss-navy-premium-237ml\/","title":{"rendered":"Lubrifiant anal \u00e0 base de silicone Swiss Navy Premium 237ml"},"content":{"rendered":"","protected":false},"excerpt":{"rendered":"<div><strong>Lubrifiant anal \u00e0 base de silicone Swiss Navy Premium 237ml.<\/strong>  Un lubrifiant ad\u00e9quat est tr\u00e8s important pour des rapports anaux s\u00fbrs et agr\u00e9ables. Le nouveau lubrifiant anal Swiss Navy Premium Lubricant a \u00e9t\u00e9 sp\u00e9cialement con\u00e7u \u00e0 cet effet. Avec ce lubrifiant, le sexe anal est toujours un plaisir agr\u00e9able. Fabriqu\u00e9 \u00e0 base de silicone m\u00e9dical, il lubrifie m\u00eame pendant les sessions prolong\u00e9es sans changer de consistance. Il est \u00e9pais et reste en place sans goutter. Ce gel lubrifiant est compatible avec tous les pr\u00e9servatifs et de nombreux sex-toys. Swiss Navy Anal Lube ne contient pas de parab\u00e8nes, de glyc\u00e9rine ou d&rsquo;anesth\u00e9siants. Le <strong>lubrifiant anal \u00e0 base de silicone Swiss Navy Premium 237ml<\/strong> se nettoie facilement avec du savon et de l&rsquo;eau chaude.       <\/div>\n<div><\/div>\n<div>\n<div>Fabricant : Swiss Navy<\/div>\n<div>Contenu : 237 ml<\/div>\n<\/div>\n","protected":false},"featured_media":109018,"comment_status":"open","ping_status":"closed","template":"","meta":{"_acf_changed":false,"_glsr_average":0,"_glsr_ranking":0,"_glsr_reviews":0},"product_brand":[],"product_cat":[2067,166],"product_tag":[],"class_list":{"0":"post-109021","1":"product","2":"type-product","3":"status-publish","4":"has-post-thumbnail","6":"product_cat-lubrifiant","7":"product_cat-droguerie","9":"first","10":"instock","11":"taxable","12":"shipping-taxable","13":"purchasable","14":"product-type-simple"},"acf":[],"_links":{"self":[{"href":"https:\/\/dev.poppers-online.ch\/fr\/wp-json\/wp\/v2\/product\/109021","targetHints":{"allow":["GET"]}}],"collection":[{"href":"https:\/\/dev.poppers-online.ch\/fr\/wp-json\/wp\/v2\/product"}],"about":[{"href":"https:\/\/dev.poppers-online.ch\/fr\/wp-json\/wp\/v2\/types\/product"}],"replies":[{"embeddable":true,"href":"https:\/\/dev.poppers-online.ch\/fr\/wp-json\/wp\/v2\/comments?post=109021"}],"wp:featuredmedia":[{"embeddable":true,"href":"https:\/\/dev.poppers-online.ch\/fr\/wp-json\/wp\/v2\/media\/109018"}],"wp:attachment":[{"href":"https:\/\/dev.poppers-online.ch\/fr\/wp-json\/wp\/v2\/media?parent=109021"}],"wp:term":[{"taxonomy":"product_brand","embeddable":true,"href":"https:\/\/dev.poppers-online.ch\/fr\/wp-json\/wp\/v2\/product_brand?post=109021"},{"taxonomy":"product_cat","embeddable":true,"href":"https:\/\/dev.poppers-online.ch\/fr\/wp-json\/wp\/v2\/product_cat?post=109021"},{"taxonomy":"product_tag","embeddable":true,"href":"https:\/\/dev.poppers-online.ch\/fr\/wp-json\/wp\/v2\/product_tag?post=109021"}],"curies":[{"name":"wp","href":"https:\/\/api.w.org\/{rel}","templated":true}]}}