{"id":109167,"date":"2025-01-07T15:36:37","date_gmt":"2025-01-07T14:36:37","guid":{"rendered":"https:\/\/poppers-online.ch\/produkt\/poppers-amsterdam-hardcore-24ml\/"},"modified":"2025-08-18T12:58:31","modified_gmt":"2025-08-18T10:58:31","slug":"poppers-amsterdam-hardcore-24ml","status":"publish","type":"product","link":"https:\/\/dev.poppers-online.ch\/fr\/produit\/poppers-amsterdam-hardcore-24ml\/","title":{"rendered":"Amsterdam Hardcore Poppers 24ml"},"content":{"rendered":"","protected":false},"excerpt":{"rendered":"<p><b>Amsterdam Hardcore Poppers 24ml<\/b><span style=\"font-weight: 400;\"> garantit une exp\u00e9rience hardcore. Le nouveau et puissant N-pentanol procure un coup de boost instantan\u00e9 et un effet extra-longue dur\u00e9e. Pr\u00e9pare-toi \u00e0 l&rsquo;ultime rush de poppers et laisse tomber tes inhibitions pour faire monter ton plaisir \u00e0 l&rsquo;infini. Amsterdam Hardcore Poppers est disponible en 10ml et 24ml. Procure-toi Amsterdam Hardcore d\u00e8s maintenant et fais l&rsquo;exp\u00e9rience du frisson ultime.    <\/span><\/p>\n","protected":false},"featured_media":109153,"comment_status":"open","ping_status":"closed","template":"","meta":{"_acf_changed":false,"_glsr_average":0,"_glsr_ranking":0,"_glsr_reviews":0},"product_brand":[],"product_cat":[1046,77],"product_tag":[],"class_list":{"0":"post-109167","1":"product","2":"type-product","3":"status-publish","4":"has-post-thumbnail","6":"product_cat-poppers","7":"product_cat-grands-flacons","8":"pa_gewindegroesse-large","9":"pa_inhalt-24ml","10":"pa_inhaltsstoffe-nitrite-de-n-pentanol","11":"pa_marke-amsterdam-poppers","12":"pa_staerke-90","14":"first","15":"instock","16":"taxable","17":"shipping-taxable","18":"purchasable","19":"product-type-simple"},"acf":[],"_links":{"self":[{"href":"https:\/\/dev.poppers-online.ch\/fr\/wp-json\/wp\/v2\/product\/109167","targetHints":{"allow":["GET"]}}],"collection":[{"href":"https:\/\/dev.poppers-online.ch\/fr\/wp-json\/wp\/v2\/product"}],"about":[{"href":"https:\/\/dev.poppers-online.ch\/fr\/wp-json\/wp\/v2\/types\/product"}],"replies":[{"embeddable":true,"href":"https:\/\/dev.poppers-online.ch\/fr\/wp-json\/wp\/v2\/comments?post=109167"}],"wp:featuredmedia":[{"embeddable":true,"href":"https:\/\/dev.poppers-online.ch\/fr\/wp-json\/wp\/v2\/media\/109153"}],"wp:attachment":[{"href":"https:\/\/dev.poppers-online.ch\/fr\/wp-json\/wp\/v2\/media?parent=109167"}],"wp:term":[{"taxonomy":"product_brand","embeddable":true,"href":"https:\/\/dev.poppers-online.ch\/fr\/wp-json\/wp\/v2\/product_brand?post=109167"},{"taxonomy":"product_cat","embeddable":true,"href":"https:\/\/dev.poppers-online.ch\/fr\/wp-json\/wp\/v2\/product_cat?post=109167"},{"taxonomy":"product_tag","embeddable":true,"href":"https:\/\/dev.poppers-online.ch\/fr\/wp-json\/wp\/v2\/product_tag?post=109167"}],"curies":[{"name":"wp","href":"https:\/\/api.w.org\/{rel}","templated":true}]}}