{"id":109285,"date":"2025-01-08T19:29:36","date_gmt":"2025-01-08T18:29:36","guid":{"rendered":"https:\/\/poppers-online.ch\/produkt\/amsterdam-xxx-ultra-strong-poppers-10ml\/"},"modified":"2025-08-18T13:04:33","modified_gmt":"2025-08-18T11:04:33","slug":"amsterdam-xxx-ultra-strong-poppers-10ml","status":"publish","type":"product","link":"https:\/\/dev.poppers-online.ch\/fr\/produit\/amsterdam-xxx-ultra-strong-poppers-10ml\/","title":{"rendered":"Amsterdam XXX Ultra Strong Poppers 10ml"},"content":{"rendered":"","protected":false},"excerpt":{"rendered":"<p><b>Amsterdam XXX Ultra Strong Poppers 10ml<\/b><span style=\"font-weight: 400;\"> est puissant et violent. Laisse-toi emporter vers une profonde relaxation et des sensations de plaisir d\u00e9brid\u00e9es. Amsterdam XXX contient des nitrites d&rsquo;alcool isoamylique et nous a enthousiasm\u00e9s par sa puissance et sa dur\u00e9e d&rsquo;action. Vis toi aussi tes aventures sexuelles torrides ou une s\u00e9ance de masturbation et vis avec Amsterdam XXX Ultra Strong Poppers tes apog\u00e9es sexuelles \u00e0 un nouveau niveau.   <\/span><\/p>\n","protected":false},"featured_media":109261,"comment_status":"open","ping_status":"closed","template":"","meta":{"_acf_changed":false,"_glsr_average":0,"_glsr_ranking":0,"_glsr_reviews":0},"product_brand":[],"product_cat":[1046,78],"product_tag":[],"class_list":{"0":"post-109285","1":"product","2":"type-product","3":"status-publish","4":"has-post-thumbnail","6":"product_cat-poppers","7":"product_cat-petits-flacons","8":"pa_flaschenform-rond-petit","9":"pa_gewindegroesse-small","10":"pa_inhalt-10ml","11":"pa_inhaltsstoffe-nitrite-dalcool-isoamylique","12":"pa_marke-amsterdam-poppers","13":"pa_staerke-90","15":"first","16":"instock","17":"taxable","18":"shipping-taxable","19":"purchasable","20":"product-type-simple"},"acf":[],"_links":{"self":[{"href":"https:\/\/dev.poppers-online.ch\/fr\/wp-json\/wp\/v2\/product\/109285","targetHints":{"allow":["GET"]}}],"collection":[{"href":"https:\/\/dev.poppers-online.ch\/fr\/wp-json\/wp\/v2\/product"}],"about":[{"href":"https:\/\/dev.poppers-online.ch\/fr\/wp-json\/wp\/v2\/types\/product"}],"replies":[{"embeddable":true,"href":"https:\/\/dev.poppers-online.ch\/fr\/wp-json\/wp\/v2\/comments?post=109285"}],"wp:featuredmedia":[{"embeddable":true,"href":"https:\/\/dev.poppers-online.ch\/fr\/wp-json\/wp\/v2\/media\/109261"}],"wp:attachment":[{"href":"https:\/\/dev.poppers-online.ch\/fr\/wp-json\/wp\/v2\/media?parent=109285"}],"wp:term":[{"taxonomy":"product_brand","embeddable":true,"href":"https:\/\/dev.poppers-online.ch\/fr\/wp-json\/wp\/v2\/product_brand?post=109285"},{"taxonomy":"product_cat","embeddable":true,"href":"https:\/\/dev.poppers-online.ch\/fr\/wp-json\/wp\/v2\/product_cat?post=109285"},{"taxonomy":"product_tag","embeddable":true,"href":"https:\/\/dev.poppers-online.ch\/fr\/wp-json\/wp\/v2\/product_tag?post=109285"}],"curies":[{"name":"wp","href":"https:\/\/api.w.org\/{rel}","templated":true}]}}