{"id":110108,"date":"2025-01-22T13:32:12","date_gmt":"2025-01-22T12:38:56","guid":{"rendered":"https:\/\/poppers-online.ch\/produkt\/pentyl-nitrite-poppers-combo\/"},"modified":"2025-04-11T18:05:08","modified_gmt":"2025-04-11T16:05:08","slug":"pentyl-nitrite-poppers-combo","status":"publish","type":"product","link":"https:\/\/dev.poppers-online.ch\/fr\/produit\/pentyl-nitrite-poppers-combo\/","title":{"rendered":"Pentyl Nitrite Poppers Combo"},"content":{"rendered":"","protected":false},"excerpt":{"rendered":"<p>Le <strong>combo Pentyl Nitrite Poppers<\/strong> est parfait pour ceux qui veulent faire l&rsquo;exp\u00e9rience de poppers puissants et intenses. Ce kit contient trois flacons exceptionnels de nitrite d&rsquo;alcool pentylique\/isoamylique &#8211; id\u00e9al pour des nuits torrides, des exp\u00e9riences excitantes et des fantasmes sans limites. <\/p>\n<h3><strong>L&rsquo;ensemble contient<\/strong><\/h3>\n<ul>\n<li><strong>Twisted Beast Black Label Poppers (24ml) :<\/strong><br \/>\nLe classique du Royaume-Uni ! Twisted Beast est une marque culte de la sc\u00e8ne hardcore gay sex d&rsquo;Angleterre et fait partie des poppers les plus puissants disponibles au Royaume-Uni. Avec ce poppers, plus besoin de vous rendre \u00e0 Soho pour d\u00e9couvrir le meilleur de Twisted Beast. Montrez \u00e0 quel point vous \u00eates sauvage et d\u00e9brid\u00e9 et r\u00e9alisez vos fantasmes les plus sales.   <\/li>\n<li><strong>Berlin Hard Pentyl Poppers (24ml) :<\/strong><br \/>\nLes vibrations de Berlin directement chez vous ! Berlin, la capitale europ\u00e9enne du sexe gay, est synonyme de plaisir et d&rsquo;aventure d\u00e9brid\u00e9s. Avec Berlin Hard Pentyl Poppers, vous pouvez vivre vos d\u00e9sirs les plus fous, passivement ou activement, sans inhibition et sans compromis. Vivez la libert\u00e9 qui rend Berlin si unique.   <\/li>\n<li><strong>Meta Pentyl Poppers (24ml) :<\/strong><br \/>\nInnovation pour le monde des poppers ! Gr\u00e2ce \u00e0 la nouvelle formule \u00ab\u00a0Matrix of Life\u00a0\u00bb, Meta Pentyl Poppers fait dispara\u00eetre les inhibitions, fait durer la tension sexuelle et intensifie les orgasmes. Les t\u00e9moignages parlent d&rsquo;un point culminant qui ressemble \u00e0 une vague d&rsquo;extase sans fin. \u00c9galement disponible en version 10 ml.   <\/li>\n<\/ul>\n<p><strong>Vivez un plaisir sans limite et ressentez l&rsquo;intensit\u00e9 du nitrite de pentyle. Avec le combo Pentyl Nitrite Poppers, vous \u00eates parfaitement \u00e9quip\u00e9 pour des nuits folles de passion et d&rsquo;extase. Commandez d\u00e8s maintenant et l&rsquo;aventure commence !  <\/strong><\/p>\n","protected":false},"featured_media":110104,"comment_status":"open","ping_status":"closed","template":"","meta":{"_acf_changed":false,"_glsr_average":0,"_glsr_ranking":0,"_glsr_reviews":0},"product_brand":[],"product_cat":[1046,76,77],"product_tag":[],"class_list":{"0":"post-110108","1":"product","2":"type-product","3":"status-publish","4":"has-post-thumbnail","6":"product_cat-poppers","7":"product_cat-paquets-economiques","8":"product_cat-grands-flacons","9":"pa_flaschenform-ovale","10":"pa_inhalt-combo","11":"pa_inhalt-24ml","12":"pa_inhaltsstoffe-nitrite-dalcool-isoamylique","13":"pa_marke-berlin-poppers","14":"pa_marke-twisted-beast","15":"pa_staerke-91","17":"first","18":"instock","19":"sale","20":"taxable","21":"shipping-taxable","22":"purchasable","23":"product-type-simple"},"acf":[],"_links":{"self":[{"href":"https:\/\/dev.poppers-online.ch\/fr\/wp-json\/wp\/v2\/product\/110108","targetHints":{"allow":["GET"]}}],"collection":[{"href":"https:\/\/dev.poppers-online.ch\/fr\/wp-json\/wp\/v2\/product"}],"about":[{"href":"https:\/\/dev.poppers-online.ch\/fr\/wp-json\/wp\/v2\/types\/product"}],"replies":[{"embeddable":true,"href":"https:\/\/dev.poppers-online.ch\/fr\/wp-json\/wp\/v2\/comments?post=110108"}],"wp:featuredmedia":[{"embeddable":true,"href":"https:\/\/dev.poppers-online.ch\/fr\/wp-json\/wp\/v2\/media\/110104"}],"wp:attachment":[{"href":"https:\/\/dev.poppers-online.ch\/fr\/wp-json\/wp\/v2\/media?parent=110108"}],"wp:term":[{"taxonomy":"product_brand","embeddable":true,"href":"https:\/\/dev.poppers-online.ch\/fr\/wp-json\/wp\/v2\/product_brand?post=110108"},{"taxonomy":"product_cat","embeddable":true,"href":"https:\/\/dev.poppers-online.ch\/fr\/wp-json\/wp\/v2\/product_cat?post=110108"},{"taxonomy":"product_tag","embeddable":true,"href":"https:\/\/dev.poppers-online.ch\/fr\/wp-json\/wp\/v2\/product_tag?post=110108"}],"curies":[{"name":"wp","href":"https:\/\/api.w.org\/{rel}","templated":true}]}}