{"id":110141,"date":"2025-01-22T14:47:00","date_gmt":"2025-01-22T13:47:00","guid":{"rendered":"https:\/\/poppers-online.ch\/produkt\/delirium-poppers-combo\/"},"modified":"2025-08-18T13:18:53","modified_gmt":"2025-08-18T11:18:53","slug":"delirium-poppers-combo","status":"publish","type":"product","link":"https:\/\/dev.poppers-online.ch\/fr\/produit\/delirium-poppers-combo\/","title":{"rendered":"Delirium Poppers Combo"},"content":{"rendered":"","protected":false},"excerpt":{"rendered":"<p>Le <strong>Delirium Poppers Combo <\/strong>se compose de trois petits flacons de poppers qui offrent des sensations puissantes et intenses. Ce kit exclusif est parfait pour ceux qui recherchent des aventures excitantes et des effets de longue dur\u00e9e. Chaque flacon du kit offre une exp\u00e9rience unique et est id\u00e9al pour tester tes limites et d\u00e9couvrir de nouveaux sommets de plaisir.  <\/p>\n<p><strong>L&rsquo;ensemble contient<\/strong><\/p>\n<ul>\n<li><strong>Amsterdam XXX Ultra Strong Poppers (10ml) :<\/strong><br \/>\nPuissant et intense \u2013 Amsterdam XXX vous emm\u00e8ne dans un voyage de d\u00e9tente profonde et de plaisir sans retenue. Fabriqu\u00e9 avec de l&rsquo;alcool nitrite d&rsquo;isoamyle, ce poppers te ravira par sa puissance et ses effets durables. Vis tes aventures sexuelles les plus chaudes ou une session de masturbation excitante et atteins tes sommets sexuels \u00e0 un nouveau niveau avec Amsterdam XXX Ultra Strong Poppers.  <\/li>\n<li><strong>Amsterdam Hardcore Poppers (10ml) :<\/strong><br \/>\nPour une exp\u00e9rience hardcore comme nulle autre ! La nouvelle formule puissante au N-pentanol te donne un coup de boost imm\u00e9diat et un effet extra-longue dur\u00e9e. Pr\u00e9pare-toi \u00e0 l&rsquo;ivresse ultime de poppers, laisse tomber tes inhibitions et augmente ton plaisir \u00e0 l&rsquo;infini. Amsterdam Hardcore Poppers est disponible en 10ml et 24 ml. Procure-toi Amsterdam Hardcore d\u00e8s maintenant et vis le frisson ultime.    <\/li>\n<li><strong>Twisted Beast Black Label Poppers (10ml) :<\/strong><br \/>\nUn classique parmi les poppers ! Twisted Beast du Royaume-Uni ! Twisted Beast Black Label contient du pentyl\/isoamyl alcool nitrite et est connu pour son effet extr\u00eamement puissant. Les poppers de Twisted Beast sont parmi les plus extr\u00eames du Royaume-Uni et t&rsquo;apportent la c\u00e9l\u00e8bre marque de sexe gay hardcore directement chez toi. Plus besoin d&rsquo;aller \u00e0 Soho pour faire l&rsquo;exp\u00e9rience de Twisted Beast \u2013 montre \u00e0 quel point tu peux \u00eatre sauvage et r\u00e9alise tes fantasmes les plus sales.   <\/li>\n<\/ul>\n<p><strong>Lib\u00e8re ton c\u00f4t\u00e9 sauvage et vis des sensations intenses et inoubliables avec le Delirium Poppers Combo. Commande d\u00e8s maintenant et plonge dans l&rsquo;extr\u00eame ! <\/strong><\/p>\n","protected":false},"featured_media":133131,"comment_status":"open","ping_status":"closed","template":"","meta":{"_acf_changed":false,"_glsr_average":0,"_glsr_ranking":0,"_glsr_reviews":0},"product_brand":[],"product_cat":[1046,76,78],"product_tag":[],"class_list":{"0":"post-110141","1":"product","2":"type-product","3":"status-publish","4":"has-post-thumbnail","6":"product_cat-poppers","7":"product_cat-paquets-economiques","8":"product_cat-petits-flacons","9":"pa_flaschenform-rond-petit","10":"pa_gewindegroesse-small","11":"pa_inhalt-combo","12":"pa_inhalt-10ml","13":"pa_inhaltsstoffe-nitrite-dalcool-isoamylique","14":"pa_marke-amsterdam-poppers","15":"pa_marke-twisted-beast","16":"pa_staerke-90","18":"first","19":"instock","20":"sale","21":"taxable","22":"shipping-taxable","23":"purchasable","24":"product-type-simple"},"acf":[],"_links":{"self":[{"href":"https:\/\/dev.poppers-online.ch\/fr\/wp-json\/wp\/v2\/product\/110141","targetHints":{"allow":["GET"]}}],"collection":[{"href":"https:\/\/dev.poppers-online.ch\/fr\/wp-json\/wp\/v2\/product"}],"about":[{"href":"https:\/\/dev.poppers-online.ch\/fr\/wp-json\/wp\/v2\/types\/product"}],"replies":[{"embeddable":true,"href":"https:\/\/dev.poppers-online.ch\/fr\/wp-json\/wp\/v2\/comments?post=110141"}],"wp:featuredmedia":[{"embeddable":true,"href":"https:\/\/dev.poppers-online.ch\/fr\/wp-json\/wp\/v2\/media\/133131"}],"wp:attachment":[{"href":"https:\/\/dev.poppers-online.ch\/fr\/wp-json\/wp\/v2\/media?parent=110141"}],"wp:term":[{"taxonomy":"product_brand","embeddable":true,"href":"https:\/\/dev.poppers-online.ch\/fr\/wp-json\/wp\/v2\/product_brand?post=110141"},{"taxonomy":"product_cat","embeddable":true,"href":"https:\/\/dev.poppers-online.ch\/fr\/wp-json\/wp\/v2\/product_cat?post=110141"},{"taxonomy":"product_tag","embeddable":true,"href":"https:\/\/dev.poppers-online.ch\/fr\/wp-json\/wp\/v2\/product_tag?post=110141"}],"curies":[{"name":"wp","href":"https:\/\/api.w.org\/{rel}","templated":true}]}}