{"id":110443,"date":"2025-01-26T16:37:23","date_gmt":"2025-01-26T15:37:23","guid":{"rendered":"https:\/\/poppers-online.ch\/produkt\/boy-butter-h2o-creme-lubrifiante-237-ml\/"},"modified":"2025-01-29T14:49:33","modified_gmt":"2025-01-29T13:49:33","slug":"boy-butter-h2o-creme-lubrifiante-237-ml","status":"publish","type":"product","link":"https:\/\/dev.poppers-online.ch\/fr\/produit\/boy-butter-h2o-creme-lubrifiante-237-ml\/","title":{"rendered":"Boy Butter H2O cr\u00e8me lubrifiante 237ml"},"content":{"rendered":"","protected":false},"excerpt":{"rendered":"<p><strong>Boy Butter H2O cr\u00e8me lubrifiante 237ml.<\/strong>  Vous ne vous rendrez pas compte que ce n&rsquo;est pas du Boy Butter ! Ce Boy Butter est un lubrifiant r\u00e9volutionnaire \u00e0 base d&rsquo;eau qui a \u00e9t\u00e9 d\u00e9velopp\u00e9 apr\u00e8s des ann\u00e9es d&rsquo;essais. Nos chimistes ont d\u00e9fi\u00e9 toutes les lois de la nature et ont trouv\u00e9 un m\u00e9lange id\u00e9al d&rsquo;eau purifi\u00e9e, d&rsquo;aloe vera, de beurre de karit\u00e9 et d&rsquo;un soup\u00e7on d&rsquo;extrait de vanille. Le r\u00e9sultat ? Une cr\u00e8me \u00e0 base d&rsquo;eau l\u00e9g\u00e8re, longue dur\u00e9e, qui ne tache pas et qui ne craint pas le latex. Vous n&rsquo;allez pas croire que ce n&rsquo;est pas un boy butter, tellement il est agr\u00e9able \u00e0 utiliser et vous fait du bien. Vous avez tout le plaisir, mais sans graisse ! Boy Butter est la marque culte de lubrifiants. Fond\u00e9e en 2003 par Eyal Feldman \u00e0 New York, elle est connue pour ses produits qui ont une longue dur\u00e9e de vie pendant l&rsquo;utilisation et une formulation qui respecte la peau. L&rsquo;une des caract\u00e9ristiques de la marque est le design innovant de son emballage &#8211; les lubrifiants sont conditionn\u00e9s dans des r\u00e9cipients qui ressemblent \u00e0 des pots de beurre classiques.      <\/p>\n","protected":false},"featured_media":110413,"comment_status":"open","ping_status":"closed","template":"","meta":{"_acf_changed":false,"_glsr_average":0,"_glsr_ranking":0,"_glsr_reviews":0},"product_brand":[],"product_cat":[2067,166],"product_tag":[],"class_list":{"0":"post-110443","1":"product","2":"type-product","3":"status-publish","4":"has-post-thumbnail","6":"product_cat-lubrifiant","7":"product_cat-droguerie","9":"first","10":"instock","11":"taxable","12":"shipping-taxable","13":"purchasable","14":"product-type-simple"},"acf":[],"_links":{"self":[{"href":"https:\/\/dev.poppers-online.ch\/fr\/wp-json\/wp\/v2\/product\/110443","targetHints":{"allow":["GET"]}}],"collection":[{"href":"https:\/\/dev.poppers-online.ch\/fr\/wp-json\/wp\/v2\/product"}],"about":[{"href":"https:\/\/dev.poppers-online.ch\/fr\/wp-json\/wp\/v2\/types\/product"}],"replies":[{"embeddable":true,"href":"https:\/\/dev.poppers-online.ch\/fr\/wp-json\/wp\/v2\/comments?post=110443"}],"wp:featuredmedia":[{"embeddable":true,"href":"https:\/\/dev.poppers-online.ch\/fr\/wp-json\/wp\/v2\/media\/110413"}],"wp:attachment":[{"href":"https:\/\/dev.poppers-online.ch\/fr\/wp-json\/wp\/v2\/media?parent=110443"}],"wp:term":[{"taxonomy":"product_brand","embeddable":true,"href":"https:\/\/dev.poppers-online.ch\/fr\/wp-json\/wp\/v2\/product_brand?post=110443"},{"taxonomy":"product_cat","embeddable":true,"href":"https:\/\/dev.poppers-online.ch\/fr\/wp-json\/wp\/v2\/product_cat?post=110443"},{"taxonomy":"product_tag","embeddable":true,"href":"https:\/\/dev.poppers-online.ch\/fr\/wp-json\/wp\/v2\/product_tag?post=110443"}],"curies":[{"name":"wp","href":"https:\/\/api.w.org\/{rel}","templated":true}]}}