{"id":110561,"date":"2025-01-28T13:43:32","date_gmt":"2025-01-28T12:43:32","guid":{"rendered":"https:\/\/poppers-online.ch\/produkt\/fist-pentyl-deep-formula-poppers-10ml\/"},"modified":"2025-10-03T02:06:01","modified_gmt":"2025-10-03T00:06:01","slug":"fist-pentyl-deep-formula-poppers-10ml","status":"publish","type":"product","link":"https:\/\/dev.poppers-online.ch\/fr\/produit\/fist-pentyl-deep-formula-poppers-10ml\/","title":{"rendered":"Fist Pentyl Deep Formula Poppers 10ml"},"content":{"rendered":"","protected":false},"excerpt":{"rendered":"<p><b>Fist Pentyl Deep Formula Poppers 10ml<\/b><span style=\"font-weight: 400;\"> contient du nitrite de pentyle hautement efficace et de longue dur\u00e9e. La formule Deep Formula a \u00e9t\u00e9 con\u00e7ue pour rendre votre session de fist encore plus intense et plus excitante. Les amateurs de fisting du monde entier ont \u00e9t\u00e9 s\u00e9duits par cette formule pendant des ann\u00e9es. Mettez le Fist Deep Formula dans votre poche et pr\u00e9parez-vous pour votre prochaine session de fist. Si votre session est plus longue, commandez la version <a href=\"https:\/\/dev.poppers-online.ch\/produkt\/fist-pentyl-deep-formula-poppers-24ml\/\">24ml<\/a>.<br \/>\n<\/span><\/p>\n","protected":false},"featured_media":133136,"comment_status":"open","ping_status":"closed","template":"","meta":{"_acf_changed":false,"_glsr_average":0,"_glsr_ranking":0,"_glsr_reviews":0},"product_brand":[],"product_cat":[1046,78],"product_tag":[],"class_list":{"0":"post-110561","1":"product","2":"type-product","3":"status-publish","4":"has-post-thumbnail","6":"product_cat-poppers","7":"product_cat-petits-flacons","8":"pa_flaschenform-rond-petit","9":"pa_gewindegroesse-small","10":"pa_inhalt-10ml","11":"pa_inhaltsstoffe-nitrite-dalcool-isoamylique","12":"pa_marke-fist-poppers","13":"pa_staerke-91","15":"first","16":"instock","17":"taxable","18":"shipping-taxable","19":"purchasable","20":"product-type-simple"},"acf":[],"_links":{"self":[{"href":"https:\/\/dev.poppers-online.ch\/fr\/wp-json\/wp\/v2\/product\/110561","targetHints":{"allow":["GET"]}}],"collection":[{"href":"https:\/\/dev.poppers-online.ch\/fr\/wp-json\/wp\/v2\/product"}],"about":[{"href":"https:\/\/dev.poppers-online.ch\/fr\/wp-json\/wp\/v2\/types\/product"}],"replies":[{"embeddable":true,"href":"https:\/\/dev.poppers-online.ch\/fr\/wp-json\/wp\/v2\/comments?post=110561"}],"wp:featuredmedia":[{"embeddable":true,"href":"https:\/\/dev.poppers-online.ch\/fr\/wp-json\/wp\/v2\/media\/133136"}],"wp:attachment":[{"href":"https:\/\/dev.poppers-online.ch\/fr\/wp-json\/wp\/v2\/media?parent=110561"}],"wp:term":[{"taxonomy":"product_brand","embeddable":true,"href":"https:\/\/dev.poppers-online.ch\/fr\/wp-json\/wp\/v2\/product_brand?post=110561"},{"taxonomy":"product_cat","embeddable":true,"href":"https:\/\/dev.poppers-online.ch\/fr\/wp-json\/wp\/v2\/product_cat?post=110561"},{"taxonomy":"product_tag","embeddable":true,"href":"https:\/\/dev.poppers-online.ch\/fr\/wp-json\/wp\/v2\/product_tag?post=110561"}],"curies":[{"name":"wp","href":"https:\/\/api.w.org\/{rel}","templated":true}]}}