{"id":111239,"date":"2025-02-02T15:36:18","date_gmt":"2025-02-02T14:46:08","guid":{"rendered":"https:\/\/poppers-online.ch\/produkt\/calexotics-pinces-a-mamelons-tiered-nipple-play\/"},"modified":"2025-02-04T12:29:00","modified_gmt":"2025-02-04T11:29:00","slug":"calexotics-pinces-a-mamelons-tiered-nipple-play","status":"publish","type":"product","link":"https:\/\/dev.poppers-online.ch\/fr\/produit\/calexotics-pinces-a-mamelons-tiered-nipple-play\/","title":{"rendered":"CalExotics Pinces \u00e0 mamelons Tiered Nipple Play"},"content":{"rendered":"","protected":false},"excerpt":{"rendered":"<p><strong>  CalExotics Nipple Play Tiered Nipple Clamps &#8211; Une stimulation sensuelle pour un plaisir sans limite<\/strong><\/p>\n<p>D\u00e9couvrez de nouveaux sommets d&rsquo;<strong>extase \u00e9rotique<\/strong> avec les <strong>pinces \u00e0 t\u00e9tons Tiered Nipple Clamps de Nipple Play<\/strong>. Ce <strong>bijou f\u00e9tiche exotique<\/strong> a \u00e9t\u00e9 sp\u00e9cialement con\u00e7u pour une s\u00e9duction sensuelle et une stimulation excitante. Fixez les pinces \u00e0 t\u00e9tons <strong>enti\u00e8rement r\u00e9glables<\/strong> et profitez d&rsquo;une exp\u00e9rience orgasmique inoubliable.  <\/p>\n<p>&nbsp;<\/p>\n<p>Les pinces mesurent <strong>5,75 cm x 2,5 cm<\/strong>, sont en <strong>fer non terni sans nickel<\/strong> et sont \u00e9quip\u00e9es de <strong>coussinets souples en PVC sans phtalate<\/strong> pour un confort optimal. Les <strong>vis r\u00e9glables<\/strong> permettent un ajustement pr\u00e9cis pour une stimulation parfaite. Une <strong>double cha\u00eene robuste de haute qualit\u00e9<\/strong> relie les pinces et renforce la <strong>sensibilit\u00e9 intime<\/strong> ainsi que la <strong>satisfaction sensuelle<\/strong>.  <\/p>\n<p>&nbsp;<\/p>\n<p>\u2714 <strong>Polyvalent<\/strong> &#8211; pour elle et lui, id\u00e9al pour les jeux f\u00e9tichistes<br \/>\n\u2714 <strong>Pinces r\u00e9glables<\/strong> pour une pression personnalis\u00e9e<br \/>\n\u2714 <strong>Tampons en PVC souple<\/strong> pour un confort maximal<br \/>\n\u2714 <strong>Cha\u00eene m\u00e9tallique de haute qualit\u00e9<\/strong> pour une stimulation plus intense<\/p>\n<p>&nbsp;<\/p>\n<p>Pour des sensations encore plus intenses, utilisez les pinces avec un <strong>gel stimulant pour l&rsquo;excitation<\/strong> ou un lubrifiant de qualit\u00e9. Elles ont \u00e9t\u00e9 sp\u00e9cialement con\u00e7ues pour les mamelons, mais peuvent \u00e9galement \u00eatre utilis\u00e9es sur d&rsquo;autres <strong>parties du corps particuli\u00e8rement sensibles<\/strong>. Votre imagination n&rsquo;a pas de limites ! Pour en savoir plus sur la stimulation \u00e9rotique des mamelons, consultez notre article de blog<a href=\"https:\/\/dev.poppers-online.ch\/blog\/das-nippelspiel-spektrum\/\">intitul\u00e9 \u00ab\u00a0Le spectre du jeu des mamelons<\/a>\u00ab\u00a0.   <\/p>\n<p>Nettoyez apr\u00e8s chaque utilisation avec un <a href=\"https:\/\/dev.poppers-online.ch\/fr\/produit\/s8-organic-toycleaner-150ml\/\">Toy Cleaner<\/a>.<\/p>\n","protected":false},"featured_media":111230,"comment_status":"open","ping_status":"closed","template":"","meta":{"_acf_changed":false,"_glsr_average":0,"_glsr_ranking":0,"_glsr_reviews":0},"product_brand":[],"product_cat":[2100,171],"product_tag":[],"class_list":{"0":"post-111239","1":"product","2":"type-product","3":"status-publish","4":"has-post-thumbnail","6":"product_cat-nipple-play","7":"product_cat-sex-toys","9":"first","10":"instock","11":"taxable","12":"shipping-taxable","13":"purchasable","14":"product-type-simple"},"acf":[],"_links":{"self":[{"href":"https:\/\/dev.poppers-online.ch\/fr\/wp-json\/wp\/v2\/product\/111239","targetHints":{"allow":["GET"]}}],"collection":[{"href":"https:\/\/dev.poppers-online.ch\/fr\/wp-json\/wp\/v2\/product"}],"about":[{"href":"https:\/\/dev.poppers-online.ch\/fr\/wp-json\/wp\/v2\/types\/product"}],"replies":[{"embeddable":true,"href":"https:\/\/dev.poppers-online.ch\/fr\/wp-json\/wp\/v2\/comments?post=111239"}],"wp:featuredmedia":[{"embeddable":true,"href":"https:\/\/dev.poppers-online.ch\/fr\/wp-json\/wp\/v2\/media\/111230"}],"wp:attachment":[{"href":"https:\/\/dev.poppers-online.ch\/fr\/wp-json\/wp\/v2\/media?parent=111239"}],"wp:term":[{"taxonomy":"product_brand","embeddable":true,"href":"https:\/\/dev.poppers-online.ch\/fr\/wp-json\/wp\/v2\/product_brand?post=111239"},{"taxonomy":"product_cat","embeddable":true,"href":"https:\/\/dev.poppers-online.ch\/fr\/wp-json\/wp\/v2\/product_cat?post=111239"},{"taxonomy":"product_tag","embeddable":true,"href":"https:\/\/dev.poppers-online.ch\/fr\/wp-json\/wp\/v2\/product_tag?post=111239"}],"curies":[{"name":"wp","href":"https:\/\/api.w.org\/{rel}","templated":true}]}}