{"id":112639,"date":"2025-02-20T13:11:10","date_gmt":"2025-02-20T12:30:37","guid":{"rendered":"https:\/\/poppers-online.ch\/produkt\/etalon-excite-ultra-strong-poppers-alu-10ml\/"},"modified":"2025-09-15T09:08:05","modified_gmt":"2025-09-15T07:08:05","slug":"geiler-hengst-ultra-strong-poppers-alu-10ml","status":"publish","type":"product","link":"https:\/\/dev.poppers-online.ch\/fr\/produit\/geiler-hengst-ultra-strong-poppers-alu-10ml\/","title":{"rendered":"Geiler Hengst Ultra Strong Poppers Alu 10ml"},"content":{"rendered":"","protected":false},"excerpt":{"rendered":"<p><span style=\"font-weight: 400;\">Le <\/span><strong>Geiler Hengst Ultra Strong Poppers Alu 10ml<\/strong> <span style=\"font-weight: 400;\">de Royal Hexagon en mini-bouteille d&rsquo;aluminium est sur le march\u00e9 depuis 2025. Ce poppers r\u00e9veille l&rsquo;\u00e9talon sauvage au sang pur qui sommeille en vous. Pr\u00e9parez-vous \u00e0 votre prochaine chevauch\u00e9e d&rsquo;enfer avec le Geiler Hengst Ultra Strong Poppers. Le Poppers Ultra Strong de Geiler Hengst contient du nitrite d&rsquo;alkyle, appel\u00e9 nitrite d&rsquo;hexyle, qui est le moins nocif pour la sant\u00e9. Avec une force de 6, il fait partie des poppers les plus forts sur le march\u00e9. La petite bouteille en aluminium contient 10 ml de liquide, comme les bouteilles en verre traditionnelles. Mais elle est l\u00e9g\u00e8re comme une plume et sa forme fine est id\u00e9ale pour se glisser dans une poche de pantalon. <\/span><\/p>\n","protected":false},"featured_media":112634,"comment_status":"open","ping_status":"closed","template":"","meta":{"_acf_changed":false,"_glsr_average":0,"_glsr_ranking":0,"_glsr_reviews":0},"product_brand":[],"product_cat":[1046,78],"product_tag":[],"class_list":{"0":"post-112639","1":"product","2":"type-product","3":"status-publish","4":"has-post-thumbnail","6":"product_cat-poppers","7":"product_cat-petits-flacons","8":"pa_inhalt-10ml","9":"pa_inhaltsstoffe-nitrite-dhexyle","10":"pa_marke-royal-hexagon-fr","11":"pa_staerke-91","13":"first","14":"instock","15":"taxable","16":"shipping-taxable","17":"purchasable","18":"product-type-simple"},"acf":[],"_links":{"self":[{"href":"https:\/\/dev.poppers-online.ch\/fr\/wp-json\/wp\/v2\/product\/112639","targetHints":{"allow":["GET"]}}],"collection":[{"href":"https:\/\/dev.poppers-online.ch\/fr\/wp-json\/wp\/v2\/product"}],"about":[{"href":"https:\/\/dev.poppers-online.ch\/fr\/wp-json\/wp\/v2\/types\/product"}],"replies":[{"embeddable":true,"href":"https:\/\/dev.poppers-online.ch\/fr\/wp-json\/wp\/v2\/comments?post=112639"}],"wp:featuredmedia":[{"embeddable":true,"href":"https:\/\/dev.poppers-online.ch\/fr\/wp-json\/wp\/v2\/media\/112634"}],"wp:attachment":[{"href":"https:\/\/dev.poppers-online.ch\/fr\/wp-json\/wp\/v2\/media?parent=112639"}],"wp:term":[{"taxonomy":"product_brand","embeddable":true,"href":"https:\/\/dev.poppers-online.ch\/fr\/wp-json\/wp\/v2\/product_brand?post=112639"},{"taxonomy":"product_cat","embeddable":true,"href":"https:\/\/dev.poppers-online.ch\/fr\/wp-json\/wp\/v2\/product_cat?post=112639"},{"taxonomy":"product_tag","embeddable":true,"href":"https:\/\/dev.poppers-online.ch\/fr\/wp-json\/wp\/v2\/product_tag?post=112639"}],"curies":[{"name":"wp","href":"https:\/\/api.w.org\/{rel}","templated":true}]}}