{"id":112677,"date":"2025-02-20T14:09:46","date_gmt":"2025-02-20T14:09:00","guid":{"rendered":"https:\/\/poppers-online.ch\/produkt\/fuck-you-super-strong-poppers-alu-10ml\/"},"modified":"2025-08-28T11:42:12","modified_gmt":"2025-08-28T09:42:12","slug":"fuck-you-super-strong-poppers-alu-10ml","status":"publish","type":"product","link":"https:\/\/dev.poppers-online.ch\/fr\/produit\/fuck-you-super-strong-poppers-alu-10ml\/","title":{"rendered":"FUCK YOU Super Strong Poppers Alu 10ml"},"content":{"rendered":"","protected":false},"excerpt":{"rendered":"<p><span style=\"font-weight: 400;\">Le site <\/span><strong>FUCK YOU Super Strong Poppers Alu 10ml<\/strong><span style=\"font-weight: 400;\">  de Royal Hexagon en mini-bouteille d&rsquo;aluminium est sur le march\u00e9 depuis 2025. Le majeur tendu repr\u00e9sente la haine, le m\u00e9pris et le fait de vouloir \u00eatre laiss\u00e9 tranquille. Montrez \u00e0 votre slave boy ce doigt d&rsquo;honneur m\u00e9prisant la prochaine fois que vous le frapperez durement. Le poppers FUCK YOU Super Strong contient du nitrite d&rsquo;alkyle, appel\u00e9 nitrite d&rsquo;hexyle, qui est le moins nocif pour la sant\u00e9 et qui, avec sa force 6, fait partie des poppers les plus forts sur le march\u00e9. La petite bouteille en aluminium contient 10 ml de liquide, comme les bouteilles en verre traditionnelles. Mais elle est l\u00e9g\u00e8re comme une plume et sa forme fine est id\u00e9ale pour se glisser dans une poche de pantalon.     <\/span><\/p>\n","protected":false},"featured_media":112649,"comment_status":"open","ping_status":"closed","template":"","meta":{"_acf_changed":false,"_glsr_average":0,"_glsr_ranking":0,"_glsr_reviews":0},"product_brand":[],"product_cat":[1046,78],"product_tag":[],"class_list":{"0":"post-112677","1":"product","2":"type-product","3":"status-publish","4":"has-post-thumbnail","6":"product_cat-poppers","7":"product_cat-petits-flacons","8":"pa_inhalt-10ml","9":"pa_inhaltsstoffe-nitrite-dhexyle","10":"pa_marke-royal-hexagon-fr","11":"pa_staerke-91","13":"first","14":"instock","15":"taxable","16":"shipping-taxable","17":"purchasable","18":"product-type-simple"},"acf":[],"_links":{"self":[{"href":"https:\/\/dev.poppers-online.ch\/fr\/wp-json\/wp\/v2\/product\/112677","targetHints":{"allow":["GET"]}}],"collection":[{"href":"https:\/\/dev.poppers-online.ch\/fr\/wp-json\/wp\/v2\/product"}],"about":[{"href":"https:\/\/dev.poppers-online.ch\/fr\/wp-json\/wp\/v2\/types\/product"}],"replies":[{"embeddable":true,"href":"https:\/\/dev.poppers-online.ch\/fr\/wp-json\/wp\/v2\/comments?post=112677"}],"wp:featuredmedia":[{"embeddable":true,"href":"https:\/\/dev.poppers-online.ch\/fr\/wp-json\/wp\/v2\/media\/112649"}],"wp:attachment":[{"href":"https:\/\/dev.poppers-online.ch\/fr\/wp-json\/wp\/v2\/media?parent=112677"}],"wp:term":[{"taxonomy":"product_brand","embeddable":true,"href":"https:\/\/dev.poppers-online.ch\/fr\/wp-json\/wp\/v2\/product_brand?post=112677"},{"taxonomy":"product_cat","embeddable":true,"href":"https:\/\/dev.poppers-online.ch\/fr\/wp-json\/wp\/v2\/product_cat?post=112677"},{"taxonomy":"product_tag","embeddable":true,"href":"https:\/\/dev.poppers-online.ch\/fr\/wp-json\/wp\/v2\/product_tag?post=112677"}],"curies":[{"name":"wp","href":"https:\/\/api.w.org\/{rel}","templated":true}]}}