{"id":112678,"date":"2025-02-20T14:51:30","date_gmt":"2025-02-20T14:09:01","guid":{"rendered":"https:\/\/poppers-online.ch\/produkt\/poppers-online-signature-edition-maximal-strong-poppers-alu-10ml\/"},"modified":"2025-02-20T21:04:35","modified_gmt":"2025-02-20T20:04:35","slug":"poppers-online-signature-edition-maximal-strong-poppers-alu-10ml","status":"publish","type":"product","link":"https:\/\/dev.poppers-online.ch\/fr\/produit\/poppers-online-signature-edition-maximal-strong-poppers-alu-10ml\/","title":{"rendered":"Poppers Online Signature Edition Maximal Strong Poppers Alu 10ml"},"content":{"rendered":"","protected":false},"excerpt":{"rendered":"<p><span style=\"font-weight: 400;\">Le site <\/span><strong>Poppers Online Signature Edition Maximal Strong Poppers Alu 10ml<\/strong><span style=\"font-weight: 400;\">  de Royal Hexagon en mini-bouteille d&rsquo;aluminium est sur le march\u00e9 depuis 2025. Notre \u00e9dition Signature de Poppers Online est synonyme de produits Poppers s\u00fbrs et de qualit\u00e9, d&rsquo;un traitement rapide et d&rsquo;un service client simple. Poppers Online est \u00e9galement synonyme d&rsquo;\u00e9ducation professionnelle et continue sur les poppers et de d\u00e9stigmatisation des poppers en Suisse, en Europe et dans le monde entier. Le Poppers Online Signature Edition Maximal Strong Poppers contient le nitrite d&rsquo;alkyle le moins nocif pour la sant\u00e9, appel\u00e9 nitrite d&rsquo;hexyle, et fait partie, avec sa force 5, des poppers les plus forts du march\u00e9. La petite bouteille en aluminium contient 10 ml de liquide, comme les bouteilles en verre traditionnelles. Mais elle est l\u00e9g\u00e8re comme une plume et sa forme fine est id\u00e9ale pour se glisser dans une poche de pantalon.     <\/span><\/p>\n","protected":false},"featured_media":112670,"comment_status":"open","ping_status":"closed","template":"","meta":{"_acf_changed":false,"_glsr_average":0,"_glsr_ranking":0,"_glsr_reviews":0},"product_brand":[],"product_cat":[1046,78],"product_tag":[],"class_list":{"0":"post-112678","1":"product","2":"type-product","3":"status-publish","4":"has-post-thumbnail","6":"product_cat-poppers","7":"product_cat-petits-flacons","8":"pa_inhalt-10ml","9":"pa_inhaltsstoffe-nitrite-dhexyle","10":"pa_marke-royal-hexagon-fr","11":"pa_staerke-90","13":"first","14":"instock","15":"taxable","16":"shipping-taxable","17":"purchasable","18":"product-type-simple"},"acf":[],"_links":{"self":[{"href":"https:\/\/dev.poppers-online.ch\/fr\/wp-json\/wp\/v2\/product\/112678","targetHints":{"allow":["GET"]}}],"collection":[{"href":"https:\/\/dev.poppers-online.ch\/fr\/wp-json\/wp\/v2\/product"}],"about":[{"href":"https:\/\/dev.poppers-online.ch\/fr\/wp-json\/wp\/v2\/types\/product"}],"replies":[{"embeddable":true,"href":"https:\/\/dev.poppers-online.ch\/fr\/wp-json\/wp\/v2\/comments?post=112678"}],"wp:featuredmedia":[{"embeddable":true,"href":"https:\/\/dev.poppers-online.ch\/fr\/wp-json\/wp\/v2\/media\/112670"}],"wp:attachment":[{"href":"https:\/\/dev.poppers-online.ch\/fr\/wp-json\/wp\/v2\/media?parent=112678"}],"wp:term":[{"taxonomy":"product_brand","embeddable":true,"href":"https:\/\/dev.poppers-online.ch\/fr\/wp-json\/wp\/v2\/product_brand?post=112678"},{"taxonomy":"product_cat","embeddable":true,"href":"https:\/\/dev.poppers-online.ch\/fr\/wp-json\/wp\/v2\/product_cat?post=112678"},{"taxonomy":"product_tag","embeddable":true,"href":"https:\/\/dev.poppers-online.ch\/fr\/wp-json\/wp\/v2\/product_tag?post=112678"}],"curies":[{"name":"wp","href":"https:\/\/api.w.org\/{rel}","templated":true}]}}