{"id":114212,"date":"2025-03-12T14:51:39","date_gmt":"2025-03-12T14:38:29","guid":{"rendered":"https:\/\/poppers-online.ch\/produkt\/sniff-it-hard-etalon-excite-poppers-leakproof-pack\/"},"modified":"2025-11-29T11:27:09","modified_gmt":"2025-11-29T10:27:09","slug":"sniff-it-hard-etalon-excite-poppers-leakproof-pack","status":"publish","type":"product","link":"https:\/\/dev.poppers-online.ch\/fr\/produit\/sniff-it-hard-etalon-excite-poppers-leakproof-pack\/","title":{"rendered":"Sniff it Hard Geiler Hengst Poppers Leakproof-Pack"},"content":{"rendered":"","protected":false},"excerpt":{"rendered":"<p data-start=\"58\" data-end=\"112\"><strong data-start=\"58\" data-end=\"112\">Sniff it Hard Geiler Hengst Poppers Leakproof-Pack<\/strong><\/p>\n<p data-start=\"114\" data-end=\"276\">Vivez le frisson ultime avec le <strong data-start=\"150\" data-end=\"204\">pack de poppers anti-fuite Sniff it Hard Geiler Hengst<\/strong>! Ce pack \u00e9conomique exclusif de poppers contient deux produits de qualit\u00e9 :<\/p>\n<ul data-start=\"278\" data-end=\"385\">\n<li data-start=\"278\" data-end=\"327\"><strong data-start=\"280\" data-end=\"327\">Geiler Hengst Ultra Strong Poppers Alu 10ml<\/strong><\/li>\n<li data-start=\"328\" data-end=\"385\"><strong data-start=\"330\" data-end=\"385\">Poppers Booster Cap XTRM Double XS Black LEAK PROOF<\/strong><\/li>\n<\/ul>\n<hr data-start=\"387\" data-end=\"390\">\n<h3 data-start=\"392\" data-end=\"470\"><strong data-start=\"396\" data-end=\"470\">Geiler Hengst Ultra Strong Poppers Alu 10ml &#8211; Votre chevauch\u00e9e \u00e0 toute \u00e9preuve !<\/strong><\/h3>\n<p data-start=\"472\" data-end=\"958\">Le <strong data-start=\"476\" data-end=\"523\">Geiler Hengst Ultra Strong Poppers Alu 10ml<\/strong> de <strong data-start=\"528\" data-end=\"545\">Royal Hexagon<\/strong> est le coup d&rsquo;adr\u00e9naline absolu dans une mini-bouteille en aluminium ! Sur le march\u00e9 depuis 2025, ce poppers r\u00e9veille l&rsquo;\u00e9talon sauvage qui sommeille en vous. Avec sa puissante force 6 et sa <strong data-start=\"730\" data-end=\"745\">formule \u00e9prouv\u00e9e \u00e0 base de nitrite d&rsquo;hexyle<\/strong>, il fait partie des poppers les plus intenses du march\u00e9. Les 10 ml de liquide sont conditionn\u00e9s dans une bouteille en aluminium l\u00e9g\u00e8re et compacte qui se glisse parfaitement dans une poche \u2013 id\u00e9al pour les aventures spontan\u00e9es !   <\/p>\n<hr data-start=\"960\" data-end=\"963\">\n<h3 data-start=\"965\" data-end=\"1051\"><strong data-start=\"969\" data-end=\"1051\">Poppers Booster Cap XTRM Double XS Black LEAK PROOF \u2013 Le coup de pied qui ne fuit pas !<\/strong><\/h3>\n<p data-start=\"1053\" data-end=\"1585\">Pas de renversement, pas de fuite &#8211; gr\u00e2ce au <strong data-start=\"1094\" data-end=\"1149\">Poppers Booster Cap XTRM Double XS Black LEAK PROOF<\/strong>. Ce syst\u00e8me de fermeture innovant avec bouton-pression a \u00e9t\u00e9 sp\u00e9cialement con\u00e7u pour rendre les bouteilles de poppers s\u00fbres et anti-fuites. Il suffit de visser le booster <strong data-start=\"1297\" data-end=\"1311\">LEAK PROOF<\/strong> sur la bouteille et de laisser le poppers s&rsquo;\u00e9couler \u00e0 volont\u00e9 gr\u00e2ce au bouton-poussoir situ\u00e9 sur le c\u00f4t\u00e9. D\u00e8s que vous rel\u00e2chez le bouton, la bouteille redevient 100% \u00e9tanche \u2013 m\u00eame si elle se renverse, votre poppers reste en s\u00e9curit\u00e9 dans la bouteille. Ne gaspillez plus jamais !    <\/p>\n<p data-start=\"1587\" data-end=\"1881\">Cette capsule <strong data-start=\"1594\" data-end=\"1608\">LEAK PROOF<\/strong> Booster s&rsquo;adapte \u00e0 toutes les bouteilles en aluminium de 10 ml de <strong data-start=\"1665\" data-end=\"1682\">Royal Hexagon<\/strong> et vous permet de vivre une exp\u00e9rience encore plus intense, sans vous soucier des poppers renvers\u00e9s. Fabriqu\u00e9 avec beaucoup d&rsquo;engagement en Autriche, ce booster est le compl\u00e9ment parfait pour tous les fans de poppers. <\/p>\n<hr data-start=\"1883\" data-end=\"1886\">\n<h3 data-start=\"1888\" data-end=\"1914\"><strong data-start=\"1892\" data-end=\"1914\">Note d&rsquo;application :<\/strong><\/h3>\n<p data-start=\"1916\" data-end=\"2024\">Pour d\u00e9visser, tenez le <strong data-start=\"1937\" data-end=\"1951\">LEAK PROOF<\/strong> par le bas, vissez avec pr\u00e9caution et ne serrez pas trop le filetage.<\/p>\n<p data-start=\"2026\" data-end=\"2233\">Profitez maintenant d&rsquo;un coup de fouet et d&rsquo;un confort suppl\u00e9mentaires avec le <strong data-start=\"2081\" data-end=\"2135\">pack anti-fuite de Sniff it Hard Geiler Hengst Poppers<\/strong> &#8211; le compagnon id\u00e9al pour tous ceux qui veulent profiter au maximum de leur exp\u00e9rience Poppers !<\/p>\n","protected":false},"featured_media":114198,"comment_status":"open","ping_status":"closed","template":"","meta":{"_acf_changed":false,"_glsr_average":0,"_glsr_ranking":0,"_glsr_reviews":0},"product_brand":[],"product_cat":[1046,76,78,149,1303],"product_tag":[],"class_list":{"0":"post-114212","1":"product","2":"type-product","3":"status-publish","4":"has-post-thumbnail","6":"product_cat-poppers","7":"product_cat-paquets-economiques","8":"product_cat-petits-flacons","9":"product_cat-accessoires-poppers","10":"product_cat-booster-caps","11":"pa_inhalt-combo","12":"pa_inhalt-10ml","13":"pa_inhaltsstoffe-nitrite-dhexyle","14":"pa_marke-royal-hexagon-fr","15":"pa_staerke-91","17":"first","18":"instock","19":"sale","20":"taxable","21":"shipping-taxable","22":"purchasable","23":"product-type-simple"},"acf":[],"_links":{"self":[{"href":"https:\/\/dev.poppers-online.ch\/fr\/wp-json\/wp\/v2\/product\/114212","targetHints":{"allow":["GET"]}}],"collection":[{"href":"https:\/\/dev.poppers-online.ch\/fr\/wp-json\/wp\/v2\/product"}],"about":[{"href":"https:\/\/dev.poppers-online.ch\/fr\/wp-json\/wp\/v2\/types\/product"}],"replies":[{"embeddable":true,"href":"https:\/\/dev.poppers-online.ch\/fr\/wp-json\/wp\/v2\/comments?post=114212"}],"wp:featuredmedia":[{"embeddable":true,"href":"https:\/\/dev.poppers-online.ch\/fr\/wp-json\/wp\/v2\/media\/114198"}],"wp:attachment":[{"href":"https:\/\/dev.poppers-online.ch\/fr\/wp-json\/wp\/v2\/media?parent=114212"}],"wp:term":[{"taxonomy":"product_brand","embeddable":true,"href":"https:\/\/dev.poppers-online.ch\/fr\/wp-json\/wp\/v2\/product_brand?post=114212"},{"taxonomy":"product_cat","embeddable":true,"href":"https:\/\/dev.poppers-online.ch\/fr\/wp-json\/wp\/v2\/product_cat?post=114212"},{"taxonomy":"product_tag","embeddable":true,"href":"https:\/\/dev.poppers-online.ch\/fr\/wp-json\/wp\/v2\/product_tag?post=114212"}],"curies":[{"name":"wp","href":"https:\/\/api.w.org\/{rel}","templated":true}]}}