{"id":118006,"date":"2025-05-10T13:07:38","date_gmt":"2025-05-10T11:10:21","guid":{"rendered":"https:\/\/poppers-online.ch\/produkt\/sport-fucker-bullring-rouge\/"},"modified":"2025-05-19T10:34:36","modified_gmt":"2025-05-19T08:34:36","slug":"sport-fucker-bullring-rouge","status":"publish","type":"product","link":"https:\/\/dev.poppers-online.ch\/fr\/produit\/sport-fucker-bullring-rouge\/","title":{"rendered":"Sport Fucker Bullring rouge"},"content":{"rendered":"","protected":false},"excerpt":{"rendered":"<p>Le Bullring Sport Fucker rouge est un cockring cool au design \u00ab\u00a0bullring piercing\u00a0\u00bb en silicone flexible et m\u00e9dicalement pur. Le tout nouveau qui attire l&rsquo;attention dans la r\u00e9gion g\u00e9nitale ! Le Bullring est \u00e9galement disponible en bleu et en noir.  <\/p>\n<p>Mat\u00e9riau : silicone (m\u00e9dical)<br \/>\nCouleur : rouge<br \/>\nDiam\u00e8tre : 4.8 cm<br \/>\nFabricant : Sport Fucker<\/p>\n","protected":false},"featured_media":118004,"comment_status":"open","ping_status":"closed","template":"","meta":{"_acf_changed":false,"_glsr_average":0,"_glsr_ranking":0,"_glsr_reviews":0},"product_brand":[],"product_cat":[2091,171],"product_tag":[],"class_list":{"0":"post-118006","1":"product","2":"type-product","3":"status-publish","4":"has-post-thumbnail","6":"product_cat-cock-play","7":"product_cat-sex-toys","9":"first","10":"instock","11":"taxable","12":"shipping-taxable","13":"purchasable","14":"product-type-simple"},"acf":[],"_links":{"self":[{"href":"https:\/\/dev.poppers-online.ch\/fr\/wp-json\/wp\/v2\/product\/118006","targetHints":{"allow":["GET"]}}],"collection":[{"href":"https:\/\/dev.poppers-online.ch\/fr\/wp-json\/wp\/v2\/product"}],"about":[{"href":"https:\/\/dev.poppers-online.ch\/fr\/wp-json\/wp\/v2\/types\/product"}],"replies":[{"embeddable":true,"href":"https:\/\/dev.poppers-online.ch\/fr\/wp-json\/wp\/v2\/comments?post=118006"}],"wp:featuredmedia":[{"embeddable":true,"href":"https:\/\/dev.poppers-online.ch\/fr\/wp-json\/wp\/v2\/media\/118004"}],"wp:attachment":[{"href":"https:\/\/dev.poppers-online.ch\/fr\/wp-json\/wp\/v2\/media?parent=118006"}],"wp:term":[{"taxonomy":"product_brand","embeddable":true,"href":"https:\/\/dev.poppers-online.ch\/fr\/wp-json\/wp\/v2\/product_brand?post=118006"},{"taxonomy":"product_cat","embeddable":true,"href":"https:\/\/dev.poppers-online.ch\/fr\/wp-json\/wp\/v2\/product_cat?post=118006"},{"taxonomy":"product_tag","embeddable":true,"href":"https:\/\/dev.poppers-online.ch\/fr\/wp-json\/wp\/v2\/product_tag?post=118006"}],"curies":[{"name":"wp","href":"https:\/\/api.w.org\/{rel}","templated":true}]}}