{"id":118198,"date":"2025-05-12T18:10:27","date_gmt":"2025-05-12T16:10:27","guid":{"rendered":"https:\/\/poppers-online.ch\/produkt\/brutus-3-snap-cock-strap-en-silicone\/"},"modified":"2025-05-19T09:53:29","modified_gmt":"2025-05-19T07:53:29","slug":"brutus-3-snap-cock-strap-en-silicone","status":"publish","type":"product","link":"https:\/\/dev.poppers-online.ch\/fr\/produit\/brutus-3-snap-cock-strap-en-silicone\/","title":{"rendered":"Brutus 3 Snap Cock Strap en silicone"},"content":{"rendered":"","protected":false},"excerpt":{"rendered":"<p>Avec le <strong>Brutus 3 Snap Silicone Cock Strap<\/strong>, vous pouvez varier les plaisirs. Avec cette sangle de cock en silicone de haute qualit\u00e9, vous obtenez trois tailles diff\u00e9rentes avec un seul anneau. Gr\u00e2ce aux boutons-pression faciles \u00e0 utiliser, vous pouvez rapidement changer la taille de l&rsquo;anneau en 35 mm, 45 mm ou 55 mm. Gr\u00e2ce au silicone de haute qualit\u00e9, cet anneau cock se sent comme une seconde peau naturelle.   <\/p>\n<p>Fabriqu\u00e9 en silicone.<br \/>\nCouleur : noir<br \/>\nFabricant : Brutus<\/p>\n","protected":false},"featured_media":118188,"comment_status":"open","ping_status":"closed","template":"","meta":{"_acf_changed":false,"_glsr_average":0,"_glsr_ranking":0,"_glsr_reviews":0},"product_brand":[],"product_cat":[2088,171],"product_tag":[],"class_list":{"0":"post-118198","1":"product","2":"type-product","3":"status-publish","4":"has-post-thumbnail","6":"product_cat-ball-play","7":"product_cat-sex-toys","9":"first","10":"outofstock","11":"taxable","12":"shipping-taxable","13":"purchasable","14":"product-type-simple"},"acf":[],"_links":{"self":[{"href":"https:\/\/dev.poppers-online.ch\/fr\/wp-json\/wp\/v2\/product\/118198","targetHints":{"allow":["GET"]}}],"collection":[{"href":"https:\/\/dev.poppers-online.ch\/fr\/wp-json\/wp\/v2\/product"}],"about":[{"href":"https:\/\/dev.poppers-online.ch\/fr\/wp-json\/wp\/v2\/types\/product"}],"replies":[{"embeddable":true,"href":"https:\/\/dev.poppers-online.ch\/fr\/wp-json\/wp\/v2\/comments?post=118198"}],"wp:featuredmedia":[{"embeddable":true,"href":"https:\/\/dev.poppers-online.ch\/fr\/wp-json\/wp\/v2\/media\/118188"}],"wp:attachment":[{"href":"https:\/\/dev.poppers-online.ch\/fr\/wp-json\/wp\/v2\/media?parent=118198"}],"wp:term":[{"taxonomy":"product_brand","embeddable":true,"href":"https:\/\/dev.poppers-online.ch\/fr\/wp-json\/wp\/v2\/product_brand?post=118198"},{"taxonomy":"product_cat","embeddable":true,"href":"https:\/\/dev.poppers-online.ch\/fr\/wp-json\/wp\/v2\/product_cat?post=118198"},{"taxonomy":"product_tag","embeddable":true,"href":"https:\/\/dev.poppers-online.ch\/fr\/wp-json\/wp\/v2\/product_tag?post=118198"}],"curies":[{"name":"wp","href":"https:\/\/api.w.org\/{rel}","templated":true}]}}