{"id":118215,"date":"2025-05-12T19:48:57","date_gmt":"2025-05-12T17:48:57","guid":{"rendered":"https:\/\/poppers-online.ch\/produkt\/brutus-tight-n-hard-anneau-penien-en-silicone\/"},"modified":"2025-05-12T19:55:26","modified_gmt":"2025-05-12T17:55:26","slug":"brutus-tight-n-hard-anneau-penien-en-silicone","status":"publish","type":"product","link":"https:\/\/dev.poppers-online.ch\/fr\/produit\/brutus-tight-n-hard-anneau-penien-en-silicone\/","title":{"rendered":"Brutus Tight &lsquo;N&rsquo; Hard &#8211; Anneau p\u00e9nien en silicone"},"content":{"rendered":"","protected":false},"excerpt":{"rendered":"<div>Fabricant : Brutus<\/div>\n<div>\n<p>Le Tight N Hard, l&rsquo;anneau le plus simple, mais peut-\u00eatre aussi le plus efficace de tous. Avec cet anneau multifonctionnel, vous pouvez l&rsquo;utiliser comme cockring ou anneau-ballon. Il est facile \u00e0 mettre en place et encore plus facile \u00e0 serrer. Fabriqu\u00e9 en silicone de haute qualit\u00e9, le Tight &lsquo;N&rsquo; Hard est comme une seconde peau naturelle.   <\/p>\n<\/div>\n<div>Fabriqu\u00e9 en silicone.<\/div>\n<div>\ncouleur : noir<\/div>\n","protected":false},"featured_media":118207,"comment_status":"open","ping_status":"closed","template":"","meta":{"_acf_changed":false,"_glsr_average":0,"_glsr_ranking":0,"_glsr_reviews":0},"product_brand":[],"product_cat":[2088,2091,171],"product_tag":[],"class_list":{"0":"post-118215","1":"product","2":"type-product","3":"status-publish","4":"has-post-thumbnail","6":"product_cat-ball-play","7":"product_cat-cock-play","8":"product_cat-sex-toys","10":"first","11":"instock","12":"taxable","13":"shipping-taxable","14":"purchasable","15":"product-type-simple"},"acf":[],"_links":{"self":[{"href":"https:\/\/dev.poppers-online.ch\/fr\/wp-json\/wp\/v2\/product\/118215","targetHints":{"allow":["GET"]}}],"collection":[{"href":"https:\/\/dev.poppers-online.ch\/fr\/wp-json\/wp\/v2\/product"}],"about":[{"href":"https:\/\/dev.poppers-online.ch\/fr\/wp-json\/wp\/v2\/types\/product"}],"replies":[{"embeddable":true,"href":"https:\/\/dev.poppers-online.ch\/fr\/wp-json\/wp\/v2\/comments?post=118215"}],"wp:featuredmedia":[{"embeddable":true,"href":"https:\/\/dev.poppers-online.ch\/fr\/wp-json\/wp\/v2\/media\/118207"}],"wp:attachment":[{"href":"https:\/\/dev.poppers-online.ch\/fr\/wp-json\/wp\/v2\/media?parent=118215"}],"wp:term":[{"taxonomy":"product_brand","embeddable":true,"href":"https:\/\/dev.poppers-online.ch\/fr\/wp-json\/wp\/v2\/product_brand?post=118215"},{"taxonomy":"product_cat","embeddable":true,"href":"https:\/\/dev.poppers-online.ch\/fr\/wp-json\/wp\/v2\/product_cat?post=118215"},{"taxonomy":"product_tag","embeddable":true,"href":"https:\/\/dev.poppers-online.ch\/fr\/wp-json\/wp\/v2\/product_tag?post=118215"}],"curies":[{"name":"wp","href":"https:\/\/api.w.org\/{rel}","templated":true}]}}