{"id":119507,"date":"2025-05-25T17:20:35","date_gmt":"2025-05-25T15:20:35","guid":{"rendered":"https:\/\/poppers-online.ch\/produkt\/godemiche-ultra-realistic-silicone-23-cm\/"},"modified":"2025-05-26T14:50:00","modified_gmt":"2025-05-26T12:50:00","slug":"godemiche-ultra-realistic-silicone-23-cm","status":"publish","type":"product","link":"https:\/\/dev.poppers-online.ch\/fr\/produit\/godemiche-ultra-realistic-silicone-23-cm\/","title":{"rendered":"Godemich\u00e9 ultra r\u00e9aliste en silicone 23cm"},"content":{"rendered":"","protected":false},"excerpt":{"rendered":"<p data-start=\"174\" data-end=\"214\"><strong data-start=\"174\" data-end=\"214\">Godemich\u00e9 ultra r\u00e9aliste en silicone 23cm<\/strong><\/p>\n<p data-start=\"216\" data-end=\"493\">Vivez de vraies sensations avec ce godemich\u00e9 en silicone double densit\u00e9 ultra r\u00e9aliste de la collection INFERNO de HIDDEN DESIRE. Avec des d\u00e9tails r\u00e9alistes tels que des veines apparentes, un gland d\u00e9fini et des testicules r\u00e9alistes, ce jouet offre un plaisir authentique et une prise en main parfaite. <\/p>\n<p data-start=\"495\" data-end=\"826\">Fabriqu\u00e9 en silicone double densit\u00e9 respectueux du corps, il poss\u00e8de une surface douce semblable \u00e0 la peau et un noyau ferme pour des sensations intenses. Sa courbure naturelle est con\u00e7ue de mani\u00e8re optimale pour atteindre tous les points de plaisir. Une ventouse puissante permet de le maintenir en place sur les surfaces lisses &#8211; id\u00e9al pour le plaisir mains libres.  <\/p>\n<p data-start=\"828\" data-end=\"949\">En solo ou \u00e0 deux, ce godemich\u00e9 Ultra Realistic Silicone 23cm promet des moments profonds et satisfaisants et donne vie \u00e0 vos fantasmes.<\/p>\n<p data-start=\"951\" data-end=\"966\"><strong data-start=\"951\" data-end=\"966\">Points forts :<\/strong><\/p>\n<ul data-start=\"967\" data-end=\"1210\">\n<li data-start=\"967\" data-end=\"1019\">\n<p data-start=\"969\" data-end=\"1019\">D\u00e9tails ultra-r\u00e9alistes : veines, gland, testicules<\/p>\n<\/li>\n<li data-start=\"1020\" data-end=\"1068\">\n<p data-start=\"1022\" data-end=\"1068\">Silicone double densit\u00e9 pour un toucher r\u00e9aliste<\/p>\n<\/li>\n<li data-start=\"1069\" data-end=\"1093\">\n<p data-start=\"1071\" data-end=\"1093\">Flexible et pliable<\/p>\n<\/li>\n<li data-start=\"1094\" data-end=\"1138\">\n<p data-start=\"1096\" data-end=\"1138\">Ventouse puissante pour une utilisation mains libres<\/p>\n<\/li>\n<li data-start=\"1139\" data-end=\"1174\">\n<p data-start=\"1141\" data-end=\"1174\">Id\u00e9al pour le jeu en solo ou en couple<\/p>\n<\/li>\n<li data-start=\"1175\" data-end=\"1210\">\n<p data-start=\"1177\" data-end=\"1210\">Doux pour le corps et facile \u00e0 entretenir<\/p>\n<\/li>\n<\/ul>\n<p data-start=\"1212\" data-end=\"1235\"><strong data-start=\"1212\" data-end=\"1235\">D\u00e9tails techniques :<\/strong><\/p>\n<ul data-start=\"1236\" data-end=\"1369\">\n<li data-start=\"1236\" data-end=\"1258\">\n<p data-start=\"1238\" data-end=\"1258\">Longueur totale : 25 cm<\/p>\n<\/li>\n<li data-start=\"1259\" data-end=\"1287\">\n<p data-start=\"1261\" data-end=\"1287\">Longueur ins\u00e9rable : 19 cm<\/p>\n<\/li>\n<li data-start=\"1288\" data-end=\"1315\">\n<p data-start=\"1290\" data-end=\"1315\">Diam\u00e8tre : environ 4,5 cm<\/p>\n<\/li>\n<li data-start=\"1316\" data-end=\"1352\">\n<p data-start=\"1318\" data-end=\"1352\">Mat\u00e9riau : silicone (double densit\u00e9)<\/p>\n<\/li>\n<li data-start=\"1353\" data-end=\"1369\">\n<p data-start=\"1355\" data-end=\"1369\">Ventouse : Oui<\/p>\n<\/li>\n<\/ul>\n","protected":false},"featured_media":119418,"comment_status":"open","ping_status":"closed","template":"","meta":{"_acf_changed":false,"_glsr_average":0,"_glsr_ranking":0,"_glsr_reviews":0},"product_brand":[],"product_cat":[2085,171],"product_tag":[],"class_list":{"0":"post-119507","1":"product","2":"type-product","3":"status-publish","4":"has-post-thumbnail","6":"product_cat-anal-play","7":"product_cat-sex-toys","9":"first","10":"instock","11":"taxable","12":"shipping-taxable","13":"purchasable","14":"product-type-simple"},"acf":[],"_links":{"self":[{"href":"https:\/\/dev.poppers-online.ch\/fr\/wp-json\/wp\/v2\/product\/119507","targetHints":{"allow":["GET"]}}],"collection":[{"href":"https:\/\/dev.poppers-online.ch\/fr\/wp-json\/wp\/v2\/product"}],"about":[{"href":"https:\/\/dev.poppers-online.ch\/fr\/wp-json\/wp\/v2\/types\/product"}],"replies":[{"embeddable":true,"href":"https:\/\/dev.poppers-online.ch\/fr\/wp-json\/wp\/v2\/comments?post=119507"}],"wp:featuredmedia":[{"embeddable":true,"href":"https:\/\/dev.poppers-online.ch\/fr\/wp-json\/wp\/v2\/media\/119418"}],"wp:attachment":[{"href":"https:\/\/dev.poppers-online.ch\/fr\/wp-json\/wp\/v2\/media?parent=119507"}],"wp:term":[{"taxonomy":"product_brand","embeddable":true,"href":"https:\/\/dev.poppers-online.ch\/fr\/wp-json\/wp\/v2\/product_brand?post=119507"},{"taxonomy":"product_cat","embeddable":true,"href":"https:\/\/dev.poppers-online.ch\/fr\/wp-json\/wp\/v2\/product_cat?post=119507"},{"taxonomy":"product_tag","embeddable":true,"href":"https:\/\/dev.poppers-online.ch\/fr\/wp-json\/wp\/v2\/product_tag?post=119507"}],"curies":[{"name":"wp","href":"https:\/\/api.w.org\/{rel}","templated":true}]}}