{"id":119512,"date":"2025-05-25T16:48:59","date_gmt":"2025-05-25T14:48:59","guid":{"rendered":"https:\/\/poppers-online.ch\/produkt\/godemiche-ultra-realistic-silicone-21-cm\/"},"modified":"2025-05-26T14:40:49","modified_gmt":"2025-05-26T12:40:49","slug":"godemiche-ultra-realistic-silicone-21-cm","status":"publish","type":"product","link":"https:\/\/dev.poppers-online.ch\/fr\/produit\/godemiche-ultra-realistic-silicone-21-cm\/","title":{"rendered":"Godemich\u00e9 ultra-r\u00e9aliste en silicone 21cm"},"content":{"rendered":"","protected":false},"excerpt":{"rendered":"<p data-start=\"185\" data-end=\"255\"><strong data-start=\"185\" data-end=\"255\">Plus r\u00e9aliste que la r\u00e9alit\u00e9 &#8211; ressentez le plaisir comme vous le m\u00e9ritez.<\/strong><\/p>\n<p data-start=\"257\" data-end=\"590\">Le <strong data-start=\"261\" data-end=\"292\">godemich\u00e9 Ultra Realistic Silicone 21cm<\/strong> de la <em data-start=\"301\" data-end=\"310\">collection INFERNO<\/em> de <strong data-start=\"326\" data-end=\"343\">HIDDEN DESIRE<\/strong> est un chef-d&rsquo;\u0153uvre pour tous ceux qui recherchent des sensations authentiques et une profondeur intense. Avec des d\u00e9tails fid\u00e8les tels que des veines mises en \u00e9vidence, un gland moul\u00e9 et des testicules r\u00e9alistes, ce jouet offre une exp\u00e9rience qui diff\u00e8re \u00e0 peine de l&rsquo;original. <\/p>\n<p data-start=\"592\" data-end=\"979\">Fabriqu\u00e9 en <strong data-start=\"606\" data-end=\"643\">silicone double densit\u00e9 de haute qualit\u00e9<\/strong>, il pr\u00e9sente une surface douce semblable \u00e0 la peau et un noyau solide et stimulant &#8211; pour des sensations de p\u00e9n\u00e9tration r\u00e9alistes. Le godemich\u00e9 est flexible et suit tous les mouvements. Sa <strong data-start=\"831\" data-end=\"854\">courbure naturelle<\/strong> cible pr\u00e9cis\u00e9ment les points de plaisir, tandis que la <strong data-start=\"896\" data-end=\"908\">ventouse<\/strong> offre une adh\u00e9rence s\u00fbre sur les surfaces lisses &#8211; pour un jeu mains libres.  <\/p>\n<p data-start=\"981\" data-end=\"1052\">Seul ou \u00e0 deux, ce godemich\u00e9 fait de chaque fantasme une r\u00e9alit\u00e9.<\/p>\n<h4 data-start=\"1054\" data-end=\"1074\"><strong data-start=\"1059\" data-end=\"1074\">Points forts :<\/strong><\/h4>\n<ul data-start=\"1075\" data-end=\"1401\">\n<li data-start=\"1075\" data-end=\"1144\">\n<p data-start=\"1077\" data-end=\"1144\"><strong data-start=\"1077\" data-end=\"1114\">Aspect et toucher ultra-r\u00e9alistes<\/strong> &#8211; avec veines, gland &amp; testicules<\/p>\n<\/li>\n<li data-start=\"1145\" data-end=\"1199\">\n<p data-start=\"1147\" data-end=\"1199\"><strong data-start=\"1147\" data-end=\"1171\">Silicone double densit\u00e9<\/strong> &#8211; souple \u00e0 l&rsquo;ext\u00e9rieur, ferme \u00e0 l&rsquo;int\u00e9rieur<\/p>\n<\/li>\n<li data-start=\"1200\" data-end=\"1255\">\n<p data-start=\"1202\" data-end=\"1255\"><strong data-start=\"1202\" data-end=\"1224\">Flexible &amp; pliable<\/strong> &#8211; s&rsquo;adapte \u00e0 votre jeu<\/p>\n<\/li>\n<li data-start=\"1256\" data-end=\"1312\">\n<p data-start=\"1258\" data-end=\"1312\"><strong data-start=\"1258\" data-end=\"1278\">Ventouse puissante<\/strong> &#8211; id\u00e9ale pour une utilisation mains libres<\/p>\n<\/li>\n<li data-start=\"1313\" data-end=\"1352\">\n<p data-start=\"1315\" data-end=\"1352\"><strong data-start=\"1315\" data-end=\"1350\">Parfait pour le jeu en solo et en couple<\/strong><\/p>\n<\/li>\n<li data-start=\"1353\" data-end=\"1401\">\n<p data-start=\"1355\" data-end=\"1401\"><strong data-start=\"1355\" data-end=\"1401\">Respectueux du corps, sans latex &amp; facile d&rsquo;entretien<\/strong><\/p>\n<\/li>\n<\/ul>\n<h4 data-start=\"1403\" data-end=\"1431\"><strong data-start=\"1408\" data-end=\"1431\">D\u00e9tails techniques :<\/strong><\/h4>\n<ul data-start=\"1432\" data-end=\"1585\">\n<li data-start=\"1432\" data-end=\"1458\">\n<p data-start=\"1434\" data-end=\"1458\"><strong data-start=\"1434\" data-end=\"1450\">Longueur totale :<\/strong> 23 cm<\/p>\n<\/li>\n<li data-start=\"1459\" data-end=\"1491\">\n<p data-start=\"1461\" data-end=\"1491\"><strong data-start=\"1461\" data-end=\"1483\">Longueur d&rsquo;insertion :<\/strong> 17 cm<\/p>\n<\/li>\n<li data-start=\"1492\" data-end=\"1523\">\n<p data-start=\"1494\" data-end=\"1523\"><strong data-start=\"1494\" data-end=\"1510\">Diam\u00e8tre :<\/strong> environ 4,5 cm<\/p>\n<\/li>\n<li data-start=\"1524\" data-end=\"1564\">\n<p data-start=\"1526\" data-end=\"1564\"><strong data-start=\"1526\" data-end=\"1539\">Mat\u00e9riau :<\/strong> silicone (double densit\u00e9)<\/p>\n<\/li>\n<li data-start=\"1565\" data-end=\"1585\">\n<p data-start=\"1567\" data-end=\"1585\"><strong data-start=\"1567\" data-end=\"1580\">Ventouse :<\/strong> Oui<\/p>\n<\/li>\n<\/ul>\n","protected":false},"featured_media":119379,"comment_status":"open","ping_status":"closed","template":"","meta":{"_acf_changed":false,"_glsr_average":0,"_glsr_ranking":0,"_glsr_reviews":0},"product_brand":[],"product_cat":[2085,171],"product_tag":[],"class_list":{"0":"post-119512","1":"product","2":"type-product","3":"status-publish","4":"has-post-thumbnail","6":"product_cat-anal-play","7":"product_cat-sex-toys","9":"first","10":"instock","11":"taxable","12":"shipping-taxable","13":"purchasable","14":"product-type-simple"},"acf":[],"_links":{"self":[{"href":"https:\/\/dev.poppers-online.ch\/fr\/wp-json\/wp\/v2\/product\/119512","targetHints":{"allow":["GET"]}}],"collection":[{"href":"https:\/\/dev.poppers-online.ch\/fr\/wp-json\/wp\/v2\/product"}],"about":[{"href":"https:\/\/dev.poppers-online.ch\/fr\/wp-json\/wp\/v2\/types\/product"}],"replies":[{"embeddable":true,"href":"https:\/\/dev.poppers-online.ch\/fr\/wp-json\/wp\/v2\/comments?post=119512"}],"wp:featuredmedia":[{"embeddable":true,"href":"https:\/\/dev.poppers-online.ch\/fr\/wp-json\/wp\/v2\/media\/119379"}],"wp:attachment":[{"href":"https:\/\/dev.poppers-online.ch\/fr\/wp-json\/wp\/v2\/media?parent=119512"}],"wp:term":[{"taxonomy":"product_brand","embeddable":true,"href":"https:\/\/dev.poppers-online.ch\/fr\/wp-json\/wp\/v2\/product_brand?post=119512"},{"taxonomy":"product_cat","embeddable":true,"href":"https:\/\/dev.poppers-online.ch\/fr\/wp-json\/wp\/v2\/product_cat?post=119512"},{"taxonomy":"product_tag","embeddable":true,"href":"https:\/\/dev.poppers-online.ch\/fr\/wp-json\/wp\/v2\/product_tag?post=119512"}],"curies":[{"name":"wp","href":"https:\/\/api.w.org\/{rel}","templated":true}]}}