{"id":119514,"date":"2025-05-25T17:42:45","date_gmt":"2025-05-25T15:42:45","guid":{"rendered":"https:\/\/poppers-online.ch\/produkt\/godemiche-ultra-realistic-silicone-29-cm\/"},"modified":"2025-05-26T14:54:56","modified_gmt":"2025-05-26T12:54:56","slug":"godemiche-ultra-realistic-silicone-29-cm","status":"publish","type":"product","link":"https:\/\/dev.poppers-online.ch\/fr\/produit\/godemiche-ultra-realistic-silicone-29-cm\/","title":{"rendered":"Godemich\u00e9 ultra-r\u00e9aliste en silicone 29cm"},"content":{"rendered":"","protected":false},"excerpt":{"rendered":"<p data-start=\"143\" data-end=\"183\"><strong data-start=\"143\" data-end=\"183\">Godemich\u00e9 ultra-r\u00e9aliste en silicone 29cm<\/strong><\/p>\n<p data-start=\"185\" data-end=\"467\">Le godemich\u00e9 en silicone double densit\u00e9 ultra r\u00e9aliste de la collection INFERNO de HIDDEN DESIRE offre des moments de plaisir intenses et authentiques. Avec des d\u00e9tails tr\u00e8s fins comme des veines visibles, un gland d\u00e9fini et des testicules r\u00e9alistes, il procure des sensations particuli\u00e8rement r\u00e9alistes. <\/p>\n<p data-start=\"469\" data-end=\"831\">Fabriqu\u00e9 en silicone double densit\u00e9 respectueux du corps, il combine une surface douce et semblable \u00e0 la peau avec un noyau solide pour une polyvalence et un confort maximum. Sa courbure naturelle cible les points de plaisir pour un plaisir in\u00e9gal\u00e9. La ventouse puissante permet un maintien s\u00fbr sur les surfaces lisses &#8211; parfait pour le jeu mains libres.  <\/p>\n<p data-start=\"833\" data-end=\"967\">Id\u00e9al pour les exp\u00e9riences en solo ou en couple, ce godemich\u00e9 Ultra Realistic Silicone 29cm promet des moments profonds et \u00e9panouissants et permet \u00e0 vos fantasmes de devenir r\u00e9alit\u00e9.<\/p>\n<p data-start=\"969\" data-end=\"984\"><strong data-start=\"969\" data-end=\"984\">Points forts :<\/strong><\/p>\n<ul data-start=\"985\" data-end=\"1228\">\n<li data-start=\"985\" data-end=\"1037\">\n<p data-start=\"987\" data-end=\"1037\">D\u00e9tails ultra-r\u00e9alistes : veines, gland, testicules<\/p>\n<\/li>\n<li data-start=\"1038\" data-end=\"1086\">\n<p data-start=\"1040\" data-end=\"1086\">Silicone double densit\u00e9 pour un toucher r\u00e9aliste<\/p>\n<\/li>\n<li data-start=\"1087\" data-end=\"1111\">\n<p data-start=\"1089\" data-end=\"1111\">Flexible et pliable<\/p>\n<\/li>\n<li data-start=\"1112\" data-end=\"1156\">\n<p data-start=\"1114\" data-end=\"1156\">Ventouse puissante pour une utilisation mains libres<\/p>\n<\/li>\n<li data-start=\"1157\" data-end=\"1192\">\n<p data-start=\"1159\" data-end=\"1192\">Id\u00e9al pour le jeu en solo ou en couple<\/p>\n<\/li>\n<li data-start=\"1193\" data-end=\"1228\">\n<p data-start=\"1195\" data-end=\"1228\">Doux pour le corps et facile \u00e0 entretenir<\/p>\n<\/li>\n<\/ul>\n<p data-start=\"1230\" data-end=\"1253\"><strong data-start=\"1230\" data-end=\"1253\">D\u00e9tails techniques :<\/strong><\/p>\n<ul data-start=\"1254\" data-end=\"1387\">\n<li data-start=\"1254\" data-end=\"1276\">\n<p data-start=\"1256\" data-end=\"1276\">Longueur totale : 31 cm<\/p>\n<\/li>\n<li data-start=\"1277\" data-end=\"1305\">\n<p data-start=\"1279\" data-end=\"1305\">Longueur d&rsquo;insertion : 23 cm<\/p>\n<\/li>\n<li data-start=\"1306\" data-end=\"1333\">\n<p data-start=\"1308\" data-end=\"1333\">Diam\u00e8tre : environ 6,5 cm<\/p>\n<\/li>\n<li data-start=\"1334\" data-end=\"1370\">\n<p data-start=\"1336\" data-end=\"1370\">Mat\u00e9riau : silicone (double densit\u00e9)<\/p>\n<\/li>\n<li data-start=\"1371\" data-end=\"1387\">\n<p data-start=\"1373\" data-end=\"1387\">Ventouse : Oui<\/p>\n<\/li>\n<\/ul>\n","protected":false},"featured_media":119463,"comment_status":"open","ping_status":"closed","template":"","meta":{"_acf_changed":false,"_glsr_average":0,"_glsr_ranking":0,"_glsr_reviews":0},"product_brand":[],"product_cat":[2085,171],"product_tag":[],"class_list":{"0":"post-119514","1":"product","2":"type-product","3":"status-publish","4":"has-post-thumbnail","6":"product_cat-anal-play","7":"product_cat-sex-toys","9":"first","10":"instock","11":"taxable","12":"shipping-taxable","13":"purchasable","14":"product-type-simple"},"acf":[],"_links":{"self":[{"href":"https:\/\/dev.poppers-online.ch\/fr\/wp-json\/wp\/v2\/product\/119514","targetHints":{"allow":["GET"]}}],"collection":[{"href":"https:\/\/dev.poppers-online.ch\/fr\/wp-json\/wp\/v2\/product"}],"about":[{"href":"https:\/\/dev.poppers-online.ch\/fr\/wp-json\/wp\/v2\/types\/product"}],"replies":[{"embeddable":true,"href":"https:\/\/dev.poppers-online.ch\/fr\/wp-json\/wp\/v2\/comments?post=119514"}],"wp:featuredmedia":[{"embeddable":true,"href":"https:\/\/dev.poppers-online.ch\/fr\/wp-json\/wp\/v2\/media\/119463"}],"wp:attachment":[{"href":"https:\/\/dev.poppers-online.ch\/fr\/wp-json\/wp\/v2\/media?parent=119514"}],"wp:term":[{"taxonomy":"product_brand","embeddable":true,"href":"https:\/\/dev.poppers-online.ch\/fr\/wp-json\/wp\/v2\/product_brand?post=119514"},{"taxonomy":"product_cat","embeddable":true,"href":"https:\/\/dev.poppers-online.ch\/fr\/wp-json\/wp\/v2\/product_cat?post=119514"},{"taxonomy":"product_tag","embeddable":true,"href":"https:\/\/dev.poppers-online.ch\/fr\/wp-json\/wp\/v2\/product_tag?post=119514"}],"curies":[{"name":"wp","href":"https:\/\/api.w.org\/{rel}","templated":true}]}}