{"id":119518,"date":"2025-05-25T16:24:50","date_gmt":"2025-05-25T14:24:50","guid":{"rendered":"https:\/\/poppers-online.ch\/produkt\/godemiche-ultra-realistic-silicone-18-cm\/"},"modified":"2025-05-26T14:35:49","modified_gmt":"2025-05-26T12:35:49","slug":"godemiche-ultra-realistic-silicone-18-cm","status":"publish","type":"product","link":"https:\/\/dev.poppers-online.ch\/fr\/produit\/godemiche-ultra-realistic-silicone-18-cm\/","title":{"rendered":"Godemich\u00e9 ultra-r\u00e9aliste en silicone 18cm"},"content":{"rendered":"","protected":false},"excerpt":{"rendered":"<p data-start=\"203\" data-end=\"273\"><strong data-start=\"203\" data-end=\"273\">De vraies sensations, un vrai plaisir &#8211; avec ce godemich\u00e9 en silicone tr\u00e8s r\u00e9aliste.<\/strong><\/p>\n<p data-start=\"275\" data-end=\"601\">Le <strong>godemich\u00e9 Ultra Realistic Silicone 18cm<\/strong> de la <em data-start=\"319\" data-end=\"328\">collection INFERNO<\/em> de <strong data-start=\"344\" data-end=\"361\">HIDDEN DESIRE<\/strong> a \u00e9t\u00e9 con\u00e7u pour tous ceux qui ont les plus hautes exigences en mati\u00e8re de plaisir r\u00e9aliste. Avec des d\u00e9tails r\u00e9alistes &#8211; des veines visibles au gland d\u00e9fini en passant par des testicules r\u00e9alistes &#8211; ce jouet donne la sensation d&rsquo;un vrai p\u00e9nis. <\/p>\n<p data-start=\"603\" data-end=\"931\">Fabriqu\u00e9 en <strong data-start=\"617\" data-end=\"662\">silicone double densit\u00e9 respectueux du corps<\/strong>, il offre une surface douce et semblable \u00e0 la peau avec un noyau solide &#8211; exactement comme la vraie peau et la vraie chair. Sa courbure naturelle stimule vos points chauds de mani\u00e8re cibl\u00e9e, tandis que la ventouse offre une adh\u00e9rence s\u00fbre sur toutes les surfaces lisses &#8211; id\u00e9al pour le jeu mains libres. <\/p>\n<p data-start=\"933\" data-end=\"999\">Que vous soyez seul ou \u00e0 deux, ce godemich\u00e9 rend vos fantasmes r\u00e9els.<\/p>\n<h4 data-start=\"1001\" data-end=\"1021\"><strong data-start=\"1006\" data-end=\"1021\">Points forts :<\/strong><\/h4>\n<ul data-start=\"1022\" data-end=\"1347\">\n<li data-start=\"1022\" data-end=\"1091\">\n<p data-start=\"1024\" data-end=\"1091\"><strong data-start=\"1024\" data-end=\"1061\">Aspect et toucher ultra-r\u00e9alistes<\/strong> &#8211; avec veines, gland &amp; testicules<\/p>\n<\/li>\n<li data-start=\"1092\" data-end=\"1153\">\n<p data-start=\"1094\" data-end=\"1153\"><strong data-start=\"1094\" data-end=\"1118\">Silicone double densit\u00e9<\/strong> &#8211; surface souple, noyau solide<\/p>\n<\/li>\n<li data-start=\"1154\" data-end=\"1208\">\n<p data-start=\"1156\" data-end=\"1208\"><strong data-start=\"1156\" data-end=\"1178\">Flexible &amp; souple<\/strong> &#8211; s&rsquo;adapte \u00e0 votre plaisir<\/p>\n<\/li>\n<li data-start=\"1209\" data-end=\"1258\">\n<p data-start=\"1211\" data-end=\"1258\"><strong data-start=\"1211\" data-end=\"1227\">Avec ventouse<\/strong> &#8211; pour le plaisir des mains libres<\/p>\n<\/li>\n<li data-start=\"1259\" data-end=\"1298\">\n<p data-start=\"1261\" data-end=\"1298\"><strong data-start=\"1261\" data-end=\"1296\">Parfait pour le jeu en solo et en couple<\/strong><\/p>\n<\/li>\n<li data-start=\"1299\" data-end=\"1347\">\n<p data-start=\"1301\" data-end=\"1347\"><strong data-start=\"1301\" data-end=\"1347\">Respectueux du corps, sans latex &amp; facile d&rsquo;entretien<\/strong><\/p>\n<\/li>\n<\/ul>\n<h4 data-start=\"1349\" data-end=\"1377\"><strong data-start=\"1354\" data-end=\"1377\">D\u00e9tails techniques :<\/strong><\/h4>\n<ul data-start=\"1378\" data-end=\"1531\">\n<li data-start=\"1378\" data-end=\"1404\">\n<p data-start=\"1380\" data-end=\"1404\"><strong data-start=\"1380\" data-end=\"1396\">Longueur totale :<\/strong> 23 cm<\/p>\n<\/li>\n<li data-start=\"1405\" data-end=\"1437\">\n<p data-start=\"1407\" data-end=\"1437\"><strong data-start=\"1407\" data-end=\"1429\">Longueur ins\u00e9rable :<\/strong> 16 cm<\/p>\n<\/li>\n<li data-start=\"1438\" data-end=\"1469\">\n<p data-start=\"1440\" data-end=\"1469\"><strong data-start=\"1440\" data-end=\"1456\">Diam\u00e8tre :<\/strong> environ 4,5 cm<\/p>\n<\/li>\n<li data-start=\"1470\" data-end=\"1510\">\n<p data-start=\"1472\" data-end=\"1510\"><strong data-start=\"1472\" data-end=\"1485\">Mat\u00e9riau :<\/strong> silicone (double densit\u00e9)<\/p>\n<\/li>\n<li data-start=\"1511\" data-end=\"1531\">\n<p data-start=\"1513\" data-end=\"1531\"><strong data-start=\"1513\" data-end=\"1526\">Ventouse :<\/strong> Oui<\/p>\n<\/li>\n<\/ul>\n<hr data-start=\"1533\" data-end=\"1536\">\n<p data-start=\"1538\" data-end=\"1667\"><strong data-start=\"1538\" data-end=\"1627\">D\u00e9couvrez une passion r\u00e9aliste &#8211; avec le godemich\u00e9 Ultra Realistic Silicone 18cm de HIDDEN DESIRE.<\/strong><br \/>Commandez maintenant &amp; d\u00e9couvrez un vrai plaisir !<\/p>\n","protected":false},"featured_media":119372,"comment_status":"open","ping_status":"closed","template":"","meta":{"_acf_changed":false,"_glsr_average":0,"_glsr_ranking":0,"_glsr_reviews":0},"product_brand":[],"product_cat":[2085,171],"product_tag":[],"class_list":{"0":"post-119518","1":"product","2":"type-product","3":"status-publish","4":"has-post-thumbnail","6":"product_cat-anal-play","7":"product_cat-sex-toys","9":"first","10":"instock","11":"taxable","12":"shipping-taxable","13":"purchasable","14":"product-type-simple"},"acf":[],"_links":{"self":[{"href":"https:\/\/dev.poppers-online.ch\/fr\/wp-json\/wp\/v2\/product\/119518","targetHints":{"allow":["GET"]}}],"collection":[{"href":"https:\/\/dev.poppers-online.ch\/fr\/wp-json\/wp\/v2\/product"}],"about":[{"href":"https:\/\/dev.poppers-online.ch\/fr\/wp-json\/wp\/v2\/types\/product"}],"replies":[{"embeddable":true,"href":"https:\/\/dev.poppers-online.ch\/fr\/wp-json\/wp\/v2\/comments?post=119518"}],"wp:featuredmedia":[{"embeddable":true,"href":"https:\/\/dev.poppers-online.ch\/fr\/wp-json\/wp\/v2\/media\/119372"}],"wp:attachment":[{"href":"https:\/\/dev.poppers-online.ch\/fr\/wp-json\/wp\/v2\/media?parent=119518"}],"wp:term":[{"taxonomy":"product_brand","embeddable":true,"href":"https:\/\/dev.poppers-online.ch\/fr\/wp-json\/wp\/v2\/product_brand?post=119518"},{"taxonomy":"product_cat","embeddable":true,"href":"https:\/\/dev.poppers-online.ch\/fr\/wp-json\/wp\/v2\/product_cat?post=119518"},{"taxonomy":"product_tag","embeddable":true,"href":"https:\/\/dev.poppers-online.ch\/fr\/wp-json\/wp\/v2\/product_tag?post=119518"}],"curies":[{"name":"wp","href":"https:\/\/api.w.org\/{rel}","templated":true}]}}