{"id":120922,"date":"2025-06-19T21:48:30","date_gmt":"2025-06-19T20:57:32","guid":{"rendered":"https:\/\/poppers-online.ch\/produkt\/gode-vibrant-dragon-monster\/"},"modified":"2025-06-25T12:36:41","modified_gmt":"2025-06-25T10:36:41","slug":"gode-vibrant-dragon-monster","status":"publish","type":"product","link":"https:\/\/dev.poppers-online.ch\/fr\/produit\/gode-vibrant-dragon-monster\/","title":{"rendered":"Gode vibrant Dragon Monster"},"content":{"rendered":"","protected":false},"excerpt":{"rendered":"<p data-start=\"226\" data-end=\"295\"><strong data-start=\"226\" data-end=\"295\">D\u00e9cha\u00eenez votre imagination avec le godemich\u00e9 Vibrating Dragon Monster !<\/strong><\/p>\n<p data-start=\"297\" data-end=\"532\">Ce monstre de plaisir au design intr\u00e9pide n&rsquo;est pas pour les faibles. Inspir\u00e9 des dragons mystiques, ce godemich\u00e9 extra large combine une masse imposante avec des vibrations puissantes &#8211; et vous emm\u00e8ne vers des sommets d&rsquo;extase insoup\u00e7onn\u00e9s. <\/p>\n<p data-start=\"534\" data-end=\"881\">Fabriqu\u00e9 en silicone 100% respectueux du corps, ce godemich\u00e9 a une forme impressionnante, une surface textur\u00e9e et une ventouse puissante pour de multiples aventures mains libres. Avec <strong data-start=\"736\" data-end=\"768\">9 modes de vibration puissants<\/strong> et une <strong data-start=\"779\" data-end=\"799\">fonction booster<\/strong>, vous pouvez personnaliser votre niveau de plaisir &#8211; de sensuel \u00e0 extr\u00eamement intense. <\/p>\n<p data-start=\"883\" data-end=\"1053\">Que ce soit sous la douche ou dans la baignoire, vous pouvez vous laisser aller sans retenue partout gr\u00e2ce \u00e0 <strong data-start=\"931\" data-end=\"957\">l&rsquo;\u00e9tanch\u00e9it\u00e9 IPX7<\/strong>. Pr\u00eat \u00e0 r\u00e9aliser vos fantasmes les plus fous ? <\/p>\n<hr data-start=\"1055\" data-end=\"1058\">\n<p data-start=\"1060\" data-end=\"1075\"><strong data-start=\"1060\" data-end=\"1075\">Points forts du godemich\u00e9 Vibrating Dragon Monster :<\/strong><\/p>\n<ul data-start=\"1077\" data-end=\"1462\">\n<li data-start=\"1077\" data-end=\"1155\">\n<p data-start=\"1079\" data-end=\"1155\">Godemich\u00e9 monstre au design fantastique &#8211; id\u00e9al pour des moments de plaisir particuli\u00e8rement intenses<\/p>\n<\/li>\n<li data-start=\"1156\" data-end=\"1193\">\n<p data-start=\"1158\" data-end=\"1193\">9 modes de vibration + fonction Boost<\/p>\n<\/li>\n<li data-start=\"1194\" data-end=\"1257\">\n<p data-start=\"1196\" data-end=\"1257\">Silicone souple et agr\u00e9able pour la peau &#8211; r\u00e9aliste et doux<\/p>\n<\/li>\n<li data-start=\"1258\" data-end=\"1312\">\n<p data-start=\"1260\" data-end=\"1312\">Ventouse puissante &#8211; parfaite pour les sessions mains libres<\/p>\n<\/li>\n<li data-start=\"1313\" data-end=\"1361\">\n<p data-start=\"1315\" data-end=\"1361\">Rechargeable via USB (batterie lithium-ion)<\/p>\n<\/li>\n<li data-start=\"1362\" data-end=\"1407\">\n<p data-start=\"1364\" data-end=\"1407\">IPX7 \u00e9tanche &#8211; id\u00e9al pour la douche et le bain<\/p>\n<\/li>\n<li data-start=\"1408\" data-end=\"1462\">\n<p data-start=\"1410\" data-end=\"1462\">Pour les utilisateurs exp\u00e9riment\u00e9s* qui recherchent l&rsquo;extr\u00eame<\/p>\n<\/li>\n<\/ul>\n<hr data-start=\"1464\" data-end=\"1467\">\n<p data-start=\"1469\" data-end=\"1492\"><strong data-start=\"1469\" data-end=\"1492\">D\u00e9tails techniques :<\/strong><\/p>\n<ul data-start=\"1494\" data-end=\"1749\">\n<li data-start=\"1494\" data-end=\"1520\">\n<p data-start=\"1496\" data-end=\"1520\"><strong data-start=\"1496\" data-end=\"1512\">Longueur totale :<\/strong> 27 cm<\/p>\n<\/li>\n<li data-start=\"1521\" data-end=\"1555\">\n<p data-start=\"1523\" data-end=\"1555\"><strong data-start=\"1523\" data-end=\"1545\">Longueur ins\u00e9rable :<\/strong> 21,5 cm<\/p>\n<\/li>\n<li data-start=\"1556\" data-end=\"1589\">\n<p data-start=\"1558\" data-end=\"1589\"><strong data-start=\"1558\" data-end=\"1574\">Diam\u00e8tre :<\/strong> \u00d8 5,5 cm environ<\/p>\n<\/li>\n<li data-start=\"1590\" data-end=\"1640\">\n<p data-start=\"1592\" data-end=\"1640\"><strong data-start=\"1592\" data-end=\"1605\">Mat\u00e9riau :<\/strong> 100 % silicone (respectueux du corps)<\/p>\n<\/li>\n<li data-start=\"1641\" data-end=\"1666\">\n<p data-start=\"1643\" data-end=\"1666\"><strong data-start=\"1643\" data-end=\"1659\">R\u00e9sistance \u00e0 l&rsquo;eau :<\/strong> IPX7<\/p>\n<\/li>\n<li data-start=\"1667\" data-end=\"1700\">\n<p data-start=\"1669\" data-end=\"1700\"><strong data-start=\"1669\" data-end=\"1683\">Vibration :<\/strong> 9 modes + Boost<\/p>\n<\/li>\n<li data-start=\"1701\" data-end=\"1749\">\n<p data-start=\"1703\" data-end=\"1749\"><strong data-start=\"1703\" data-end=\"1712\">Batterie :<\/strong> lithium-ion, rechargeable par USB<\/p>\n<\/li>\n<\/ul>\n","protected":false},"featured_media":120844,"comment_status":"open","ping_status":"closed","template":"","meta":{"_acf_changed":false,"_glsr_average":0,"_glsr_ranking":0,"_glsr_reviews":0},"product_brand":[],"product_cat":[2085,171],"product_tag":[],"class_list":{"0":"post-120922","1":"product","2":"type-product","3":"status-publish","4":"has-post-thumbnail","6":"product_cat-anal-play","7":"product_cat-sex-toys","9":"first","10":"instock","11":"taxable","12":"shipping-taxable","13":"purchasable","14":"product-type-simple"},"acf":[],"_links":{"self":[{"href":"https:\/\/dev.poppers-online.ch\/fr\/wp-json\/wp\/v2\/product\/120922","targetHints":{"allow":["GET"]}}],"collection":[{"href":"https:\/\/dev.poppers-online.ch\/fr\/wp-json\/wp\/v2\/product"}],"about":[{"href":"https:\/\/dev.poppers-online.ch\/fr\/wp-json\/wp\/v2\/types\/product"}],"replies":[{"embeddable":true,"href":"https:\/\/dev.poppers-online.ch\/fr\/wp-json\/wp\/v2\/comments?post=120922"}],"wp:featuredmedia":[{"embeddable":true,"href":"https:\/\/dev.poppers-online.ch\/fr\/wp-json\/wp\/v2\/media\/120844"}],"wp:attachment":[{"href":"https:\/\/dev.poppers-online.ch\/fr\/wp-json\/wp\/v2\/media?parent=120922"}],"wp:term":[{"taxonomy":"product_brand","embeddable":true,"href":"https:\/\/dev.poppers-online.ch\/fr\/wp-json\/wp\/v2\/product_brand?post=120922"},{"taxonomy":"product_cat","embeddable":true,"href":"https:\/\/dev.poppers-online.ch\/fr\/wp-json\/wp\/v2\/product_cat?post=120922"},{"taxonomy":"product_tag","embeddable":true,"href":"https:\/\/dev.poppers-online.ch\/fr\/wp-json\/wp\/v2\/product_tag?post=120922"}],"curies":[{"name":"wp","href":"https:\/\/api.w.org\/{rel}","templated":true}]}}