{"id":120925,"date":"2025-06-19T22:11:13","date_gmt":"2025-06-19T20:11:13","guid":{"rendered":"https:\/\/poppers-online.ch\/produkt\/gode-vibrant-devil-monster\/"},"modified":"2025-06-25T13:35:04","modified_gmt":"2025-06-25T11:35:04","slug":"gode-vibrant-devil-monster","status":"publish","type":"product","link":"https:\/\/dev.poppers-online.ch\/fr\/produit\/gode-vibrant-devil-monster\/","title":{"rendered":"Gode vibrant Devil Monster"},"content":{"rendered":"","protected":false},"excerpt":{"rendered":"<p data-start=\"196\" data-end=\"646\"><strong data-start=\"196\" data-end=\"229\">Vibrating Devil Monster Dildo<\/strong> &#8211; Lib\u00e9rez vos fantasmes les plus fous avec ce jouet diaboliquement excitant ! Fabriqu\u00e9 en silicone 100% respectueux du corps, il offre de puissantes vibrations avec une fonction turbo-boost pour des moments intenses. Sa grande base \u00e0 ventouse permet de le maintenir en place et de jouer les mains libres sur toute surface lisse. \u00c9tanche (IPX7) et rechargeable par USB pour un plaisir sans limite. Pr\u00eat pour des aventures infernales ?    <\/p>\n<p data-start=\"648\" data-end=\"671\"><strong data-start=\"648\" data-end=\"669\">Donn\u00e9es techniques :<\/strong><\/p>\n<ul data-start=\"672\" data-end=\"860\">\n<li data-start=\"672\" data-end=\"694\">\n<p data-start=\"674\" data-end=\"694\">Longueur totale : 22 cm<\/p>\n<\/li>\n<li data-start=\"695\" data-end=\"723\">\n<p data-start=\"697\" data-end=\"723\">Longueur ins\u00e9rable : 18 cm<\/p>\n<\/li>\n<li data-start=\"724\" data-end=\"751\">\n<p data-start=\"726\" data-end=\"751\">Diam\u00e8tre : environ 5,5 cm<\/p>\n<\/li>\n<li data-start=\"752\" data-end=\"779\">\n<p data-start=\"754\" data-end=\"779\">Mat\u00e9riau : 100 % silicone<\/p>\n<\/li>\n<li data-start=\"780\" data-end=\"811\">\n<p data-start=\"782\" data-end=\"811\">Vibration : 9 modes + Boost<\/p>\n<\/li>\n<li data-start=\"812\" data-end=\"832\">\n<p data-start=\"814\" data-end=\"832\">R\u00e9sistant \u00e0 l&rsquo;eau : IPX7<\/p>\n<\/li>\n<li data-start=\"833\" data-end=\"860\">\n<p data-start=\"835\" data-end=\"860\">Rechargeable \u00e0 volont\u00e9 : Oui (USB)<\/p>\n<\/li>\n<\/ul>\n","protected":false},"featured_media":120881,"comment_status":"open","ping_status":"closed","template":"","meta":{"_acf_changed":false,"_glsr_average":0,"_glsr_ranking":0,"_glsr_reviews":0},"product_brand":[],"product_cat":[2085,171],"product_tag":[],"class_list":{"0":"post-120925","1":"product","2":"type-product","3":"status-publish","4":"has-post-thumbnail","6":"product_cat-anal-play","7":"product_cat-sex-toys","9":"first","10":"instock","11":"taxable","12":"shipping-taxable","13":"purchasable","14":"product-type-simple"},"acf":[],"_links":{"self":[{"href":"https:\/\/dev.poppers-online.ch\/fr\/wp-json\/wp\/v2\/product\/120925","targetHints":{"allow":["GET"]}}],"collection":[{"href":"https:\/\/dev.poppers-online.ch\/fr\/wp-json\/wp\/v2\/product"}],"about":[{"href":"https:\/\/dev.poppers-online.ch\/fr\/wp-json\/wp\/v2\/types\/product"}],"replies":[{"embeddable":true,"href":"https:\/\/dev.poppers-online.ch\/fr\/wp-json\/wp\/v2\/comments?post=120925"}],"wp:featuredmedia":[{"embeddable":true,"href":"https:\/\/dev.poppers-online.ch\/fr\/wp-json\/wp\/v2\/media\/120881"}],"wp:attachment":[{"href":"https:\/\/dev.poppers-online.ch\/fr\/wp-json\/wp\/v2\/media?parent=120925"}],"wp:term":[{"taxonomy":"product_brand","embeddable":true,"href":"https:\/\/dev.poppers-online.ch\/fr\/wp-json\/wp\/v2\/product_brand?post=120925"},{"taxonomy":"product_cat","embeddable":true,"href":"https:\/\/dev.poppers-online.ch\/fr\/wp-json\/wp\/v2\/product_cat?post=120925"},{"taxonomy":"product_tag","embeddable":true,"href":"https:\/\/dev.poppers-online.ch\/fr\/wp-json\/wp\/v2\/product_tag?post=120925"}],"curies":[{"name":"wp","href":"https:\/\/api.w.org\/{rel}","templated":true}]}}