{"id":127276,"date":"2025-08-14T15:18:06","date_gmt":"2025-08-14T13:18:06","guid":{"rendered":"https:\/\/poppers-online.ch\/produkt\/creme-ff-fuck-fist-500ml\/"},"modified":"2025-08-18T11:32:39","modified_gmt":"2025-08-18T09:32:39","slug":"creme-ff-fuck-fist-500ml","status":"publish","type":"product","link":"https:\/\/dev.poppers-online.ch\/fr\/produit\/creme-ff-fuck-fist-500ml\/","title":{"rendered":"Cr\u00e8me FF Fuck &amp; Fist 500ml"},"content":{"rendered":"","protected":false},"excerpt":{"rendered":"<p data-renderer-start-pos=\"951\">La <strong data-renderer-mark=\"true\">FF Cream 500ml de Fuck &amp; Fist<\/strong> vous pr\u00e9pare \u00e0 explorer votre cul avec aisance et confort. Il suffit de l&rsquo;appliquer g\u00e9n\u00e9reusement, que vous soyez en solo ou que vous jouiez avec des amis. Une fois la porte de derri\u00e8re ouverte, il ne reste plus qu&rsquo;\u00e0 plonger et \u00e0 en profiter, sans aucune difficult\u00e9 !  <\/p>\n<p data-renderer-start-pos=\"1246\"><strong data-renderer-mark=\"true\">Fuck &amp; Fist FF Cream<\/strong> est un lubrifiant fisting cr\u00e9meux qui assure une glisse exceptionnelle. Il est parfait pour les sessions prolong\u00e9es, les p\u00e9n\u00e9trations profondes et tous les types de jeux intenses.<\/p>\n<p data-renderer-start-pos=\"1451\"><strong data-renderer-mark=\"true\">Astuce suppl\u00e9mentaire :<\/strong> m\u00e9langez la cr\u00e8me avec <a href=\"https:\/\/dev.poppers-online.ch\/fr\/produit\/poudre-ff-fuck-fist-100g\/\">la poudre Fuck &amp; Fist<\/a> pour obtenir le gel fisting parfait !<\/p>\n<p data-renderer-start-pos=\"1543\"><strong data-renderer-mark=\"true\">Remarque :<\/strong> ce lubrifiant contient de l&rsquo;huile et n&rsquo;est pas compatible avec tous les types de pr\u00e9servatifs ou de jouets en silicone.<\/p>\n","protected":false},"featured_media":127260,"comment_status":"open","ping_status":"closed","template":"","meta":{"_acf_changed":false,"_glsr_average":0,"_glsr_ranking":0,"_glsr_reviews":0},"product_brand":[],"product_cat":[2067,166],"product_tag":[],"class_list":{"0":"post-127276","1":"product","2":"type-product","3":"status-publish","4":"has-post-thumbnail","6":"product_cat-lubrifiant","7":"product_cat-droguerie","9":"first","10":"instock","11":"taxable","12":"shipping-taxable","13":"purchasable","14":"product-type-simple"},"acf":[],"_links":{"self":[{"href":"https:\/\/dev.poppers-online.ch\/fr\/wp-json\/wp\/v2\/product\/127276","targetHints":{"allow":["GET"]}}],"collection":[{"href":"https:\/\/dev.poppers-online.ch\/fr\/wp-json\/wp\/v2\/product"}],"about":[{"href":"https:\/\/dev.poppers-online.ch\/fr\/wp-json\/wp\/v2\/types\/product"}],"replies":[{"embeddable":true,"href":"https:\/\/dev.poppers-online.ch\/fr\/wp-json\/wp\/v2\/comments?post=127276"}],"wp:featuredmedia":[{"embeddable":true,"href":"https:\/\/dev.poppers-online.ch\/fr\/wp-json\/wp\/v2\/media\/127260"}],"wp:attachment":[{"href":"https:\/\/dev.poppers-online.ch\/fr\/wp-json\/wp\/v2\/media?parent=127276"}],"wp:term":[{"taxonomy":"product_brand","embeddable":true,"href":"https:\/\/dev.poppers-online.ch\/fr\/wp-json\/wp\/v2\/product_brand?post=127276"},{"taxonomy":"product_cat","embeddable":true,"href":"https:\/\/dev.poppers-online.ch\/fr\/wp-json\/wp\/v2\/product_cat?post=127276"},{"taxonomy":"product_tag","embeddable":true,"href":"https:\/\/dev.poppers-online.ch\/fr\/wp-json\/wp\/v2\/product_tag?post=127276"}],"curies":[{"name":"wp","href":"https:\/\/api.w.org\/{rel}","templated":true}]}}