{"id":127316,"date":"2025-08-14T15:53:03","date_gmt":"2025-08-14T13:53:03","guid":{"rendered":"https:\/\/poppers-online.ch\/produkt\/poudre-ff-fuck-fist-100g\/"},"modified":"2025-10-03T16:38:50","modified_gmt":"2025-10-03T14:38:50","slug":"poudre-ff-fuck-fist-100g","status":"publish","type":"product","link":"https:\/\/dev.poppers-online.ch\/fr\/produit\/poudre-ff-fuck-fist-100g\/","title":{"rendered":"Poudre FF Fuck &amp; Fist 100g"},"content":{"rendered":"","protected":false},"excerpt":{"rendered":"<p><strong>Fuck &amp; Fist FF Powder 100g<\/strong> est la mise \u00e0 niveau pour tous ceux qui ne font pas les choses \u00e0 moiti\u00e9 en mati\u00e8re de fisting.<br \/>\nQu&rsquo;il s&rsquo;agisse de sessions extr\u00eames, d&rsquo;\u00e9tirement anal ou de jouets XXL, cette poudre vous fera passer au niveau sup\u00e9rieur.<\/p>\n<p>Sans graisse, inodore, incolore et sans go\u00fbt &#8211; et pourtant un monstre de performance absolu.<br \/>\nIl glisse en douceur, est incroyablement agr\u00e9able au toucher et est en m\u00eame temps extra doux pour la peau.<\/p>\n<p><strong>Le meilleur :<\/strong> m\u00e9langer et commencer est super facile.<br \/>\nM\u00e9langez simplement la poudre avec de l&rsquo;eau, laissez reposer quelques instants &#8211; et vous obtenez le gel lubrifiant parfait pour l&rsquo;action hardcore.<\/p>\n<h4>Pr\u00e9paration :<\/h4>\n<ul>\n<li>Versez 6 g de poudre (1 cuill\u00e8re \u00e0 caf\u00e9) dans un shaker avec 250 ml d&rsquo;eau bouillie et refroidie.<\/li>\n<li>Secouer pendant 30 secondes<\/li>\n<li>Ajoutez 250 ml d&rsquo;eau et agitez \u00e0 nouveau pendant 30 secondes.<\/li>\n<li>Laisser reposer 30 minutes<\/li>\n<\/ul>\n","protected":false},"featured_media":127295,"comment_status":"open","ping_status":"closed","template":"","meta":{"_acf_changed":false,"_glsr_average":0,"_glsr_ranking":0,"_glsr_reviews":0},"product_brand":[],"product_cat":[2067,166],"product_tag":[],"class_list":{"0":"post-127316","1":"product","2":"type-product","3":"status-publish","4":"has-post-thumbnail","6":"product_cat-lubrifiant","7":"product_cat-droguerie","9":"first","10":"instock","11":"taxable","12":"shipping-taxable","13":"purchasable","14":"product-type-simple"},"acf":[],"_links":{"self":[{"href":"https:\/\/dev.poppers-online.ch\/fr\/wp-json\/wp\/v2\/product\/127316","targetHints":{"allow":["GET"]}}],"collection":[{"href":"https:\/\/dev.poppers-online.ch\/fr\/wp-json\/wp\/v2\/product"}],"about":[{"href":"https:\/\/dev.poppers-online.ch\/fr\/wp-json\/wp\/v2\/types\/product"}],"replies":[{"embeddable":true,"href":"https:\/\/dev.poppers-online.ch\/fr\/wp-json\/wp\/v2\/comments?post=127316"}],"wp:featuredmedia":[{"embeddable":true,"href":"https:\/\/dev.poppers-online.ch\/fr\/wp-json\/wp\/v2\/media\/127295"}],"wp:attachment":[{"href":"https:\/\/dev.poppers-online.ch\/fr\/wp-json\/wp\/v2\/media?parent=127316"}],"wp:term":[{"taxonomy":"product_brand","embeddable":true,"href":"https:\/\/dev.poppers-online.ch\/fr\/wp-json\/wp\/v2\/product_brand?post=127316"},{"taxonomy":"product_cat","embeddable":true,"href":"https:\/\/dev.poppers-online.ch\/fr\/wp-json\/wp\/v2\/product_cat?post=127316"},{"taxonomy":"product_tag","embeddable":true,"href":"https:\/\/dev.poppers-online.ch\/fr\/wp-json\/wp\/v2\/product_tag?post=127316"}],"curies":[{"name":"wp","href":"https:\/\/api.w.org\/{rel}","templated":true}]}}