{"id":127341,"date":"2025-08-14T16:37:32","date_gmt":"2025-08-14T14:37:32","guid":{"rendered":"https:\/\/poppers-online.ch\/produkt\/lubrifiant-fuck-fist-cum-load-250ml\/"},"modified":"2025-08-18T11:47:46","modified_gmt":"2025-08-18T09:47:46","slug":"lubrifiant-fuck-fist-cum-load-250ml","status":"publish","type":"product","link":"https:\/\/dev.poppers-online.ch\/fr\/produit\/lubrifiant-fuck-fist-cum-load-250ml\/","title":{"rendered":"Lubrifiant Fuck &amp; Fist Cum Load 250ml"},"content":{"rendered":"","protected":false},"excerpt":{"rendered":"<p>Le lubrifiant <strong>Fuck &amp; Fist Cum Load Lubricant 250ml<\/strong> est un lubrifiant hybride qui imite parfaitement l&rsquo;aspect du cum frais. La combinaison ing\u00e9nieuse d&rsquo;une base d&rsquo;eau et de silicone vous donne un effet de glisse m\u00e9ga long comme le silicone, tout en \u00e9tant facilement lavable comme les lubrifiants \u00e0 base d&rsquo;eau. <\/p>\n<p>Gr\u00e2ce \u00e0 son flacon pompe astucieux, le lubrifiant est toujours pr\u00eat \u00e0 l&#8217;emploi. Que ce soit pour une session en solo, un jeu avec des jouets ou une action avec des pr\u00e9servatifs, le <strong>lubrifiant Fuck &amp; Fist Load Lubricant<\/strong> est parfaitement adapt\u00e9 car il peut \u00eatre combin\u00e9 avec tous les pr\u00e9servatifs et jouets. Et en plus, vous aurez l&rsquo;impression de recevoir une vraie charge.  <\/p>\n","protected":false},"featured_media":127332,"comment_status":"open","ping_status":"closed","template":"","meta":{"_acf_changed":false,"_glsr_average":0,"_glsr_ranking":0,"_glsr_reviews":0},"product_brand":[],"product_cat":[2067,166],"product_tag":[],"class_list":{"0":"post-127341","1":"product","2":"type-product","3":"status-publish","4":"has-post-thumbnail","6":"product_cat-lubrifiant","7":"product_cat-droguerie","9":"first","10":"instock","11":"taxable","12":"shipping-taxable","13":"purchasable","14":"product-type-simple"},"acf":[],"_links":{"self":[{"href":"https:\/\/dev.poppers-online.ch\/fr\/wp-json\/wp\/v2\/product\/127341","targetHints":{"allow":["GET"]}}],"collection":[{"href":"https:\/\/dev.poppers-online.ch\/fr\/wp-json\/wp\/v2\/product"}],"about":[{"href":"https:\/\/dev.poppers-online.ch\/fr\/wp-json\/wp\/v2\/types\/product"}],"replies":[{"embeddable":true,"href":"https:\/\/dev.poppers-online.ch\/fr\/wp-json\/wp\/v2\/comments?post=127341"}],"wp:featuredmedia":[{"embeddable":true,"href":"https:\/\/dev.poppers-online.ch\/fr\/wp-json\/wp\/v2\/media\/127332"}],"wp:attachment":[{"href":"https:\/\/dev.poppers-online.ch\/fr\/wp-json\/wp\/v2\/media?parent=127341"}],"wp:term":[{"taxonomy":"product_brand","embeddable":true,"href":"https:\/\/dev.poppers-online.ch\/fr\/wp-json\/wp\/v2\/product_brand?post=127341"},{"taxonomy":"product_cat","embeddable":true,"href":"https:\/\/dev.poppers-online.ch\/fr\/wp-json\/wp\/v2\/product_cat?post=127341"},{"taxonomy":"product_tag","embeddable":true,"href":"https:\/\/dev.poppers-online.ch\/fr\/wp-json\/wp\/v2\/product_tag?post=127341"}],"curies":[{"name":"wp","href":"https:\/\/api.w.org\/{rel}","templated":true}]}}