{"id":129409,"date":"2025-09-04T14:43:24","date_gmt":"2025-09-04T12:43:24","guid":{"rendered":"https:\/\/poppers-online.ch\/produkt\/ultimate-rush-poppers-pack-3-x-30ml\/"},"modified":"2025-09-07T15:19:57","modified_gmt":"2025-09-07T13:19:57","slug":"ultimate-rush-poppers-pack-3-x-30ml","status":"publish","type":"product","link":"https:\/\/dev.poppers-online.ch\/fr\/produit\/ultimate-rush-poppers-pack-3-x-30ml\/","title":{"rendered":"Ultimate Rush Poppers Pack &#8211; 3 x 30ml"},"content":{"rendered":"","protected":false},"excerpt":{"rendered":"<p data-start=\"112\" data-end=\"458\"><strong data-start=\"112\" data-end=\"153\">Ultimate Rush Poppers Pack &#8211; 3 x 30ml<\/strong> r\u00e9unit trois des produits Rush les plus exclusifs et les plus puissants dans un luxueux bundle premium. Chaque flacon contient la formule hautement concentr\u00e9e et soigneusement dos\u00e9e dans d&rsquo;\u00e9l\u00e9gants flacons en aluminium, qui non seulement prot\u00e8gent parfaitement les effets, mais offrent \u00e9galement un design \u00e9l\u00e9gant et moderne. <\/p>\n<p data-start=\"460\" data-end=\"930\">Avec une intensit\u00e9 de 5, les <strong data-start=\"460\" data-end=\"495\">Rush Black Label Pentyl<\/strong> <strong data-start=\"500\" data-end=\"522\">Poppers<\/strong> et <strong data-start=\"500\" data-end=\"522\">Super Rush Poppers<\/strong> \u00e9tablissent de nouvelles normes pour des moments intenses et durables, tandis que <strong data-start=\"605\" data-end=\"639\">les Gold Rush Ultra Strong Poppers<\/strong> offrent des effets particuli\u00e8rement durables et intenses gr\u00e2ce \u00e0 leur puissante formule \u00e0 base de nitrite d&rsquo;hexyle. Ensemble, les trois variantes offrent la combinaison parfaite de puissance, de qualit\u00e9 et d&rsquo;endurance &#8211; id\u00e9ale pour tous ceux qui recherchent l&rsquo;originalit\u00e9 et veulent rendre leurs aventures encore plus excitantes. <\/p>\n<p data-start=\"932\" data-end=\"1048\">Avec le <strong data-start=\"940\" data-end=\"970\">pack Ultimate Rush Poppers<\/strong>, vous profitez d&rsquo;un maximum d&rsquo;intensit\u00e9, de luxe et de confort dans un ensemble exclusif.<\/p>\n","protected":false},"featured_media":129403,"comment_status":"open","ping_status":"closed","template":"","meta":{"_acf_changed":false,"_glsr_average":0,"_glsr_ranking":0,"_glsr_reviews":0},"product_brand":[],"product_cat":[1046,76,77],"product_tag":[],"class_list":{"0":"post-129409","1":"product","2":"type-product","3":"status-publish","4":"has-post-thumbnail","6":"product_cat-poppers","7":"product_cat-paquets-economiques","8":"product_cat-grands-flacons","9":"pa_flaschenform-rond-grand","10":"pa_gewindegroesse-xl-fr","11":"pa_gewindegroesse-small","12":"pa_inhalt-combo","13":"pa_inhalt-30ml","14":"pa_inhaltsstoffe-nitrite-dhexyle","15":"pa_inhaltsstoffe-formule-canadienne-de-pentyle","16":"pa_marke-royal-hexagon-fr","17":"pa_marke-rush-poppers","18":"pa_staerke-90","20":"first","21":"instock","22":"sale","23":"taxable","24":"shipping-taxable","25":"purchasable","26":"product-type-simple"},"acf":[],"_links":{"self":[{"href":"https:\/\/dev.poppers-online.ch\/fr\/wp-json\/wp\/v2\/product\/129409","targetHints":{"allow":["GET"]}}],"collection":[{"href":"https:\/\/dev.poppers-online.ch\/fr\/wp-json\/wp\/v2\/product"}],"about":[{"href":"https:\/\/dev.poppers-online.ch\/fr\/wp-json\/wp\/v2\/types\/product"}],"replies":[{"embeddable":true,"href":"https:\/\/dev.poppers-online.ch\/fr\/wp-json\/wp\/v2\/comments?post=129409"}],"wp:featuredmedia":[{"embeddable":true,"href":"https:\/\/dev.poppers-online.ch\/fr\/wp-json\/wp\/v2\/media\/129403"}],"wp:attachment":[{"href":"https:\/\/dev.poppers-online.ch\/fr\/wp-json\/wp\/v2\/media?parent=129409"}],"wp:term":[{"taxonomy":"product_brand","embeddable":true,"href":"https:\/\/dev.poppers-online.ch\/fr\/wp-json\/wp\/v2\/product_brand?post=129409"},{"taxonomy":"product_cat","embeddable":true,"href":"https:\/\/dev.poppers-online.ch\/fr\/wp-json\/wp\/v2\/product_cat?post=129409"},{"taxonomy":"product_tag","embeddable":true,"href":"https:\/\/dev.poppers-online.ch\/fr\/wp-json\/wp\/v2\/product_tag?post=129409"}],"curies":[{"name":"wp","href":"https:\/\/api.w.org\/{rel}","templated":true}]}}