{"id":129421,"date":"2025-09-04T15:36:03","date_gmt":"2025-09-04T13:36:03","guid":{"rendered":"https:\/\/poppers-online.ch\/produkt\/inferno-black-fire-poppers-combo\/"},"modified":"2025-11-16T23:02:17","modified_gmt":"2025-11-16T22:02:17","slug":"inferno-black-fire-poppers-combo","status":"publish","type":"product","link":"https:\/\/dev.poppers-online.ch\/fr\/produit\/inferno-black-fire-poppers-combo\/","title":{"rendered":"Inferno Black Fire Poppers Combo"},"content":{"rendered":"","protected":false},"excerpt":{"rendered":"<p data-start=\"103\" data-end=\"536\"><strong data-start=\"103\" data-end=\"139\">Inferno Black Fire Poppers Combo<\/strong> combine deux flacons de la nouveaut\u00e9 mondiale <strong data-start=\"178\" data-end=\"210\">Black Fire Ultra Strong 30ml<\/strong>, remplis de la c\u00e9l\u00e8bre formule Canadian Pentyl. Ce bundle exclusif offre une double puissance \u00e0 ceux qui aiment le chaud, le dur et l&rsquo;intense. Black Fire est l&rsquo;un des poppers les plus puissants du march\u00e9 et son effet extr\u00eame l&rsquo;a fait entrer directement dans la liste des meilleurs poppers de 2025.  <\/p>\n<p data-start=\"538\" data-end=\"917\">Chaque flacon contient du pentylnitrite canadien extra fort, pour des moments intenses et durables. Hot as Hell, Dark Boom et Hellfire &#8211; avec Black Fire, vous vivez des moments incomparables de passion et d&rsquo;endurance. L&rsquo;\u00e9l\u00e9gante bouteille noire en aluminium prot\u00e8ge parfaitement la formule hautement concentr\u00e9e tout en offrant un design moderne et \u00e9l\u00e9gant.  <\/p>\n<p data-start=\"919\" data-end=\"1231\">Lorsque tu refermes les flacons, ne serre pas trop le bouchon. Pousse-le l\u00e9g\u00e8rement contre le flacon et visse-le doucement pour maintenir le joint. Gr\u00e2ce \u00e0 la taille XL du pas de vis, les flacons peuvent en outre \u00eatre combin\u00e9s avec les capsules XL Booster correspondantes pour augmenter encore leur efficacit\u00e9.  <\/p>\n","protected":false},"featured_media":129415,"comment_status":"open","ping_status":"closed","template":"","meta":{"_acf_changed":false,"_glsr_average":0,"_glsr_ranking":0,"_glsr_reviews":0},"product_brand":[],"product_cat":[1046,76,77],"product_tag":[],"class_list":{"0":"post-129421","1":"product","2":"type-product","3":"status-publish","4":"has-post-thumbnail","6":"product_cat-poppers","7":"product_cat-paquets-economiques","8":"product_cat-grands-flacons","9":"pa_flaschenform-rond-grand","10":"pa_gewindegroesse-xl-fr","11":"pa_inhalt-combo","12":"pa_inhalt-30ml","13":"pa_inhaltsstoffe-formule-canadienne-de-pentyle","14":"pa_marke-royal-hexagon-fr","15":"pa_staerke-91","17":"first","18":"instock","19":"sale","20":"taxable","21":"shipping-taxable","22":"purchasable","23":"product-type-simple"},"acf":[],"_links":{"self":[{"href":"https:\/\/dev.poppers-online.ch\/fr\/wp-json\/wp\/v2\/product\/129421","targetHints":{"allow":["GET"]}}],"collection":[{"href":"https:\/\/dev.poppers-online.ch\/fr\/wp-json\/wp\/v2\/product"}],"about":[{"href":"https:\/\/dev.poppers-online.ch\/fr\/wp-json\/wp\/v2\/types\/product"}],"replies":[{"embeddable":true,"href":"https:\/\/dev.poppers-online.ch\/fr\/wp-json\/wp\/v2\/comments?post=129421"}],"wp:featuredmedia":[{"embeddable":true,"href":"https:\/\/dev.poppers-online.ch\/fr\/wp-json\/wp\/v2\/media\/129415"}],"wp:attachment":[{"href":"https:\/\/dev.poppers-online.ch\/fr\/wp-json\/wp\/v2\/media?parent=129421"}],"wp:term":[{"taxonomy":"product_brand","embeddable":true,"href":"https:\/\/dev.poppers-online.ch\/fr\/wp-json\/wp\/v2\/product_brand?post=129421"},{"taxonomy":"product_cat","embeddable":true,"href":"https:\/\/dev.poppers-online.ch\/fr\/wp-json\/wp\/v2\/product_cat?post=129421"},{"taxonomy":"product_tag","embeddable":true,"href":"https:\/\/dev.poppers-online.ch\/fr\/wp-json\/wp\/v2\/product_tag?post=129421"}],"curies":[{"name":"wp","href":"https:\/\/api.w.org\/{rel}","templated":true}]}}