{"id":129433,"date":"2025-09-04T16:49:56","date_gmt":"2025-09-04T14:49:56","guid":{"rendered":"https:\/\/poppers-online.ch\/produkt\/hanky-code-poppers-sniffer-4-pack\/"},"modified":"2025-09-07T15:43:05","modified_gmt":"2025-09-07T13:43:05","slug":"hanky-code-poppers-sniffer-4-pack","status":"publish","type":"product","link":"https:\/\/dev.poppers-online.ch\/fr\/produit\/hanky-code-poppers-sniffer-4-pack\/","title":{"rendered":"Hanky Code Poppers Sniffer 4-Pack"},"content":{"rendered":"","protected":false},"excerpt":{"rendered":"<p data-start=\"136\" data-end=\"788\">Obtiens 4 Booster Cap pour le prix de 3. Le <strong data-start=\"179\" data-end=\"226\">Poppers Booster Cap XTRM SNFFR Double Small<\/strong> de XTRM porte l&rsquo;utilisation des poppers \u00e0 un niveau sup\u00e9rieur. Tu d\u00e9visses le bouchon original du fabricant et tu visses le Booster Cap sur le flacon. Tu sentiras rapidement la diff\u00e9rence. Un autre avantage est que tu prot\u00e8ges ta peau contre les irritations et les br\u00fblures avec le Booster Cap, car tu n&rsquo;as pas de contact direct avec la peau du Poppers.   Apr\u00e8s l&rsquo;utilisation, remets imp\u00e9rativement le couvercle original du fabricant pour \u00e9viter les fuites. Essaye le Booster Cap et \u00e9cris une \u00e9valuation du produit sur cette page.<\/p>\n<p data-start=\"790\" data-end=\"932\">Le <strong data-start=\"794\" data-end=\"841\">Poppers Booster Cap XTRM SNFFR Double Small<\/strong> convient \u00e0 tous les flacons ronds de 10ml et 30ml du fabricant canadien Lockerroom.<\/p>\n<p data-start=\"934\" data-end=\"1264\">Le pack Hanky Code Poppers Sniffers 4 avec quatre sniffers pour le prix de 3 contient quatre couleurs diff\u00e9rentes. Avec les couleurs des sniffers, tu exprimes tes pr\u00e9f\u00e9rences par le biais du Hanky Code : Le sniffer jaune repr\u00e9sente la communaut\u00e9 de la pisse, le sniffer rouge incarne la communaut\u00e9 du fisting, avec le sniffer bleu fonc\u00e9, tu montres ton appartenance \u00e0 la communaut\u00e9 anale et le sniffer noir est pr\u00e9f\u00e9r\u00e9 par la sc\u00e8ne SM. <\/p>\n","protected":false},"featured_media":129427,"comment_status":"open","ping_status":"closed","template":"","meta":{"_acf_changed":false,"_glsr_average":0,"_glsr_ranking":0,"_glsr_reviews":0},"product_brand":[],"product_cat":[149,1303],"product_tag":[],"class_list":{"0":"post-129433","1":"product","2":"type-product","3":"status-publish","4":"has-post-thumbnail","6":"product_cat-accessoires-poppers","7":"product_cat-booster-caps","8":"pa_booster-cap-gewindegroesse-pour-taille-de-filetage-small","10":"first","11":"instock","12":"sale","13":"taxable","14":"shipping-taxable","15":"purchasable","16":"product-type-simple"},"acf":[],"_links":{"self":[{"href":"https:\/\/dev.poppers-online.ch\/fr\/wp-json\/wp\/v2\/product\/129433","targetHints":{"allow":["GET"]}}],"collection":[{"href":"https:\/\/dev.poppers-online.ch\/fr\/wp-json\/wp\/v2\/product"}],"about":[{"href":"https:\/\/dev.poppers-online.ch\/fr\/wp-json\/wp\/v2\/types\/product"}],"replies":[{"embeddable":true,"href":"https:\/\/dev.poppers-online.ch\/fr\/wp-json\/wp\/v2\/comments?post=129433"}],"wp:featuredmedia":[{"embeddable":true,"href":"https:\/\/dev.poppers-online.ch\/fr\/wp-json\/wp\/v2\/media\/129427"}],"wp:attachment":[{"href":"https:\/\/dev.poppers-online.ch\/fr\/wp-json\/wp\/v2\/media?parent=129433"}],"wp:term":[{"taxonomy":"product_brand","embeddable":true,"href":"https:\/\/dev.poppers-online.ch\/fr\/wp-json\/wp\/v2\/product_brand?post=129433"},{"taxonomy":"product_cat","embeddable":true,"href":"https:\/\/dev.poppers-online.ch\/fr\/wp-json\/wp\/v2\/product_cat?post=129433"},{"taxonomy":"product_tag","embeddable":true,"href":"https:\/\/dev.poppers-online.ch\/fr\/wp-json\/wp\/v2\/product_tag?post=129433"}],"curies":[{"name":"wp","href":"https:\/\/api.w.org\/{rel}","templated":true}]}}