{"id":130743,"date":"2025-09-18T14:43:39","date_gmt":"2025-09-18T12:43:39","guid":{"rendered":"https:\/\/poppers-online.ch\/produkt\/pack-de-demarrage-all-you-can-fuck-and-fist\/"},"modified":"2025-09-26T20:17:55","modified_gmt":"2025-09-26T18:17:55","slug":"pack-de-demarrage-all-you-can-fuck-and-fist","status":"publish","type":"product","link":"https:\/\/dev.poppers-online.ch\/fr\/produit\/pack-de-demarrage-all-you-can-fuck-and-fist\/","title":{"rendered":"All you can Fuck &amp; Fist Starter Pack"},"content":{"rendered":"","protected":false},"excerpt":{"rendered":"<p data-start=\"161\" data-end=\"357\">Le <strong data-start=\"165\" data-end=\"207\">pack de d\u00e9marrage All you can Fuck &amp; Fist<\/strong> vous offre tout ce dont vous avez besoin pour fister ou pour des sessions intensives. Faites le plein d\u00e8s maintenant et soyez pr\u00eat pour votre prochaine aventure ! <\/p>\n<p data-start=\"359\" data-end=\"658\">La <strong data-start=\"363\" data-end=\"393\">FF Cream 500ml de Fuck &amp; Fist<\/strong> vous pr\u00e9pare \u00e0 explorer votre cul avec aisance et confort. Il suffit de l&rsquo;appliquer g\u00e9n\u00e9reusement, que vous soyez en solo ou que vous jouiez avec des amis. Une fois la porte de derri\u00e8re ouverte, il ne reste plus qu&rsquo;\u00e0 plonger et \u00e0 en profiter, sans aucune difficult\u00e9 !  <\/p>\n<p data-start=\"660\" data-end=\"869\"><strong data-start=\"664\" data-end=\"688\">Fuck &amp; Fist FF Cream<\/strong> est un lubrifiant fisting cr\u00e9meux qui assure une glisse exceptionnelle. Il est parfait pour les sessions prolong\u00e9es, les p\u00e9n\u00e9trations profondes et tous les types de jeux intenses.<\/p>\n<p data-start=\"871\" data-end=\"1088\"><strong data-start=\"871\" data-end=\"886\">Astuce suppl\u00e9mentaire :<\/strong> m\u00e9langez la cr\u00e8me avec <strong data-start=\"905\" data-end=\"927\">Fuck &amp; Fist Powder<\/strong> pour obtenir le gel fisting parfait !<br data-start=\"969\" data-end=\"972\"><strong data-start=\"972\" data-end=\"984\">Remarque :<\/strong> ce lubrifiant contient de l&rsquo;huile et n&rsquo;est pas compatible avec tous les types de pr\u00e9servatifs ou de jouets en silicone.<\/p>\n<p data-start=\"1382\" data-end=\"1683\">Le lubrifiant <strong data-start=\"1386\" data-end=\"1426\">Fuck &amp; Fist Cum Load Lubricant 250ml<\/strong> est un lubrifiant hybride qui imite parfaitement l&rsquo;aspect du cum frais. La combinaison ing\u00e9nieuse d&rsquo;une base d&rsquo;eau et de silicone vous donne un effet de glisse m\u00e9ga long comme le silicone, tout en \u00e9tant facilement lavable comme les lubrifiants \u00e0 base d&rsquo;eau. <\/p>\n<p data-start=\"1685\" data-end=\"2020\">Gr\u00e2ce \u00e0 son flacon pompe astucieux, le lubrifiant est toujours pr\u00eat \u00e0 l&#8217;emploi. Que ce soit pour une session en solo, un jeu avec des jouets ou une action avec des pr\u00e9servatifs, le lubrifiant Fuck &amp; Fist Load Lubricant est parfait car il se combine avec tous les pr\u00e9servatifs et jouets. Et en plus, vous aurez l&rsquo;impression de recevoir une vraie charge.  <\/p>\n<p data-start=\"2022\" data-end=\"2252\">Le <strong data-start=\"1094\" data-end=\"1126\">spray Fuck &amp; Fist Delay 50ml<\/strong> est votre joker si vous voulez que cela dure plus longtemps. Il suffit de vaporiser 1 \u00e0 3 fois directement sur le gland, d&rsquo;attendre quelques instants &#8211; et vous \u00eates pr\u00eat. Sans engourdissement et sans effets secondaires g\u00eanants. Juste de la fermet\u00e9 longue dur\u00e9e quand il le faut.   <\/p>\n<p data-start=\"2022\" data-end=\"2252\">Parfait pour les longues sessions en solo ou les longs tours \u00e0 deux (ou en groupe), le <strong data-start=\"2120\" data-end=\"2152\">spray Fuck &amp; Fist Delay 50ml<\/strong> vous permet de rester dur et de retarder l&rsquo;apog\u00e9e de mani\u00e8re cibl\u00e9e. Plus besoin d&rsquo;\u00e9jaculer pr\u00e9matur\u00e9ment. <\/p>\n<p data-start=\"2254\" data-end=\"2403\">Avant l&rsquo;utilisation : testez d&rsquo;abord le spray en le vaporisant sur une zone non probl\u00e9matique pour v\u00e9rifier qu&rsquo;il n&rsquo;y a pas d&rsquo;hypersensibilit\u00e9 ou de r\u00e9action allergique.<\/p>\n<p data-start=\"2405\" data-end=\"2615\"><strong data-start=\"2405\" data-end=\"2435\">Fuck &amp; Fist FF Powder 100g<\/strong> est la mise \u00e0 niveau pour tous ceux qui ne font pas les choses \u00e0 moiti\u00e9 en mati\u00e8re de fisting.<br data-start=\"2506\" data-end=\"2509\">Qu&rsquo;il s&rsquo;agisse de sessions extr\u00eames, d&rsquo;\u00e9tirements anaux ou de jouets XXL, cette poudre vous fera passer au niveau sup\u00e9rieur.<\/p>\n<p data-start=\"2617\" data-end=\"2803\">Sans graisse, inodore, incolore et sans go\u00fbt &#8211; et pourtant un monstre de performance absolu.<br data-start=\"2712\" data-end=\"2715\">Il glisse en douceur, est incroyablement agr\u00e9able au toucher et est en m\u00eame temps extra doux pour la peau.<\/p>\n<p data-start=\"2805\" data-end=\"2975\"><strong data-start=\"2805\" data-end=\"2819\">Le meilleur :<\/strong> m\u00e9langer et commencer est super facile.<br data-start=\"2854\" data-end=\"2857\">M\u00e9langez simplement la poudre avec de l&rsquo;eau, laissez reposer quelques instants &#8211; et vous obtenez le gel lubrifiant parfait pour une action hardcore.<\/p>\n","protected":false},"featured_media":130723,"comment_status":"open","ping_status":"closed","template":"","meta":{"_acf_changed":false,"_glsr_average":0,"_glsr_ranking":0,"_glsr_reviews":0},"product_brand":[],"product_cat":[2070,2067,2079,166],"product_tag":[],"class_list":{"0":"post-130743","1":"product","2":"type-product","3":"status-publish","4":"has-post-thumbnail","6":"product_cat-helpers","7":"product_cat-lubrifiant","8":"product_cat-retardant-ejaculation","9":"product_cat-droguerie","11":"first","12":"instock","13":"sale","14":"taxable","15":"shipping-taxable","16":"purchasable","17":"product-type-simple"},"acf":[],"_links":{"self":[{"href":"https:\/\/dev.poppers-online.ch\/fr\/wp-json\/wp\/v2\/product\/130743","targetHints":{"allow":["GET"]}}],"collection":[{"href":"https:\/\/dev.poppers-online.ch\/fr\/wp-json\/wp\/v2\/product"}],"about":[{"href":"https:\/\/dev.poppers-online.ch\/fr\/wp-json\/wp\/v2\/types\/product"}],"replies":[{"embeddable":true,"href":"https:\/\/dev.poppers-online.ch\/fr\/wp-json\/wp\/v2\/comments?post=130743"}],"wp:featuredmedia":[{"embeddable":true,"href":"https:\/\/dev.poppers-online.ch\/fr\/wp-json\/wp\/v2\/media\/130723"}],"wp:attachment":[{"href":"https:\/\/dev.poppers-online.ch\/fr\/wp-json\/wp\/v2\/media?parent=130743"}],"wp:term":[{"taxonomy":"product_brand","embeddable":true,"href":"https:\/\/dev.poppers-online.ch\/fr\/wp-json\/wp\/v2\/product_brand?post=130743"},{"taxonomy":"product_cat","embeddable":true,"href":"https:\/\/dev.poppers-online.ch\/fr\/wp-json\/wp\/v2\/product_cat?post=130743"},{"taxonomy":"product_tag","embeddable":true,"href":"https:\/\/dev.poppers-online.ch\/fr\/wp-json\/wp\/v2\/product_tag?post=130743"}],"curies":[{"name":"wp","href":"https:\/\/api.w.org\/{rel}","templated":true}]}}