{"id":134792,"date":"2025-10-30T10:29:10","date_gmt":"2025-10-30T09:29:10","guid":{"rendered":"https:\/\/poppers-online.ch\/produkt\/vibrateur-anal-tetra-thrill\/"},"modified":"2025-11-04T18:37:54","modified_gmt":"2025-11-04T17:37:54","slug":"vibrateur-anal-tetra-thrill","status":"publish","type":"product","link":"https:\/\/dev.poppers-online.ch\/fr\/produit\/vibrateur-anal-tetra-thrill\/","title":{"rendered":"Vibrateur anal Tetra Thrill"},"content":{"rendered":"","protected":false},"excerpt":{"rendered":"<p data-start=\"1071\" data-end=\"1895\"><strong data-start=\"1085\" data-end=\"1113\">Extreme by Hidden Desire<\/strong> pr\u00e9sente une collection unique de jouets anaux sp\u00e9cialement con\u00e7us pour ceux qui souhaitent repousser les limites du plaisir. Le <strong data-start=\"1252\" data-end=\"1282\">vibromasseur anal Tetra Thrill<\/strong> a \u00e9t\u00e9 sp\u00e9cialement moul\u00e9 pour une insertion en douceur. Une fois les quatre boules profond\u00e9ment ins\u00e9r\u00e9es, activez le puissant moteur et laissez-vous aller \u00e0 des pouss\u00e9es intenses et vibrantes qui vous m\u00e8neront \u00e0 un orgasme explosif. En retirant lentement le vibromasseur Tetra Thrill Anal, vous atteindrez un point culminant sensoriel inoubliable. Fabriqu\u00e9 en silicone pur \u00e0 100 % pour le confort et la durabilit\u00e9, ce vibromasseur offre une vari\u00e9t\u00e9 de modes de vibration pour une exp\u00e9rience excitante. Abandonnez-vous \u00e0 vos d\u00e9sirs les plus profonds avec le vibromasseur Tetra Thrill Anal et d\u00e9couvrez de nouvelles dimensions de plaisir.     <\/p>\n<p data-start=\"1897\" data-end=\"2184\"><strong data-start=\"1897\" data-end=\"1920\">Dimensions du produit :<\/strong> 21,5 \u00d7 4,5 cm<br data-start=\"1934\" data-end=\"1937\"><strong data-start=\"1937\" data-end=\"1953\">Longueur totale :<\/strong> 21,5 cm<br data-start=\"1961\" data-end=\"1964\"><strong data-start=\"1964\" data-end=\"1986\">Longueur ins\u00e9rable :<\/strong> 13,5 cm<br data-start=\"1994\" data-end=\"1997\"><strong data-start=\"1997\" data-end=\"2020\">Diam\u00e8tre d&rsquo;insertion :<\/strong> 2 &#8211; 3,5 cm<br data-start=\"2031\" data-end=\"2034\"><strong data-start=\"2034\" data-end=\"2047\">Mat\u00e9riau: <\/strong>silicone<br data-start=\"2055\" data-end=\"2058\"><strong data-start=\"2058\" data-end=\"2078\" data-is-only-node=\"\">Rechargeable, en fait : <\/strong>Oui<br data-start=\"2081\" data-end=\"2084\"><strong data-start=\"2084\" data-end=\"2108\">R\u00e9sistance \u00e0 l&rsquo;eau :<\/strong> IPX6 \u00e9tanche<br data-start=\"2125\" data-end=\"2128\"><strong data-start=\"2128\" data-end=\"2147\">Modes de vibration :<\/strong> 9<br data-start=\"2149\" data-end=\"2152\"><strong data-start=\"2152\" data-end=\"2168\">Type de batterie :<\/strong> lithium-ion<\/p>\n","protected":false},"featured_media":134785,"comment_status":"open","ping_status":"closed","template":"","meta":{"_acf_changed":false,"_glsr_average":0,"_glsr_ranking":0,"_glsr_reviews":0},"product_brand":[],"product_cat":[2085,171],"product_tag":[],"class_list":{"0":"post-134792","1":"product","2":"type-product","3":"status-publish","4":"has-post-thumbnail","6":"product_cat-anal-play","7":"product_cat-sex-toys","9":"first","10":"instock","11":"taxable","12":"shipping-taxable","13":"purchasable","14":"product-type-simple"},"acf":[],"_links":{"self":[{"href":"https:\/\/dev.poppers-online.ch\/fr\/wp-json\/wp\/v2\/product\/134792","targetHints":{"allow":["GET"]}}],"collection":[{"href":"https:\/\/dev.poppers-online.ch\/fr\/wp-json\/wp\/v2\/product"}],"about":[{"href":"https:\/\/dev.poppers-online.ch\/fr\/wp-json\/wp\/v2\/types\/product"}],"replies":[{"embeddable":true,"href":"https:\/\/dev.poppers-online.ch\/fr\/wp-json\/wp\/v2\/comments?post=134792"}],"wp:featuredmedia":[{"embeddable":true,"href":"https:\/\/dev.poppers-online.ch\/fr\/wp-json\/wp\/v2\/media\/134785"}],"wp:attachment":[{"href":"https:\/\/dev.poppers-online.ch\/fr\/wp-json\/wp\/v2\/media?parent=134792"}],"wp:term":[{"taxonomy":"product_brand","embeddable":true,"href":"https:\/\/dev.poppers-online.ch\/fr\/wp-json\/wp\/v2\/product_brand?post=134792"},{"taxonomy":"product_cat","embeddable":true,"href":"https:\/\/dev.poppers-online.ch\/fr\/wp-json\/wp\/v2\/product_cat?post=134792"},{"taxonomy":"product_tag","embeddable":true,"href":"https:\/\/dev.poppers-online.ch\/fr\/wp-json\/wp\/v2\/product_tag?post=134792"}],"curies":[{"name":"wp","href":"https:\/\/api.w.org\/{rel}","templated":true}]}}