{"id":134842,"date":"2025-10-30T11:08:18","date_gmt":"2025-10-30T10:08:18","guid":{"rendered":"https:\/\/poppers-online.ch\/produkt\/kit-de-base-de-formation-a-la-croissance-du-penis\/"},"modified":"2025-11-04T18:47:04","modified_gmt":"2025-11-04T17:47:04","slug":"kit-de-base-de-formation-a-la-croissance-du-penis","status":"publish","type":"product","link":"https:\/\/dev.poppers-online.ch\/fr\/produit\/kit-de-base-de-formation-a-la-croissance-du-penis\/","title":{"rendered":"Kit de base de formation \u00e0 la croissance du p\u00e9nis"},"content":{"rendered":"","protected":false},"excerpt":{"rendered":"<p data-start=\"0\" data-end=\"518\"><strong data-start=\"0\" data-end=\"52\">Penis Growth Training Basic Set by HIDDEN DESIRE<\/strong> offre la s\u00e9lection parfaite d&rsquo;extenseurs de p\u00e9nis &#8211; con\u00e7us pour les hommes qui aspirent courageusement \u00e0 un peu plus de longueur. Faites l&rsquo;exp\u00e9rience d&rsquo;un agrandissement durable en circonf\u00e9rence et en longueur gr\u00e2ce \u00e0 notre solution scientifiquement d\u00e9velopp\u00e9e. Gr\u00e2ce \u00e0 la m\u00e9thode \u00e9prouv\u00e9e d&rsquo;allongement du p\u00e9nis et d&rsquo;augmentation des cellules, ce dispositif permet d&rsquo;obtenir des r\u00e9sultats \u00e0 long terme, sans douleur et en tout confort. Il s&rsquo;adapte \u00e0 toutes les tailles et constitue votre moyen discret et efficace de gagner en confiance.   <\/p>\n<p data-start=\"520\" data-end=\"678\">Le <strong data-start=\"524\" data-end=\"537\">SET BASIC<\/strong> contient tout ce dont vous avez besoin pour commencer, y compris un tube en silicone avec un rembourrage pour fixer le gland au prolongateur.<\/p>\n<p data-start=\"680\" data-end=\"776\"><strong data-start=\"680\" data-end=\"697\">Longueur totale :<\/strong> 26 cm<br data-start=\"703\" data-end=\"706\"><strong data-start=\"706\" data-end=\"724\">Diam\u00e8tre de l&rsquo;anneau :<\/strong> 9 cm<br data-start=\"729\" data-end=\"732\"><strong data-start=\"732\" data-end=\"745\">Mat\u00e9riaux :<\/strong> ABS Plastic, Silicone, Metal<\/p>\n","protected":false},"featured_media":134824,"comment_status":"open","ping_status":"closed","template":"","meta":{"_acf_changed":false,"_glsr_average":0,"_glsr_ranking":0,"_glsr_reviews":0},"product_brand":[],"product_cat":[2097,171],"product_tag":[],"class_list":{"0":"post-134842","1":"product","2":"type-product","3":"status-publish","4":"has-post-thumbnail","6":"product_cat-agrandir-penis","7":"product_cat-sex-toys","9":"first","10":"instock","11":"taxable","12":"shipping-taxable","13":"purchasable","14":"product-type-simple"},"acf":[],"_links":{"self":[{"href":"https:\/\/dev.poppers-online.ch\/fr\/wp-json\/wp\/v2\/product\/134842","targetHints":{"allow":["GET"]}}],"collection":[{"href":"https:\/\/dev.poppers-online.ch\/fr\/wp-json\/wp\/v2\/product"}],"about":[{"href":"https:\/\/dev.poppers-online.ch\/fr\/wp-json\/wp\/v2\/types\/product"}],"replies":[{"embeddable":true,"href":"https:\/\/dev.poppers-online.ch\/fr\/wp-json\/wp\/v2\/comments?post=134842"}],"wp:featuredmedia":[{"embeddable":true,"href":"https:\/\/dev.poppers-online.ch\/fr\/wp-json\/wp\/v2\/media\/134824"}],"wp:attachment":[{"href":"https:\/\/dev.poppers-online.ch\/fr\/wp-json\/wp\/v2\/media?parent=134842"}],"wp:term":[{"taxonomy":"product_brand","embeddable":true,"href":"https:\/\/dev.poppers-online.ch\/fr\/wp-json\/wp\/v2\/product_brand?post=134842"},{"taxonomy":"product_cat","embeddable":true,"href":"https:\/\/dev.poppers-online.ch\/fr\/wp-json\/wp\/v2\/product_cat?post=134842"},{"taxonomy":"product_tag","embeddable":true,"href":"https:\/\/dev.poppers-online.ch\/fr\/wp-json\/wp\/v2\/product_tag?post=134842"}],"curies":[{"name":"wp","href":"https:\/\/api.w.org\/{rel}","templated":true}]}}