{"id":134925,"date":"2025-10-30T13:48:59","date_gmt":"2025-10-30T12:48:59","guid":{"rendered":"https:\/\/poppers-online.ch\/produkt\/kit-de-dilatateur-de-penis-strie-extreme\/"},"modified":"2025-11-04T19:02:31","modified_gmt":"2025-11-04T18:02:31","slug":"kit-de-dilatateur-de-penis-strie-extreme","status":"publish","type":"product","link":"https:\/\/dev.poppers-online.ch\/fr\/produit\/kit-de-dilatateur-de-penis-strie-extreme\/","title":{"rendered":"Kit de dilatateur de p\u00e9nis stri\u00e9 extr\u00eame"},"content":{"rendered":"","protected":false},"excerpt":{"rendered":"<p data-start=\"0\" data-end=\"776\"><strong data-start=\"0\" data-end=\"28\">Extreme by Hidden Desire<\/strong> propose une collection unique de mat\u00e9riel pour le p\u00e9nis, sp\u00e9cialement con\u00e7ue pour tous ceux qui veulent repousser courageusement les limites du plaisir. Le <strong data-start=\"168\" data-end=\"204\">kit de dilatateurs p\u00e9niens Extreme Ribbed<\/strong> est con\u00e7u pour cr\u00e9er une stimulation suppl\u00e9mentaire avec chaque rainure qui glisse dans votre ur\u00e8tre. Une fois ins\u00e9r\u00e9s profond\u00e9ment, ils stimulent la prostate et procurent des sensations intenses et \u00e9panouissantes. Les dilatateurs stri\u00e9s peuvent \u00e9galement \u00eatre utilis\u00e9s comme stop sperme pour rendre les orgasmes encore plus intenses. Fabriqu\u00e9s en silicone 100% pur et dot\u00e9s d&rsquo;une longue base pour la s\u00e9curit\u00e9 et le confort, les dilatateurs p\u00e9niens garantissent une exp\u00e9rience excitante. Lib\u00e9rez vos fantasmes les plus fous avec le <strong data-start=\"737\" data-end=\"773\">kit de dilatateurs de p\u00e9nis Extreme Ribbed<\/strong>.     <\/p>\n<p data-start=\"778\" data-end=\"860\"><strong data-start=\"778\" data-end=\"790\">Remarque :<\/strong> l&rsquo;utilisation d&rsquo;un lubrifiant st\u00e9rile est fortement recommand\u00e9e.<\/p>\n<p data-start=\"862\" data-end=\"966\"><strong data-start=\"862\" data-end=\"879\">Longueur totale :<\/strong> 15.6 cm \/ 24.1 cm<br data-start=\"897\" data-end=\"900\"><strong data-start=\"900\" data-end=\"924\">Diam\u00e8tre d&rsquo;insertion :<\/strong> 5.6 mm \/ 10 mm<br data-start=\"939\" data-end=\"942\"><strong data-start=\"942\" data-end=\"955\">Mat\u00e9riau :<\/strong> Silicone<\/p>\n","protected":false},"featured_media":134915,"comment_status":"open","ping_status":"closed","template":"","meta":{"_acf_changed":false,"_glsr_average":0,"_glsr_ranking":0,"_glsr_reviews":0},"product_brand":[],"product_cat":[2091,171],"product_tag":[],"class_list":{"0":"post-134925","1":"product","2":"type-product","3":"status-publish","4":"has-post-thumbnail","6":"product_cat-cock-play","7":"product_cat-sex-toys","9":"first","10":"instock","11":"taxable","12":"shipping-taxable","13":"purchasable","14":"product-type-simple"},"acf":[],"_links":{"self":[{"href":"https:\/\/dev.poppers-online.ch\/fr\/wp-json\/wp\/v2\/product\/134925","targetHints":{"allow":["GET"]}}],"collection":[{"href":"https:\/\/dev.poppers-online.ch\/fr\/wp-json\/wp\/v2\/product"}],"about":[{"href":"https:\/\/dev.poppers-online.ch\/fr\/wp-json\/wp\/v2\/types\/product"}],"replies":[{"embeddable":true,"href":"https:\/\/dev.poppers-online.ch\/fr\/wp-json\/wp\/v2\/comments?post=134925"}],"wp:featuredmedia":[{"embeddable":true,"href":"https:\/\/dev.poppers-online.ch\/fr\/wp-json\/wp\/v2\/media\/134915"}],"wp:attachment":[{"href":"https:\/\/dev.poppers-online.ch\/fr\/wp-json\/wp\/v2\/media?parent=134925"}],"wp:term":[{"taxonomy":"product_brand","embeddable":true,"href":"https:\/\/dev.poppers-online.ch\/fr\/wp-json\/wp\/v2\/product_brand?post=134925"},{"taxonomy":"product_cat","embeddable":true,"href":"https:\/\/dev.poppers-online.ch\/fr\/wp-json\/wp\/v2\/product_cat?post=134925"},{"taxonomy":"product_tag","embeddable":true,"href":"https:\/\/dev.poppers-online.ch\/fr\/wp-json\/wp\/v2\/product_tag?post=134925"}],"curies":[{"name":"wp","href":"https:\/\/api.w.org\/{rel}","templated":true}]}}