{"id":134955,"date":"2025-10-30T14:13:41","date_gmt":"2025-10-30T13:13:41","guid":{"rendered":"https:\/\/poppers-online.ch\/produkt\/ensemble-de-dilatateurs-pour-penis-extreme-large\/"},"modified":"2025-11-04T19:08:48","modified_gmt":"2025-11-04T18:08:48","slug":"ensemble-de-dilatateurs-pour-penis-extreme-large","status":"publish","type":"product","link":"https:\/\/dev.poppers-online.ch\/fr\/produit\/ensemble-de-dilatateurs-pour-penis-extreme-large\/","title":{"rendered":"Ensemble de dilatateurs pour p\u00e9nis Extreme Large"},"content":{"rendered":"","protected":false},"excerpt":{"rendered":"<p data-start=\"91\" data-end=\"858\"><strong data-start=\"91\" data-end=\"119\">Extreme by Hidden Desire<\/strong> propose une collection unique de mat\u00e9riel pour le p\u00e9nis, sp\u00e9cialement con\u00e7ue pour tous ceux qui veulent repousser courageusement les limites du plaisir. Le <strong data-start=\"259\" data-end=\"294\">kit de dilatateurs pour p\u00e9nis Extreme Large<\/strong> est con\u00e7u pour cr\u00e9er une stimulation suppl\u00e9mentaire avec chaque protub\u00e9rance qui se glisse dans votre ur\u00e8tre. Une fois ins\u00e9r\u00e9s profond\u00e9ment, ils stimulent la prostate et procurent une sensation intense et \u00e9panouissante. Les dilatateurs p\u00e9niens peuvent \u00e9galement \u00eatre utilis\u00e9s comme stop sperme pour rendre les orgasmes encore plus intenses. Fabriqu\u00e9s en silicone 100% pur et dot\u00e9s d&rsquo;une large base pour la s\u00e9curit\u00e9 et le confort, les dilatateurs de p\u00e9nis garantissent une exp\u00e9rience excitante. Lib\u00e9rez vos fantasmes les plus fous avec le <strong data-start=\"826\" data-end=\"855\">kit de dilatateurs de p\u00e9nis Extreme<\/strong>.     <\/p>\n<p data-start=\"860\" data-end=\"942\"><strong data-start=\"860\" data-end=\"872\">Remarque :<\/strong> l&rsquo;utilisation d&rsquo;un lubrifiant st\u00e9rile est fortement recommand\u00e9e.<\/p>\n<p data-start=\"944\" data-end=\"1051\"><strong data-start=\"944\" data-end=\"960\">Longueur totale :<\/strong> 30 cm<br data-start=\"966\" data-end=\"969\"><strong data-start=\"969\" data-end=\"998\">Diam\u00e8tre d&rsquo;insertion :<\/strong> 7 mm \/ 8 mm \/ 9 mm \/ 10 mm<br data-start=\"1025\" data-end=\"1028\"><strong data-start=\"1028\" data-end=\"1041\">Mat\u00e9riau :<\/strong> silicone<\/p>\n","protected":false},"featured_media":134948,"comment_status":"open","ping_status":"closed","template":"","meta":{"_acf_changed":false,"_glsr_average":0,"_glsr_ranking":0,"_glsr_reviews":0},"product_brand":[],"product_cat":[2091,171],"product_tag":[],"class_list":{"0":"post-134955","1":"product","2":"type-product","3":"status-publish","4":"has-post-thumbnail","6":"product_cat-cock-play","7":"product_cat-sex-toys","9":"first","10":"outofstock","11":"taxable","12":"shipping-taxable","13":"purchasable","14":"product-type-simple"},"acf":[],"_links":{"self":[{"href":"https:\/\/dev.poppers-online.ch\/fr\/wp-json\/wp\/v2\/product\/134955","targetHints":{"allow":["GET"]}}],"collection":[{"href":"https:\/\/dev.poppers-online.ch\/fr\/wp-json\/wp\/v2\/product"}],"about":[{"href":"https:\/\/dev.poppers-online.ch\/fr\/wp-json\/wp\/v2\/types\/product"}],"replies":[{"embeddable":true,"href":"https:\/\/dev.poppers-online.ch\/fr\/wp-json\/wp\/v2\/comments?post=134955"}],"wp:featuredmedia":[{"embeddable":true,"href":"https:\/\/dev.poppers-online.ch\/fr\/wp-json\/wp\/v2\/media\/134948"}],"wp:attachment":[{"href":"https:\/\/dev.poppers-online.ch\/fr\/wp-json\/wp\/v2\/media?parent=134955"}],"wp:term":[{"taxonomy":"product_brand","embeddable":true,"href":"https:\/\/dev.poppers-online.ch\/fr\/wp-json\/wp\/v2\/product_brand?post=134955"},{"taxonomy":"product_cat","embeddable":true,"href":"https:\/\/dev.poppers-online.ch\/fr\/wp-json\/wp\/v2\/product_cat?post=134955"},{"taxonomy":"product_tag","embeddable":true,"href":"https:\/\/dev.poppers-online.ch\/fr\/wp-json\/wp\/v2\/product_tag?post=134955"}],"curies":[{"name":"wp","href":"https:\/\/api.w.org\/{rel}","templated":true}]}}