{"id":135038,"date":"2025-10-30T16:29:29","date_gmt":"2025-10-30T15:29:29","guid":{"rendered":"https:\/\/poppers-online.ch\/produkt\/buse-de-douche-en-silicone-fuck-fist-douche-anale-15cm\/"},"modified":"2025-11-04T19:43:27","modified_gmt":"2025-11-04T18:43:27","slug":"buse-de-douche-en-silicone-fuck-fist-douche-anale-15cm","status":"publish","type":"product","link":"https:\/\/dev.poppers-online.ch\/fr\/produit\/buse-de-douche-en-silicone-fuck-fist-douche-anale-15cm\/","title":{"rendered":"Buse de douche en silicone Fuck &amp; Fist Douche anale 15cm"},"content":{"rendered":"","protected":false},"excerpt":{"rendered":"<p data-renderer-start-pos=\"1567\">La <strong data-renderer-mark=\"true\">buse de douche anale en silicone Fuck &amp; Fist 15cm<\/strong> est une buse de lavement en silicone d&rsquo;une longueur ins\u00e9rable de 15 cm et d&rsquo;une largeur de 2 cm. Elle a une surface lisse et une forme l\u00e9g\u00e8rement flexible.<\/p>\n<p data-renderer-start-pos=\"1775\">Il se branche directement sur le tuyau de douche &#8211; parfait pour un nettoyage rapide et complet \u00e0 l&rsquo;eau fra\u00eeche.<\/p>\n<p data-renderer-start-pos=\"1906\"><strong data-renderer-mark=\"true\">Dimensions :<\/strong><\/p>\n<ul class=\"ak-ul\" data-indent-level=\"1\">\n<li>\n<p data-renderer-start-pos=\"1922\">Dimensions totales : 16,5 \u00d7 2,2 \u00d7 2,2 cm<\/p>\n<\/li>\n<li>\n<p data-renderer-start-pos=\"1964\">Longueur d&rsquo;insertion : 15 cm<\/p>\n<\/li>\n<li>\n<p data-renderer-start-pos=\"1992\">Largeur : 2 cm<\/p>\n<\/li>\n<\/ul>\n<p data-renderer-start-pos=\"2008\"><strong data-renderer-mark=\"true\">Mesures de pr\u00e9caution :<\/strong><\/p>\n<ul class=\"ak-ul\" data-indent-level=\"1\">\n<li>\n<p data-renderer-start-pos=\"2032\">Introduire la pointe avec un lubrifiant (\u00e0 base d&rsquo;eau uniquement) si n\u00e9cessaire<\/p>\n<\/li>\n<li>\n<p data-renderer-start-pos=\"2099\">Effectuer le nettoyage au moins 30 minutes avant le rapport sexuel<\/p>\n<\/li>\n<li>\n<p data-renderer-start-pos=\"2162\">Utiliser de l&rsquo;eau ti\u00e8de (pas chaude) \u00e0 basse pression<\/p>\n<\/li>\n<li>\n<p data-renderer-start-pos=\"2228\">Faites couler l&rsquo;eau dans le rectum pendant environ 5 secondes et r\u00e9p\u00e9tez jusqu&rsquo;\u00e0 ce que l&rsquo;eau qui en sort soit claire.<\/p>\n<\/li>\n<\/ul>\n","protected":false},"featured_media":135030,"comment_status":"open","ping_status":"closed","template":"","meta":{"_acf_changed":false,"_glsr_average":0,"_glsr_ranking":0,"_glsr_reviews":0},"product_brand":[],"product_cat":[2064,166],"product_tag":[],"class_list":{"0":"post-135038","1":"product","2":"type-product","3":"status-publish","4":"has-post-thumbnail","6":"product_cat-douche-anale","7":"product_cat-droguerie","9":"first","10":"instock","11":"taxable","12":"shipping-taxable","13":"purchasable","14":"product-type-simple"},"acf":[],"_links":{"self":[{"href":"https:\/\/dev.poppers-online.ch\/fr\/wp-json\/wp\/v2\/product\/135038","targetHints":{"allow":["GET"]}}],"collection":[{"href":"https:\/\/dev.poppers-online.ch\/fr\/wp-json\/wp\/v2\/product"}],"about":[{"href":"https:\/\/dev.poppers-online.ch\/fr\/wp-json\/wp\/v2\/types\/product"}],"replies":[{"embeddable":true,"href":"https:\/\/dev.poppers-online.ch\/fr\/wp-json\/wp\/v2\/comments?post=135038"}],"wp:featuredmedia":[{"embeddable":true,"href":"https:\/\/dev.poppers-online.ch\/fr\/wp-json\/wp\/v2\/media\/135030"}],"wp:attachment":[{"href":"https:\/\/dev.poppers-online.ch\/fr\/wp-json\/wp\/v2\/media?parent=135038"}],"wp:term":[{"taxonomy":"product_brand","embeddable":true,"href":"https:\/\/dev.poppers-online.ch\/fr\/wp-json\/wp\/v2\/product_brand?post=135038"},{"taxonomy":"product_cat","embeddable":true,"href":"https:\/\/dev.poppers-online.ch\/fr\/wp-json\/wp\/v2\/product_cat?post=135038"},{"taxonomy":"product_tag","embeddable":true,"href":"https:\/\/dev.poppers-online.ch\/fr\/wp-json\/wp\/v2\/product_tag?post=135038"}],"curies":[{"name":"wp","href":"https:\/\/api.w.org\/{rel}","templated":true}]}}