{"id":135058,"date":"2025-10-30T16:58:22","date_gmt":"2025-10-30T15:58:22","guid":{"rendered":"https:\/\/poppers-online.ch\/produkt\/buse-de-douche-en-silicone-fuck-fist-douche-anale-30cm\/"},"modified":"2025-11-04T19:49:16","modified_gmt":"2025-11-04T18:49:16","slug":"buse-de-douche-en-silicone-fuck-fist-douche-anale-30cm","status":"publish","type":"product","link":"https:\/\/dev.poppers-online.ch\/fr\/produit\/buse-de-douche-en-silicone-fuck-fist-douche-anale-30cm\/","title":{"rendered":"Buse de douche en silicone Fuck &amp; Fist Douche anale 30cm"},"content":{"rendered":"","protected":false},"excerpt":{"rendered":"<p data-start=\"997\" data-end=\"1209\">La <strong data-start=\"1001\" data-end=\"1050\">buse de douche anale en silicone Fuck &amp; Fist 30cm<\/strong> est une buse de lavement en silicone d&rsquo;une longueur ins\u00e9rable de 30 cm et d&rsquo;une largeur de 2 cm. Elle a une surface lisse et une forme l\u00e9g\u00e8rement flexible.<\/p>\n<p data-start=\"1211\" data-end=\"1340\">Il se branche directement sur le tuyau de douche &#8211; id\u00e9al pour un nettoyage rapide et complet \u00e0 l&rsquo;eau fra\u00eeche.<\/p>\n<p data-start=\"1342\" data-end=\"1360\"><strong data-start=\"1342\" data-end=\"1358\">Dimensions :<\/strong><\/p>\n<ul data-start=\"1361\" data-end=\"1447\">\n<li data-start=\"1361\" data-end=\"1401\">\n<p data-start=\"1363\" data-end=\"1401\">Dimensions totales : 32 \u00d7 2,2 \u00d7 2,2 cm<\/p>\n<\/li>\n<li data-start=\"1402\" data-end=\"1430\">\n<p data-start=\"1404\" data-end=\"1430\">Longueur d&rsquo;insertion : 30 cm<\/p>\n<\/li>\n<li data-start=\"1431\" data-end=\"1447\">\n<p data-start=\"1433\" data-end=\"1447\">Largeur : 2 cm<\/p>\n<\/li>\n<\/ul>\n<p data-start=\"1449\" data-end=\"1475\"><strong data-start=\"1449\" data-end=\"1473\">Mesures de pr\u00e9caution :<\/strong><\/p>\n<ul data-start=\"1476\" data-end=\"1792\">\n<li data-start=\"1476\" data-end=\"1543\">\n<p data-start=\"1478\" data-end=\"1543\">Introduire la pointe avec un lubrifiant (\u00e0 base d&rsquo;eau uniquement) si n\u00e9cessaire<\/p>\n<\/li>\n<li data-start=\"1544\" data-end=\"1607\">\n<p data-start=\"1546\" data-end=\"1607\">Effectuer le nettoyage au moins 30 minutes avant le rapport sexuel<\/p>\n<\/li>\n<li data-start=\"1608\" data-end=\"1674\">\n<p data-start=\"1610\" data-end=\"1674\">Utiliser de l&rsquo;eau ti\u00e8de (pas chaude) \u00e0 basse pression<\/p>\n<\/li>\n<li data-start=\"1675\" data-end=\"1792\">\n<p data-start=\"1677\" data-end=\"1792\">Faites couler l&rsquo;eau dans le rectum pendant environ 5 secondes et r\u00e9p\u00e9tez jusqu&rsquo;\u00e0 ce que l&rsquo;eau qui en sort soit claire.<\/p>\n<\/li>\n<\/ul>\n","protected":false},"featured_media":135051,"comment_status":"open","ping_status":"closed","template":"","meta":{"_acf_changed":false,"_glsr_average":0,"_glsr_ranking":0,"_glsr_reviews":0},"product_brand":[],"product_cat":[2064,166],"product_tag":[],"class_list":{"0":"post-135058","1":"product","2":"type-product","3":"status-publish","4":"has-post-thumbnail","6":"product_cat-douche-anale","7":"product_cat-droguerie","9":"first","10":"instock","11":"taxable","12":"shipping-taxable","13":"purchasable","14":"product-type-simple"},"acf":[],"_links":{"self":[{"href":"https:\/\/dev.poppers-online.ch\/fr\/wp-json\/wp\/v2\/product\/135058","targetHints":{"allow":["GET"]}}],"collection":[{"href":"https:\/\/dev.poppers-online.ch\/fr\/wp-json\/wp\/v2\/product"}],"about":[{"href":"https:\/\/dev.poppers-online.ch\/fr\/wp-json\/wp\/v2\/types\/product"}],"replies":[{"embeddable":true,"href":"https:\/\/dev.poppers-online.ch\/fr\/wp-json\/wp\/v2\/comments?post=135058"}],"wp:featuredmedia":[{"embeddable":true,"href":"https:\/\/dev.poppers-online.ch\/fr\/wp-json\/wp\/v2\/media\/135051"}],"wp:attachment":[{"href":"https:\/\/dev.poppers-online.ch\/fr\/wp-json\/wp\/v2\/media?parent=135058"}],"wp:term":[{"taxonomy":"product_brand","embeddable":true,"href":"https:\/\/dev.poppers-online.ch\/fr\/wp-json\/wp\/v2\/product_brand?post=135058"},{"taxonomy":"product_cat","embeddable":true,"href":"https:\/\/dev.poppers-online.ch\/fr\/wp-json\/wp\/v2\/product_cat?post=135058"},{"taxonomy":"product_tag","embeddable":true,"href":"https:\/\/dev.poppers-online.ch\/fr\/wp-json\/wp\/v2\/product_tag?post=135058"}],"curies":[{"name":"wp","href":"https:\/\/api.w.org\/{rel}","templated":true}]}}