{"id":135769,"date":"2025-11-06T14:47:47","date_gmt":"2025-11-06T13:47:47","guid":{"rendered":"https:\/\/poppers-online.ch\/produkt\/fist-powder-sachet-fuck-fist-ff-powder-6g\/"},"modified":"2025-11-07T20:27:24","modified_gmt":"2025-11-07T19:27:24","slug":"fist-powder-sachet-fuck-fist-ff-powder-6g","status":"publish","type":"product","link":"https:\/\/dev.poppers-online.ch\/fr\/produit\/fist-powder-sachet-fuck-fist-ff-powder-6g\/","title":{"rendered":"Fist Powder sachet Fuck &amp; Fist FF Powder 6g"},"content":{"rendered":"","protected":false},"excerpt":{"rendered":"<p data-start=\"292\" data-end=\"528\">La <strong data-start=\"296\" data-end=\"324\">poudre FUCK &amp; FIST FF Powder 6g<\/strong> est la version pratique en sachet de la l\u00e9gendaire poudre Fist. Avec seulement 6 grammes de poudre, vous obtenez <strong data-start=\"420\" data-end=\"439\">500 ml de gel lubrifiant<\/strong> \u00e0 la texture parfaitement lisse et efficace &#8211; inodore et <strong data-start=\"501\" data-end=\"525\">compatible avec le latex<\/strong>.<\/p>\n<p data-start=\"530\" data-end=\"627\">Id\u00e9al pour ceux qui veulent un contr\u00f4le total de la consistance de leur Lube, du liquide au solide.<\/p>\n<p data-start=\"629\" data-end=\"647\"><strong data-start=\"629\" data-end=\"645\">Pr\u00e9paration :<\/strong><\/p>\n<ul data-start=\"648\" data-end=\"936\">\n<li data-start=\"648\" data-end=\"754\">\n<p data-start=\"650\" data-end=\"754\">M\u00e9langez 6 g de poudre (1 cuill\u00e8re \u00e0 caf\u00e9) avec <strong data-start=\"680\" data-end=\"717\">250 ml d&rsquo;eau chaude bouillie<\/strong> dans le <strong data-start=\"721\" data-end=\"743\">shaker Fuck &amp; Fist<\/strong>.<\/p>\n<\/li>\n<li data-start=\"755\" data-end=\"791\">\n<p data-start=\"757\" data-end=\"791\">Secouer vigoureusement pendant 30 secondes.<\/p>\n<\/li>\n<li data-start=\"792\" data-end=\"902\">\n<p data-start=\"794\" data-end=\"902\">Ajoutez <strong data-start=\"802\" data-end=\"842\">250 ml<\/strong> suppl\u00e9mentaires <strong data-start=\"802\" data-end=\"842\">d&rsquo;eau ti\u00e8de bouillie<\/strong> et remuez ou agitez \u00e0 nouveau pendant 30 secondes.<\/p>\n<\/li>\n<li data-start=\"903\" data-end=\"936\">\n<p data-start=\"905\" data-end=\"936\"><strong data-start=\"905\" data-end=\"934\">Laisser reposer 30 minutes.<\/strong><\/p>\n<\/li>\n<\/ul>\n<p data-start=\"938\" data-end=\"982\"><strong data-start=\"938\" data-end=\"958\">Composition :<\/strong><br data-start=\"958\" data-end=\"961\">Polyethylene oxide.<\/p>\n<p data-start=\"984\" data-end=\"1010\"><strong data-start=\"984\" data-end=\"1008\">Mesures de pr\u00e9caution :<\/strong><\/p>\n<ul data-start=\"1011\" data-end=\"1545\">\n<li data-start=\"1011\" data-end=\"1083\">\n<p data-start=\"1013\" data-end=\"1083\">Conserver dans un endroit frais et sec, loin de la chaleur et des variations de temp\u00e9rature.<\/p>\n<\/li>\n<li data-start=\"1084\" data-end=\"1142\">\n<p data-start=\"1086\" data-end=\"1142\">Utiliser dans les heures qui suivent le m\u00e9lange.<\/p>\n<\/li>\n<li data-start=\"1143\" data-end=\"1185\">\n<p data-start=\"1145\" data-end=\"1185\">Conserver hors de port\u00e9e des enfants.<\/p>\n<\/li>\n<li data-start=\"1186\" data-end=\"1247\">\n<p data-start=\"1188\" data-end=\"1247\">\u00c9viter tout contact avec les yeux, la peau l\u00e9s\u00e9e ou les plaies.<\/p>\n<\/li>\n<li data-start=\"1248\" data-end=\"1332\">\n<p data-start=\"1250\" data-end=\"1332\">En cas d&rsquo;irritation, arr\u00eater imm\u00e9diatement le traitement et consulter un m\u00e9decin si les troubles persistent.<\/p>\n<\/li>\n<li data-start=\"1333\" data-end=\"1431\">\n<p data-start=\"1335\" data-end=\"1431\">Tester sur une petite zone de peau avant utilisation. Ne pas utiliser en cas de rougeur ou d&rsquo;inconfort. <\/p>\n<\/li>\n<li data-start=\"1432\" data-end=\"1520\">\n<p data-start=\"1434\" data-end=\"1520\">Ce lubrifiant n&rsquo;est <strong data-start=\"1457\" data-end=\"1483\">pas un contraceptif<\/strong> et ne contient <strong data-start=\"1497\" data-end=\"1517\">pas de spermicides<\/strong>.<\/p>\n<\/li>\n<li data-start=\"1521\" data-end=\"1545\">\n<p data-start=\"1523\" data-end=\"1545\"><strong data-start=\"1523\" data-end=\"1543\">Ne pas avaler.<\/strong><\/p>\n<\/li>\n<\/ul>\n","protected":false},"featured_media":135763,"comment_status":"open","ping_status":"closed","template":"","meta":{"_acf_changed":false,"_glsr_average":0,"_glsr_ranking":0,"_glsr_reviews":0},"product_brand":[],"product_cat":[2067,166],"product_tag":[],"class_list":{"0":"post-135769","1":"product","2":"type-product","3":"status-publish","4":"has-post-thumbnail","6":"product_cat-lubrifiant","7":"product_cat-droguerie","9":"first","10":"instock","11":"taxable","12":"shipping-taxable","13":"purchasable","14":"product-type-simple"},"acf":[],"_links":{"self":[{"href":"https:\/\/dev.poppers-online.ch\/fr\/wp-json\/wp\/v2\/product\/135769","targetHints":{"allow":["GET"]}}],"collection":[{"href":"https:\/\/dev.poppers-online.ch\/fr\/wp-json\/wp\/v2\/product"}],"about":[{"href":"https:\/\/dev.poppers-online.ch\/fr\/wp-json\/wp\/v2\/types\/product"}],"replies":[{"embeddable":true,"href":"https:\/\/dev.poppers-online.ch\/fr\/wp-json\/wp\/v2\/comments?post=135769"}],"wp:featuredmedia":[{"embeddable":true,"href":"https:\/\/dev.poppers-online.ch\/fr\/wp-json\/wp\/v2\/media\/135763"}],"wp:attachment":[{"href":"https:\/\/dev.poppers-online.ch\/fr\/wp-json\/wp\/v2\/media?parent=135769"}],"wp:term":[{"taxonomy":"product_brand","embeddable":true,"href":"https:\/\/dev.poppers-online.ch\/fr\/wp-json\/wp\/v2\/product_brand?post=135769"},{"taxonomy":"product_cat","embeddable":true,"href":"https:\/\/dev.poppers-online.ch\/fr\/wp-json\/wp\/v2\/product_cat?post=135769"},{"taxonomy":"product_tag","embeddable":true,"href":"https:\/\/dev.poppers-online.ch\/fr\/wp-json\/wp\/v2\/product_tag?post=135769"}],"curies":[{"name":"wp","href":"https:\/\/api.w.org\/{rel}","templated":true}]}}