{"id":135803,"date":"2025-11-06T16:40:07","date_gmt":"2025-11-06T15:40:07","guid":{"rendered":"https:\/\/poppers-online.ch\/produkt\/flacon-pour-gel-lubrifiant-fuck-fist-500-ml\/"},"modified":"2025-11-07T21:01:08","modified_gmt":"2025-11-07T20:01:08","slug":"flacon-pour-gel-lubrifiant-fuck-fist-500-ml","status":"publish","type":"product","link":"https:\/\/dev.poppers-online.ch\/fr\/produit\/flacon-pour-gel-lubrifiant-fuck-fist-500-ml\/","title":{"rendered":"Flacon pour gel lubrifiant Fuck &amp; Fist 500 ml"},"content":{"rendered":"","protected":false},"excerpt":{"rendered":"<p data-start=\"186\" data-end=\"270\">Compl\u00e9tez votre installation de fisting &#8211; avec la <strong data-start=\"229\" data-end=\"267\">bouteille de lubrifiant Fuck &amp; Fist 500ml<\/strong>!<\/p>\n<p data-start=\"272\" data-end=\"395\">Le <strong data-start=\"288\" data-end=\"306\">flacon de 500 ml<\/strong> de haute qualit\u00e9 est parfait pour m\u00e9langer votre propre gel lubrifiant avec la poudre Fuck &amp; Fist Powder.<\/p>\n<p data-start=\"397\" data-end=\"515\">Robuste, pratique et r\u00e9utilisable &#8211; id\u00e9al pour ceux qui veulent un contr\u00f4le total de la consistance et de la quantit\u00e9.<\/p>\n<p data-start=\"517\" data-end=\"710\"><strong data-start=\"517\" data-end=\"536\">D\u00e9tails du produit :<\/strong><br data-start=\"536\" data-end=\"539\">\u2714 Flacon pour fabriquer votre gel lubrifiant Fuck &amp; Fist<br data-start=\"593\" data-end=\"596\">\u2714 Capacit\u00e9 de 500 ml<br data-start=\"621\" data-end=\"624\">\u2714 Solide, r\u00e9utilisable et facile \u00e0 nettoyer<br data-start=\"673\" data-end=\"676\">\u2714 Parfait pour les sessions intenses.<\/p>\n","protected":false},"featured_media":135800,"comment_status":"open","ping_status":"closed","template":"","meta":{"_acf_changed":false,"_glsr_average":0,"_glsr_ranking":0,"_glsr_reviews":0},"product_brand":[],"product_cat":[2067,166],"product_tag":[],"class_list":{"0":"post-135803","1":"product","2":"type-product","3":"status-publish","4":"has-post-thumbnail","6":"product_cat-lubrifiant","7":"product_cat-droguerie","9":"first","10":"instock","11":"taxable","12":"shipping-taxable","13":"purchasable","14":"product-type-simple"},"acf":[],"_links":{"self":[{"href":"https:\/\/dev.poppers-online.ch\/fr\/wp-json\/wp\/v2\/product\/135803","targetHints":{"allow":["GET"]}}],"collection":[{"href":"https:\/\/dev.poppers-online.ch\/fr\/wp-json\/wp\/v2\/product"}],"about":[{"href":"https:\/\/dev.poppers-online.ch\/fr\/wp-json\/wp\/v2\/types\/product"}],"replies":[{"embeddable":true,"href":"https:\/\/dev.poppers-online.ch\/fr\/wp-json\/wp\/v2\/comments?post=135803"}],"wp:featuredmedia":[{"embeddable":true,"href":"https:\/\/dev.poppers-online.ch\/fr\/wp-json\/wp\/v2\/media\/135800"}],"wp:attachment":[{"href":"https:\/\/dev.poppers-online.ch\/fr\/wp-json\/wp\/v2\/media?parent=135803"}],"wp:term":[{"taxonomy":"product_brand","embeddable":true,"href":"https:\/\/dev.poppers-online.ch\/fr\/wp-json\/wp\/v2\/product_brand?post=135803"},{"taxonomy":"product_cat","embeddable":true,"href":"https:\/\/dev.poppers-online.ch\/fr\/wp-json\/wp\/v2\/product_cat?post=135803"},{"taxonomy":"product_tag","embeddable":true,"href":"https:\/\/dev.poppers-online.ch\/fr\/wp-json\/wp\/v2\/product_tag?post=135803"}],"curies":[{"name":"wp","href":"https:\/\/api.w.org\/{rel}","templated":true}]}}