{"id":137304,"date":"2025-11-20T13:30:50","date_gmt":"2025-11-20T12:30:50","guid":{"rendered":"https:\/\/poppers-online.ch\/produkt\/lubrifiant-extreme-fuck-fist-anal-250ml\/"},"modified":"2025-11-20T14:13:36","modified_gmt":"2025-11-20T13:13:36","slug":"lubrifiant-extreme-fuck-fist-anal-250ml","status":"publish","type":"product","link":"https:\/\/dev.poppers-online.ch\/fr\/produit\/lubrifiant-extreme-fuck-fist-anal-250ml\/","title":{"rendered":"Lubrifiant extr\u00eame Fuck &amp; Fist Anal 250ml"},"content":{"rendered":"","protected":false},"excerpt":{"rendered":"<p data-start=\"124\" data-end=\"515\"><strong>Fuck &amp; Fist Anal Extreme Lubricant 250ml<\/strong> est un lubrifiant \u00e0 base d&rsquo;eau enrichi en menthol pour cr\u00e9er un effet agr\u00e9ablement relaxant &#8211; id\u00e9al pour les sessions anales intenses. Sa texture \u00e9paisse, non grasse et non collante, permet des mouvements souples et contr\u00f4l\u00e9s et une lubrification de longue dur\u00e9e. <\/p>\n<p data-start=\"517\" data-end=\"541\">Compatible avec les pr\u00e9servatifs.<\/p>\n<p data-start=\"543\" data-end=\"742\"><strong>Ingr\u00e9dients :<\/strong> Aqua, Glycerin, Styrene\/Acrylates Copolymer, Phenoxyethanol, Propylene Glycol, Acrylates\/C10-30 Alkyl Acrylate Crosspolymer, Xanthan Gum, Menthol, Sodium Hydroxide, Ethylhexylglycerin.<\/p>\n<p data-start=\"744\" data-end=\"1170\"><strong>Remarques :<\/strong><br data-start=\"753\" data-end=\"756\">Conserver au frais, au sec et \u00e0 l&rsquo;abri de la lumi\u00e8re<br data-start=\"787\" data-end=\"790\">Apr\u00e8s ouverture, se conserve jusqu&rsquo;\u00e0 12 mois<br data-start=\"830\" data-end=\"833\">Tenir hors de port\u00e9e des enfants<br data-start=\"881\" data-end=\"884\">\u00c9viter tout contact avec les yeux, la peau l\u00e9s\u00e9e et les plaies<br data-start=\"939\" data-end=\"942\">En cas d&rsquo;irritation, arr\u00eater l&rsquo;utilisation et consulter un m\u00e9decin si n\u00e9cessaire<br data-start=\"998\" data-end=\"1001\">Faire un test sur une petite zone avant l&rsquo;utilisation<br data-start=\"1044\" data-end=\"1047\">Ne pas utiliser en cas de rougeurs, d&rsquo;allergies ou de malaise<br data-start=\"1102\" data-end=\"1105\">Ne pas utiliser de contraceptif, ne contient pas de spermicide<br data-start=\"1150\" data-end=\"1153\">Ne pas avaler<\/p>\n","protected":false},"featured_media":137300,"comment_status":"open","ping_status":"closed","template":"","meta":{"_acf_changed":false,"_glsr_average":0,"_glsr_ranking":0,"_glsr_reviews":0},"product_brand":[],"product_cat":[2067,166],"product_tag":[],"class_list":{"0":"post-137304","1":"product","2":"type-product","3":"status-publish","4":"has-post-thumbnail","6":"product_cat-lubrifiant","7":"product_cat-droguerie","9":"first","10":"outofstock","11":"taxable","12":"shipping-taxable","13":"purchasable","14":"product-type-simple"},"acf":[],"_links":{"self":[{"href":"https:\/\/dev.poppers-online.ch\/fr\/wp-json\/wp\/v2\/product\/137304","targetHints":{"allow":["GET"]}}],"collection":[{"href":"https:\/\/dev.poppers-online.ch\/fr\/wp-json\/wp\/v2\/product"}],"about":[{"href":"https:\/\/dev.poppers-online.ch\/fr\/wp-json\/wp\/v2\/types\/product"}],"replies":[{"embeddable":true,"href":"https:\/\/dev.poppers-online.ch\/fr\/wp-json\/wp\/v2\/comments?post=137304"}],"wp:featuredmedia":[{"embeddable":true,"href":"https:\/\/dev.poppers-online.ch\/fr\/wp-json\/wp\/v2\/media\/137300"}],"wp:attachment":[{"href":"https:\/\/dev.poppers-online.ch\/fr\/wp-json\/wp\/v2\/media?parent=137304"}],"wp:term":[{"taxonomy":"product_brand","embeddable":true,"href":"https:\/\/dev.poppers-online.ch\/fr\/wp-json\/wp\/v2\/product_brand?post=137304"},{"taxonomy":"product_cat","embeddable":true,"href":"https:\/\/dev.poppers-online.ch\/fr\/wp-json\/wp\/v2\/product_cat?post=137304"},{"taxonomy":"product_tag","embeddable":true,"href":"https:\/\/dev.poppers-online.ch\/fr\/wp-json\/wp\/v2\/product_tag?post=137304"}],"curies":[{"name":"wp","href":"https:\/\/api.w.org\/{rel}","templated":true}]}}