{"id":137319,"date":"2025-11-20T14:03:06","date_gmt":"2025-11-20T13:03:06","guid":{"rendered":"https:\/\/poppers-online.ch\/produkt\/fuck-fist-hybride-ff-lube-500ml\/"},"modified":"2025-11-20T14:29:47","modified_gmt":"2025-11-20T13:29:47","slug":"fuck-fist-hybride-ff-lube-500ml","status":"publish","type":"product","link":"https:\/\/dev.poppers-online.ch\/fr\/produit\/fuck-fist-hybride-ff-lube-500ml\/","title":{"rendered":"Fuck &amp; Fist &#8211; Hybride FF Lube 500ml"},"content":{"rendered":"","protected":false},"excerpt":{"rendered":"<p data-start=\"160\" data-end=\"814\">Les s\u00e9ances de FF n&rsquo;ont jamais \u00e9t\u00e9 aussi faciles !<br data-start=\"230\" data-end=\"233\">Le <strong data-start=\"237\" data-end=\"260\">Fuck &amp; Fist &#8211; Hybrid FF Lube 500ml<\/strong> dans son flacon g\u00e9n\u00e9reux de 500 ml est votre gel lubrifiant go-to sp\u00e9cialement con\u00e7u pour le fisting et le jeu anal intense. Gr\u00e2ce \u00e0 sa formule hybride d&rsquo;eau et de silicone, il assure une lubrification ultra-lisse et durable qui ne faiblit pas, m\u00eame pendant les sessions les plus intenses.<br data-start=\"528\" data-end=\"531\">Sa texture \u00e9paisse et cr\u00e9meuse glisse comme du beurre et reste exactement l\u00e0 o\u00f9 vous en avez besoin, sans couler. Compatible avec le latex, ce lubrifiant vous offre une s\u00e9curit\u00e9 totale et un confort maximal, quelle que soit votre profondeur. Parfait pour ceux qui savent ce qu&rsquo;ils font &#8211; ou qui veulent le d\u00e9couvrir.   <\/p>\n<p data-start=\"816\" data-end=\"954\">\u2714 Gel \u00e0 base de silicone &amp; d&rsquo;eau<br data-start=\"848\" data-end=\"851\">\u2714 Lubrifiant pour sexe anal &amp; FF-Play<br data-start=\"886\" data-end=\"889\">\u2714 Pour des heures de plaisir intense<br data-start=\"916\" data-end=\"919\">\u2714 Extr\u00eamement \u00e9conomique<br data-start=\"936\" data-end=\"939\">\u2714 Bo\u00eete de 500 ml<\/p>\n","protected":false},"featured_media":137315,"comment_status":"open","ping_status":"closed","template":"","meta":{"_acf_changed":false,"_glsr_average":0,"_glsr_ranking":0,"_glsr_reviews":0},"product_brand":[],"product_cat":[2067,166],"product_tag":[],"class_list":{"0":"post-137319","1":"product","2":"type-product","3":"status-publish","4":"has-post-thumbnail","6":"product_cat-lubrifiant","7":"product_cat-droguerie","9":"first","10":"outofstock","11":"taxable","12":"shipping-taxable","13":"purchasable","14":"product-type-simple"},"acf":[],"_links":{"self":[{"href":"https:\/\/dev.poppers-online.ch\/fr\/wp-json\/wp\/v2\/product\/137319","targetHints":{"allow":["GET"]}}],"collection":[{"href":"https:\/\/dev.poppers-online.ch\/fr\/wp-json\/wp\/v2\/product"}],"about":[{"href":"https:\/\/dev.poppers-online.ch\/fr\/wp-json\/wp\/v2\/types\/product"}],"replies":[{"embeddable":true,"href":"https:\/\/dev.poppers-online.ch\/fr\/wp-json\/wp\/v2\/comments?post=137319"}],"wp:featuredmedia":[{"embeddable":true,"href":"https:\/\/dev.poppers-online.ch\/fr\/wp-json\/wp\/v2\/media\/137315"}],"wp:attachment":[{"href":"https:\/\/dev.poppers-online.ch\/fr\/wp-json\/wp\/v2\/media?parent=137319"}],"wp:term":[{"taxonomy":"product_brand","embeddable":true,"href":"https:\/\/dev.poppers-online.ch\/fr\/wp-json\/wp\/v2\/product_brand?post=137319"},{"taxonomy":"product_cat","embeddable":true,"href":"https:\/\/dev.poppers-online.ch\/fr\/wp-json\/wp\/v2\/product_cat?post=137319"},{"taxonomy":"product_tag","embeddable":true,"href":"https:\/\/dev.poppers-online.ch\/fr\/wp-json\/wp\/v2\/product_tag?post=137319"}],"curies":[{"name":"wp","href":"https:\/\/api.w.org\/{rel}","templated":true}]}}